{"id":5012,"date":"2017-01-20T18:57:05","date_gmt":"2017-01-20T17:57:05","guid":{"rendered":"https:\/\/www.ch-open.ch\/ueber-ch-open\/statuten\/"},"modified":"2022-03-15T15:45:50","modified_gmt":"2022-03-15T14:45:50","slug":"statuten","status":"publish","type":"page","link":"https:\/\/www.ch-open.ch\/en\/ueber-ch-open\/statuten\/","title":{"rendered":"Statuten"},"content":{"rendered":"\n<h1>\n\t\tStatuten\n\t<\/h1>\n\t<ol>\n<li><strong>Name<\/strong><br \/>\nCH Open ist ein Verein im Sinne von Art. 60-79 ZGB mit Sitz in Bern.<\/li>\n<li><strong>Zweck<\/strong><br \/>\nZweck des Vereins ist die Erhaltung und Verbreitung von offenen Systemen, Normen und Daten in der Schweiz. Damit leistet CH Open einen Beitrag zur Erhaltung von digitalen Kulturg\u00fctern in der Schweiz und f\u00f6rdert die nachhaltige Entwicklung im digitalen Bereich.<br \/>\nDer Verein hat keinen kommerziellen Zweck.<\/li>\n<li><strong>Mitgliedschaft<\/strong><br \/>\nMitglieder des Vereins k\u00f6nnen nat\u00fcrliche und juristische Personen werden. Die Arten der Mitgliedschaft und damit verbundenen Konditionen &#8211; unter anderem Mitgliederbeitr\u00e4ge und Stimmrechte &#8211; werden durch den Vorstand ausgearbeitet und durch die Mitgliederversammlung verabschiedet. Es bestehen folgende Mitgliedschaftskategorien: Einzel-Mitgliedschaft, Einzel-Mitgliedschaft f\u00fcr Personen in Ausbildung, Kollektiv-Mitgliedschaft , Premium-Mitgliedschaft. \u00dcber die Leistungen gibt das Beitragsreglement Auskunft. Der Vorstand beschliesst \u00fcber Aufnahme und Ausschluss eines Mitglieds. Dieser Beschluss kann innert Monatsfrist beim Vorstand zuhanden der Mitgliederversammlung angefochten werden. Der Austritt ist dem Vorstand einen Monat im Voraus schriftlich mitzuteilen. Erfolgt der Austritt nicht auf Ende eines Kalenderjahres, dann wird der Mitgliederbeitrag f\u00fcr das laufende Jahr nicht zur\u00fcckerstattet respektive er gilt als geschuldet. Ausgetretene oder ausgeschlossene Mitglieder verlieren mit der Beendigung der Mitgliedschaft alle mit der Mitgliedschaft erworbenen Rechte sowie jeden Anspruch auf das Vereinsverm\u00f6gen. Die Rechte der Mitglieder bestehen im Stimm- und Wahlrecht bei Abstimmungen.<br \/>\nDie Mitglieder sind gehalten, aktiv am Vereinsleben teilzunehmen und die Ziele des Vereins zu unterst\u00fctzen.<\/li>\n<li><strong>Mitgliedschaft bei anderen Organisationen<\/strong><br \/>\nDer Verein kann Mitglied bei anderen Organisationen werden, die \u00e4hnliche Ziele verfolgen.<\/li>\n<li><strong>Organisation<\/strong><br \/>\nDie Organe des Vereins sind\n<ol>\n<li>die Mitgliederversammlung<\/li>\n<li>der Vorstand<\/li>\n<\/ol>\n<\/li>\n<li><strong>Gesch\u00e4ftsjahr<\/strong><br \/>\nDas Gesch\u00e4ftsjahr f\u00e4llt mit dem Kalenderjahr zusammen.<\/li>\n<li><strong>Mitgliederversammlung<\/strong><br \/>\nDie Mitgliederversammlung wird vom Vorstand mindestens einmal im Jahr einberufen. Jedes Mitglied hat das Recht, jederzeit Vorschl\u00e4ge f\u00fcr die Traktandenliste zu machen. Vorschl\u00e4ge, welche vor dem Versand der Einladung zur Mitgliederversammlung beim Vorstand eintreffen, werden behandelt. Die Einladung zur Versammlung hat unter Bekanntgabe der Traktandenliste wenigstens 14 Tage vor dem angesetzten Termin zu erfolgen. Die Mitgliederversammlung fasst Beschl\u00fcsse mit einfachem Mehr der abgegebenen Stimmen.<br \/>\nDer Vorstand kann zus\u00e4tzlich zur Mitgliederversammlung eine briefliche oder elektronische Abstimmung zulassen. Diese Stimmen sind vorg\u00e4ngig zur Mitgliederversammlung abzugeben. Der Vorstand beschliesst \u00fcber die Vorgehensweise einer solchen Stimmabgabe.<\/li>\n<li><strong>Der Vorstand<\/strong><br \/>\nDas Pr\u00e4sidium sowie die \u00fcbrigen Vorstandsmitglieder werden von der Mitgliederversammlung gew\u00e4hlt. Die Amtszeit betr\u00e4gt ein Jahr, die Wiederwahl ist m\u00f6glich. Der Vorstand besteht mindestens aus dem Pr\u00e4sidium und dem Finanzvorstand. Der Vorstand konstituiert sich im \u00dcbrigen selbst. Er fasst seine Beschl\u00fcsse mit einfachem Mehr. Bei Stimmengleichheit kommt dem Pr\u00e4sidium der Stichentscheid zu.<\/li>\n<li><strong>Revision<\/strong><br \/>\nDie Jahresrechnung wird einer zertifizierten Revisionsstelle zur Durchsicht und Teilpr\u00fcfung zugestellt. Diese erstattet hier\u00fcber schriftlich Bericht zuhanden der Mitglieder. Sie wird durch die Mitgliederversammlung f\u00fcr die Dauer von einem Jahr gew\u00e4hlt.<\/li>\n<li><strong>Statuten\u00e4nderungen<\/strong><br \/>\nDie Statuten k\u00f6nnen von der Mitgliederversammlung mit Zweidrittelmehrheit der abgegebenen Stimmen ge\u00e4ndert werden.<\/li>\n<li><strong>Aufl\u00f6sung des Vereins<\/strong><br \/>\n\u00dcber die Aufl\u00f6sung des Vereins sowie die Verwendung des Vereinsverm\u00f6gens beschliesst die Mitgliederversammlung mit Zweidrittelmehrheit der abgegebenen Stimmen. Bei Aufl\u00f6sung des Vereins wird das nach Liquidation der Verbindlichkeiten verbleibende Vereinsverm\u00f6gen einer gemeinn\u00fctzigen Institution mit \u00e4hnlichem Zweck gespendet.<\/li>\n<li><strong>Schlussbestimmungen<\/strong><br \/>\nDiese Statuten ersetzen alle fr\u00fcheren Versionen und treten am 1. Dezember 2021 in Kraft.<\/li>\n<\/ol>\n<p>&nbsp;<\/p>\n<h2>\n\t\tHaben wir Ihr Interesse geweckt?\n\t<\/h2>\n\t<p>Wir freuen uns auf Ihre Kontaktaufname!<\/p>\n\t\t\t<a href=\"mailto:info@ch-open.ch\" target=\"_blank\" role=\"button\" rel=\"noopener\">\n\t\t\t\t\t\tNehmen Sie mit uns Kontakt auf!\n\t\t\t\t\t<\/a>\n\n","protected":false},"excerpt":{"rendered":"<p>Statuten Name CH Open ist ein Verein im Sinne von Art. 60-79 ZGB mit Sitz in Bern. Zweck Zweck des Vereins ist die Erhaltung und Verbreitung von offenen Systemen, Normen und Daten in der Schweiz. Damit leistet CH Open einen Beitrag zur Erhaltung von digitalen Kulturg\u00fctern in der Schweiz und f\u00f6rdert die nachhaltige Entwicklung im&hellip;<\/p>\n","protected":false},"author":1,"featured_media":0,"parent":4974,"menu_order":0,"comment_status":"closed","ping_status":"closed","template":"","meta":{"_acf_changed":false,"footnotes":""},"class_list":["post-5012","page","type-page","status-publish","hentry"],"acf":[],"yoast_head":"<!-- This site is optimized with the Yoast SEO Premium plugin v22.2 (Yoast SEO v27.3) - https:\/\/yoast.com\/product\/yoast-seo-premium-wordpress\/ -->\n<title>Statuten &#060; CH Open<\/title>\n<meta name=\"robots\" content=\"index, follow, max-snippet:-1, max-image-preview:large, max-video-preview:-1\" \/>\n<link rel=\"canonical\" href=\"https:\/\/www.ch-open.ch\/en\/ueber-ch-open\/statuten\/\" \/>\n<meta property=\"og:locale\" content=\"en_US\" \/>\n<meta property=\"og:type\" content=\"article\" \/>\n<meta property=\"og:title\" content=\"Statuten\" \/>\n<meta property=\"og:description\" content=\"Statuten Name CH Open ist ein Verein im Sinne von Art. 60-79 ZGB mit Sitz in Bern. Zweck Zweck des Vereins ist die Erhaltung und Verbreitung von offenen Systemen, Normen und Daten in der Schweiz. Damit leistet CH Open einen Beitrag zur Erhaltung von digitalen Kulturg\u00fctern in der Schweiz und f\u00f6rdert die nachhaltige Entwicklung im&hellip;\" \/>\n<meta property=\"og:url\" content=\"https:\/\/www.ch-open.ch\/en\/ueber-ch-open\/statuten\/\" \/>\n<meta property=\"og:site_name\" content=\"CH Open\" \/>\n<meta property=\"article:modified_time\" content=\"2022-03-15T14:45:50+00:00\" \/>\n<meta name=\"twitter:card\" content=\"summary_large_image\" \/>\n<meta name=\"twitter:site\" content=\"@ch_open\" \/>\n<meta name=\"twitter:label1\" content=\"Est. reading time\" \/>\n\t<meta name=\"twitter:data1\" content=\"3 minutes\" \/>\n<script type=\"application\/ld+json\" class=\"yoast-schema-graph\">{\"@context\":\"https:\\\/\\\/schema.org\",\"@graph\":[{\"@type\":\"WebPage\",\"@id\":\"https:\\\/\\\/www.ch-open.ch\\\/en\\\/ueber-ch-open\\\/statuten\\\/\",\"url\":\"https:\\\/\\\/www.ch-open.ch\\\/en\\\/ueber-ch-open\\\/statuten\\\/\",\"name\":\"Statuten &#060; CH Open\",\"isPartOf\":{\"@id\":\"https:\\\/\\\/www.ch-open.ch\\\/#website\"},\"datePublished\":\"2017-01-20T17:57:05+00:00\",\"dateModified\":\"2022-03-15T14:45:50+00:00\",\"breadcrumb\":{\"@id\":\"https:\\\/\\\/www.ch-open.ch\\\/en\\\/ueber-ch-open\\\/statuten\\\/#breadcrumb\"},\"inLanguage\":\"en-US\",\"potentialAction\":[{\"@type\":\"ReadAction\",\"target\":[\"https:\\\/\\\/www.ch-open.ch\\\/en\\\/ueber-ch-open\\\/statuten\\\/\"]}]},{\"@type\":\"BreadcrumbList\",\"@id\":\"https:\\\/\\\/www.ch-open.ch\\\/en\\\/ueber-ch-open\\\/statuten\\\/#breadcrumb\",\"itemListElement\":[{\"@type\":\"ListItem\",\"position\":1,\"name\":\"Home\",\"item\":\"https:\\\/\\\/www.ch-open.ch\\\/en\\\/\"},{\"@type\":\"ListItem\",\"position\":2,\"name\":\"About CH Open\",\"item\":\"https:\\\/\\\/www.ch-open.ch\\\/en\\\/ueber-ch-open\\\/\"},{\"@type\":\"ListItem\",\"position\":3,\"name\":\"Statuten\"}]},{\"@type\":\"WebSite\",\"@id\":\"https:\\\/\\\/www.ch-open.ch\\\/#website\",\"url\":\"https:\\\/\\\/www.ch-open.ch\\\/\",\"name\":\"CH Open\",\"description\":\"Verein CH Open\",\"publisher\":{\"@id\":\"https:\\\/\\\/www.ch-open.ch\\\/#organization\"},\"potentialAction\":[{\"@type\":\"SearchAction\",\"target\":{\"@type\":\"EntryPoint\",\"urlTemplate\":\"https:\\\/\\\/www.ch-open.ch\\\/?s={search_term_string}\"},\"query-input\":{\"@type\":\"PropertyValueSpecification\",\"valueRequired\":true,\"valueName\":\"search_term_string\"}}],\"inLanguage\":\"en-US\"},{\"@type\":\"Organization\",\"@id\":\"https:\\\/\\\/www.ch-open.ch\\\/#organization\",\"name\":\"CH Open\",\"url\":\"https:\\\/\\\/www.ch-open.ch\\\/\",\"logo\":{\"@type\":\"ImageObject\",\"inLanguage\":\"en-US\",\"@id\":\"https:\\\/\\\/www.ch-open.ch\\\/#\\\/schema\\\/logo\\\/image\\\/\",\"url\":\"https:\\\/\\\/www.ch-open.ch\\\/wp-content\\\/uploads\\\/2017\\\/03\\\/CHOpen_Logo_700.png\",\"contentUrl\":\"https:\\\/\\\/www.ch-open.ch\\\/wp-content\\\/uploads\\\/2017\\\/03\\\/CHOpen_Logo_700.png\",\"width\":700,\"height\":256,\"caption\":\"CH Open\"},\"image\":{\"@id\":\"https:\\\/\\\/www.ch-open.ch\\\/#\\\/schema\\\/logo\\\/image\\\/\"},\"sameAs\":[\"https:\\\/\\\/x.com\\\/ch_open\",\"https:\\\/\\\/www.youtube.com\\\/user\\\/openexpo\"]}]}<\/script>\n<!-- \/ Yoast SEO Premium plugin. -->","yoast_head_json":{"title":"Statuten &#060; CH Open","robots":{"index":"index","follow":"follow","max-snippet":"max-snippet:-1","max-image-preview":"max-image-preview:large","max-video-preview":"max-video-preview:-1"},"canonical":"https:\/\/www.ch-open.ch\/en\/ueber-ch-open\/statuten\/","og_locale":"en_US","og_type":"article","og_title":"Statuten","og_description":"Statuten Name CH Open ist ein Verein im Sinne von Art. 60-79 ZGB mit Sitz in Bern. Zweck Zweck des Vereins ist die Erhaltung und Verbreitung von offenen Systemen, Normen und Daten in der Schweiz. Damit leistet CH Open einen Beitrag zur Erhaltung von digitalen Kulturg\u00fctern in der Schweiz und f\u00f6rdert die nachhaltige Entwicklung im&hellip;","og_url":"https:\/\/www.ch-open.ch\/en\/ueber-ch-open\/statuten\/","og_site_name":"CH Open","article_modified_time":"2022-03-15T14:45:50+00:00","twitter_card":"summary_large_image","twitter_site":"@ch_open","twitter_misc":{"Est. reading time":"3 minutes"},"schema":{"@context":"https:\/\/schema.org","@graph":[{"@type":"WebPage","@id":"https:\/\/www.ch-open.ch\/en\/ueber-ch-open\/statuten\/","url":"https:\/\/www.ch-open.ch\/en\/ueber-ch-open\/statuten\/","name":"Statuten &#060; CH Open","isPartOf":{"@id":"https:\/\/www.ch-open.ch\/#website"},"datePublished":"2017-01-20T17:57:05+00:00","dateModified":"2022-03-15T14:45:50+00:00","breadcrumb":{"@id":"https:\/\/www.ch-open.ch\/en\/ueber-ch-open\/statuten\/#breadcrumb"},"inLanguage":"en-US","potentialAction":[{"@type":"ReadAction","target":["https:\/\/www.ch-open.ch\/en\/ueber-ch-open\/statuten\/"]}]},{"@type":"BreadcrumbList","@id":"https:\/\/www.ch-open.ch\/en\/ueber-ch-open\/statuten\/#breadcrumb","itemListElement":[{"@type":"ListItem","position":1,"name":"Home","item":"https:\/\/www.ch-open.ch\/en\/"},{"@type":"ListItem","position":2,"name":"About CH Open","item":"https:\/\/www.ch-open.ch\/en\/ueber-ch-open\/"},{"@type":"ListItem","position":3,"name":"Statuten"}]},{"@type":"WebSite","@id":"https:\/\/www.ch-open.ch\/#website","url":"https:\/\/www.ch-open.ch\/","name":"CH Open","description":"Verein CH Open","publisher":{"@id":"https:\/\/www.ch-open.ch\/#organization"},"potentialAction":[{"@type":"SearchAction","target":{"@type":"EntryPoint","urlTemplate":"https:\/\/www.ch-open.ch\/?s={search_term_string}"},"query-input":{"@type":"PropertyValueSpecification","valueRequired":true,"valueName":"search_term_string"}}],"inLanguage":"en-US"},{"@type":"Organization","@id":"https:\/\/www.ch-open.ch\/#organization","name":"CH Open","url":"https:\/\/www.ch-open.ch\/","logo":{"@type":"ImageObject","inLanguage":"en-US","@id":"https:\/\/www.ch-open.ch\/#\/schema\/logo\/image\/","url":"https:\/\/www.ch-open.ch\/wp-content\/uploads\/2017\/03\/CHOpen_Logo_700.png","contentUrl":"https:\/\/www.ch-open.ch\/wp-content\/uploads\/2017\/03\/CHOpen_Logo_700.png","width":700,"height":256,"caption":"CH Open"},"image":{"@id":"https:\/\/www.ch-open.ch\/#\/schema\/logo\/image\/"},"sameAs":["https:\/\/x.com\/ch_open","https:\/\/www.youtube.com\/user\/openexpo"]}]}},"_links":{"self":[{"href":"https:\/\/www.ch-open.ch\/en\/wp-json\/wp\/v2\/pages\/5012","targetHints":{"allow":["GET"]}}],"collection":[{"href":"https:\/\/www.ch-open.ch\/en\/wp-json\/wp\/v2\/pages"}],"about":[{"href":"https:\/\/www.ch-open.ch\/en\/wp-json\/wp\/v2\/types\/page"}],"author":[{"embeddable":true,"href":"https:\/\/www.ch-open.ch\/en\/wp-json\/wp\/v2\/users\/1"}],"replies":[{"embeddable":true,"href":"https:\/\/www.ch-open.ch\/en\/wp-json\/wp\/v2\/comments?post=5012"}],"version-history":[{"count":3,"href":"https:\/\/www.ch-open.ch\/en\/wp-json\/wp\/v2\/pages\/5012\/revisions"}],"predecessor-version":[{"id":11747,"href":"https:\/\/www.ch-open.ch\/en\/wp-json\/wp\/v2\/pages\/5012\/revisions\/11747"}],"up":[{"embeddable":true,"href":"https:\/\/www.ch-open.ch\/en\/wp-json\/wp\/v2\/pages\/4974"}],"wp:attachment":[{"href":"https:\/\/www.ch-open.ch\/en\/wp-json\/wp\/v2\/media?parent=5012"}],"curies":[{"name":"wp","href":"https:\/\/api.w.org\/{rel}","templated":true}]}}