{"id":5139,"date":"2019-03-15T09:41:22","date_gmt":"2019-03-15T08:41:22","guid":{"rendered":"https:\/\/www.ch-open.ch\/open-business-apero\/"},"modified":"2019-03-15T11:51:20","modified_gmt":"2019-03-15T10:51:20","slug":"open-business-apero","status":"publish","type":"page","link":"https:\/\/www.ch-open.ch\/en\/open-business-apero\/","title":{"rendered":"CH Open Business Ap\u00e9ro"},"content":{"rendered":"<h1>\n\t\tCH OPEN BUSINESS AP\u00c9RO\n\t<\/h1>\n\t<p>Recevez les derni\u00e8res nouvelles sur l&#8217;Open Source autour d&#8217;un verre de vin ou de bi\u00e8re &#8211; \u00e0 l&#8217; Open Business Ap\u00e9ro, nous discuterons de sujets passionnants li\u00e9s \u00e0 l&#8217;Open Source. Vous \u00eates cordialement invit\u00e9s \u00e0 participer sans engagement.<\/p>\n<p>L&#8217; Ap\u00e9ro a lieu environ tous les deux mois et dans une atmosph\u00e8re d\u00e9tendue avec un verre de vin ou une bi\u00e8re \u00e0 Zurich.<\/p>\n<p>Souhaitez-vous \u00eatre inform\u00e9 du prochain \u00e9v\u00e9nement? Abonnez-vous \u00e0 la <a href=\"https:\/\/www.ch-open.ch\/fr\/sur-ch-open\/newsletter\/\">newsletter<\/a>.<\/p>\n\t\t\t<a href=\"https:\/\/www.ch-open.ch\/ch-open-business-events\/ch-open-business-apero-uebersicht\/\" target=\"_self\" role=\"button\" rel=\"noopener noreferrer\">\n\t\t\t\t\t\t\tVoir les OBA pr\u00e9vus\n\t\t\t\t\t<\/a>\n","protected":false},"excerpt":{"rendered":"<p>CH OPEN BUSINESS AP\u00c9RO Recevez les derni\u00e8res nouvelles sur l&#8217;Open Source autour d&#8217;un verre de vin ou de bi\u00e8re &#8211; \u00e0 l&#8217; Open Business Ap\u00e9ro, nous discuterons de sujets passionnants li\u00e9s \u00e0 l&#8217;Open Source. Vous \u00eates cordialement invit\u00e9s \u00e0 participer sans engagement. L&#8217; Ap\u00e9ro a lieu environ tous les deux mois et dans une atmosph\u00e8re&hellip;<\/p>\n","protected":false},"author":14,"featured_media":0,"parent":0,"menu_order":0,"comment_status":"closed","ping_status":"closed","template":"","meta":{"_acf_changed":false,"footnotes":""},"class_list":["post-5139","page","type-page","status-publish","hentry"],"acf":[],"yoast_head":"<!-- This site is optimized with the Yoast SEO Premium plugin v22.2 (Yoast SEO v27.3) - https:\/\/yoast.com\/product\/yoast-seo-premium-wordpress\/ -->\n<title>CH Open Business Ap\u00e9ro &#060; CH Open<\/title>\n<meta name=\"robots\" content=\"index, follow, max-snippet:-1, max-image-preview:large, max-video-preview:-1\" \/>\n<link rel=\"canonical\" href=\"https:\/\/www.ch-open.ch\/en\/open-business-apero\/\" \/>\n<meta property=\"og:locale\" content=\"en_US\" \/>\n<meta property=\"og:type\" content=\"article\" \/>\n<meta property=\"og:title\" content=\"CH Open Business Ap\u00e9ro\" \/>\n<meta property=\"og:description\" content=\"CH OPEN BUSINESS AP\u00c9RO Recevez les derni\u00e8res nouvelles sur l&#8217;Open Source autour d&#8217;un verre de vin ou de bi\u00e8re &#8211; \u00e0 l&#8217; Open Business Ap\u00e9ro, nous discuterons de sujets passionnants li\u00e9s \u00e0 l&#8217;Open Source. Vous \u00eates cordialement invit\u00e9s \u00e0 participer sans engagement. L&#8217; Ap\u00e9ro a lieu environ tous les deux mois et dans une atmosph\u00e8re&hellip;\" \/>\n<meta property=\"og:url\" content=\"https:\/\/www.ch-open.ch\/en\/open-business-apero\/\" \/>\n<meta property=\"og:site_name\" content=\"CH Open\" \/>\n<meta property=\"article:modified_time\" content=\"2019-03-15T10:51:20+00:00\" \/>\n<meta name=\"twitter:card\" content=\"summary_large_image\" \/>\n<meta name=\"twitter:site\" content=\"@ch_open\" \/>\n<script type=\"application\/ld+json\" class=\"yoast-schema-graph\">{\"@context\":\"https:\\\/\\\/schema.org\",\"@graph\":[{\"@type\":\"WebPage\",\"@id\":\"https:\\\/\\\/www.ch-open.ch\\\/en\\\/open-business-apero\\\/\",\"url\":\"https:\\\/\\\/www.ch-open.ch\\\/en\\\/open-business-apero\\\/\",\"name\":\"CH Open Business Ap\u00e9ro &#060; CH Open\",\"isPartOf\":{\"@id\":\"https:\\\/\\\/www.ch-open.ch\\\/#website\"},\"datePublished\":\"2019-03-15T08:41:22+00:00\",\"dateModified\":\"2019-03-15T10:51:20+00:00\",\"breadcrumb\":{\"@id\":\"https:\\\/\\\/www.ch-open.ch\\\/en\\\/open-business-apero\\\/#breadcrumb\"},\"inLanguage\":\"en-US\",\"potentialAction\":[{\"@type\":\"ReadAction\",\"target\":[\"https:\\\/\\\/www.ch-open.ch\\\/en\\\/open-business-apero\\\/\"]}]},{\"@type\":\"BreadcrumbList\",\"@id\":\"https:\\\/\\\/www.ch-open.ch\\\/en\\\/open-business-apero\\\/#breadcrumb\",\"itemListElement\":[{\"@type\":\"ListItem\",\"position\":1,\"name\":\"Home\",\"item\":\"https:\\\/\\\/www.ch-open.ch\\\/en\\\/\"},{\"@type\":\"ListItem\",\"position\":2,\"name\":\"CH Open Business Ap\u00e9ro\"}]},{\"@type\":\"WebSite\",\"@id\":\"https:\\\/\\\/www.ch-open.ch\\\/#website\",\"url\":\"https:\\\/\\\/www.ch-open.ch\\\/\",\"name\":\"CH Open\",\"description\":\"Verein CH Open\",\"publisher\":{\"@id\":\"https:\\\/\\\/www.ch-open.ch\\\/#organization\"},\"potentialAction\":[{\"@type\":\"SearchAction\",\"target\":{\"@type\":\"EntryPoint\",\"urlTemplate\":\"https:\\\/\\\/www.ch-open.ch\\\/?s={search_term_string}\"},\"query-input\":{\"@type\":\"PropertyValueSpecification\",\"valueRequired\":true,\"valueName\":\"search_term_string\"}}],\"inLanguage\":\"en-US\"},{\"@type\":\"Organization\",\"@id\":\"https:\\\/\\\/www.ch-open.ch\\\/#organization\",\"name\":\"CH Open\",\"url\":\"https:\\\/\\\/www.ch-open.ch\\\/\",\"logo\":{\"@type\":\"ImageObject\",\"inLanguage\":\"en-US\",\"@id\":\"https:\\\/\\\/www.ch-open.ch\\\/#\\\/schema\\\/logo\\\/image\\\/\",\"url\":\"https:\\\/\\\/www.ch-open.ch\\\/wp-content\\\/uploads\\\/2017\\\/03\\\/CHOpen_Logo_700.png\",\"contentUrl\":\"https:\\\/\\\/www.ch-open.ch\\\/wp-content\\\/uploads\\\/2017\\\/03\\\/CHOpen_Logo_700.png\",\"width\":700,\"height\":256,\"caption\":\"CH Open\"},\"image\":{\"@id\":\"https:\\\/\\\/www.ch-open.ch\\\/#\\\/schema\\\/logo\\\/image\\\/\"},\"sameAs\":[\"https:\\\/\\\/x.com\\\/ch_open\",\"https:\\\/\\\/www.youtube.com\\\/user\\\/openexpo\"]}]}<\/script>\n<!-- \/ Yoast SEO Premium plugin. -->","yoast_head_json":{"title":"CH Open Business Ap\u00e9ro &#060; CH Open","robots":{"index":"index","follow":"follow","max-snippet":"max-snippet:-1","max-image-preview":"max-image-preview:large","max-video-preview":"max-video-preview:-1"},"canonical":"https:\/\/www.ch-open.ch\/en\/open-business-apero\/","og_locale":"en_US","og_type":"article","og_title":"CH Open Business Ap\u00e9ro","og_description":"CH OPEN BUSINESS AP\u00c9RO Recevez les derni\u00e8res nouvelles sur l&#8217;Open Source autour d&#8217;un verre de vin ou de bi\u00e8re &#8211; \u00e0 l&#8217; Open Business Ap\u00e9ro, nous discuterons de sujets passionnants li\u00e9s \u00e0 l&#8217;Open Source. Vous \u00eates cordialement invit\u00e9s \u00e0 participer sans engagement. L&#8217; Ap\u00e9ro a lieu environ tous les deux mois et dans une atmosph\u00e8re&hellip;","og_url":"https:\/\/www.ch-open.ch\/en\/open-business-apero\/","og_site_name":"CH Open","article_modified_time":"2019-03-15T10:51:20+00:00","twitter_card":"summary_large_image","twitter_site":"@ch_open","schema":{"@context":"https:\/\/schema.org","@graph":[{"@type":"WebPage","@id":"https:\/\/www.ch-open.ch\/en\/open-business-apero\/","url":"https:\/\/www.ch-open.ch\/en\/open-business-apero\/","name":"CH Open Business Ap\u00e9ro &#060; CH Open","isPartOf":{"@id":"https:\/\/www.ch-open.ch\/#website"},"datePublished":"2019-03-15T08:41:22+00:00","dateModified":"2019-03-15T10:51:20+00:00","breadcrumb":{"@id":"https:\/\/www.ch-open.ch\/en\/open-business-apero\/#breadcrumb"},"inLanguage":"en-US","potentialAction":[{"@type":"ReadAction","target":["https:\/\/www.ch-open.ch\/en\/open-business-apero\/"]}]},{"@type":"BreadcrumbList","@id":"https:\/\/www.ch-open.ch\/en\/open-business-apero\/#breadcrumb","itemListElement":[{"@type":"ListItem","position":1,"name":"Home","item":"https:\/\/www.ch-open.ch\/en\/"},{"@type":"ListItem","position":2,"name":"CH Open Business Ap\u00e9ro"}]},{"@type":"WebSite","@id":"https:\/\/www.ch-open.ch\/#website","url":"https:\/\/www.ch-open.ch\/","name":"CH Open","description":"Verein CH Open","publisher":{"@id":"https:\/\/www.ch-open.ch\/#organization"},"potentialAction":[{"@type":"SearchAction","target":{"@type":"EntryPoint","urlTemplate":"https:\/\/www.ch-open.ch\/?s={search_term_string}"},"query-input":{"@type":"PropertyValueSpecification","valueRequired":true,"valueName":"search_term_string"}}],"inLanguage":"en-US"},{"@type":"Organization","@id":"https:\/\/www.ch-open.ch\/#organization","name":"CH Open","url":"https:\/\/www.ch-open.ch\/","logo":{"@type":"ImageObject","inLanguage":"en-US","@id":"https:\/\/www.ch-open.ch\/#\/schema\/logo\/image\/","url":"https:\/\/www.ch-open.ch\/wp-content\/uploads\/2017\/03\/CHOpen_Logo_700.png","contentUrl":"https:\/\/www.ch-open.ch\/wp-content\/uploads\/2017\/03\/CHOpen_Logo_700.png","width":700,"height":256,"caption":"CH Open"},"image":{"@id":"https:\/\/www.ch-open.ch\/#\/schema\/logo\/image\/"},"sameAs":["https:\/\/x.com\/ch_open","https:\/\/www.youtube.com\/user\/openexpo"]}]}},"_links":{"self":[{"href":"https:\/\/www.ch-open.ch\/en\/wp-json\/wp\/v2\/pages\/5139","targetHints":{"allow":["GET"]}}],"collection":[{"href":"https:\/\/www.ch-open.ch\/en\/wp-json\/wp\/v2\/pages"}],"about":[{"href":"https:\/\/www.ch-open.ch\/en\/wp-json\/wp\/v2\/types\/page"}],"author":[{"embeddable":true,"href":"https:\/\/www.ch-open.ch\/en\/wp-json\/wp\/v2\/users\/14"}],"replies":[{"embeddable":true,"href":"https:\/\/www.ch-open.ch\/en\/wp-json\/wp\/v2\/comments?post=5139"}],"version-history":[{"count":0,"href":"https:\/\/www.ch-open.ch\/en\/wp-json\/wp\/v2\/pages\/5139\/revisions"}],"wp:attachment":[{"href":"https:\/\/www.ch-open.ch\/en\/wp-json\/wp\/v2\/media?parent=5139"}],"curies":[{"name":"wp","href":"https:\/\/api.w.org\/{rel}","templated":true}]}}