{"id":5325,"date":"2020-03-31T11:34:06","date_gmt":"2020-03-31T09:34:06","guid":{"rendered":"https:\/\/www.ch-open.ch\/?page_id=5325"},"modified":"2020-03-31T17:33:55","modified_gmt":"2020-03-31T15:33:55","slug":"shop","status":"publish","type":"page","link":"https:\/\/www.ch-open.ch\/en\/ueber-ch-open\/shop\/","title":{"rendered":"Shop"},"content":{"rendered":"\n<h2>\n\t\tUnsere Shops\n\t<\/h2>\n\t<p>Erwerben Sie tolle Artikel, bedruckt mit unserem CH Open Logo oder dem Icon f\u00fcr digitale Nachhaltigkeit. Alle Artikel k\u00f6nnen auch selber noch individualisiert werden.<\/p>\n<p>Tragen auch Sie Ihr Interesse und den Einsatz f\u00fcr Open Source in der Schweiz nach aussen.<\/p>\n<p>Viel Spass beim St\u00f6bern.<\/p>\n<p>&nbsp;<\/p>\n<p><a href=\"https:\/\/shop.spreadshirt.de\/ch-open\"><strong>Zum CH-Open Shop<\/strong><\/a><\/p>\n<p>&nbsp;<\/p>\n<p><a href=\"http:\/\/https:\/\/shop.spreadshirt.de\/ch-open\"><img decoding=\"async\" title=\"Shop CH-Open\" src=\"https:\/\/www.ch-open.ch\/wp-content\/uploads\/2020\/03\/CH-Open-300x94.png\" alt=\"\" width=\"300\" height=\"94\"><\/a><\/p>\n<p>&nbsp;<\/p>\n<p><a href=\"https:\/\/shop.spreadshirt.de\/digitale-nachhaltigkeit\"><strong>Zum Shop Digitale Nachhaltigkeit<\/strong><\/a><\/p>\n<p>&nbsp;<\/p>\n<p><a href=\"https:\/\/shop.spreadshirt.de\/digitale-nachhaltigkeit\"><img decoding=\"async\" title=\"Shop Digitale Nachhaltigkeit\" src=\"https:\/\/www.ch-open.ch\/wp-content\/uploads\/2020\/03\/Digitale-Nachhaltigkeit-300x110.png\" alt=\"\" width=\"300\" height=\"110\"><\/a><\/p>\n","protected":false},"excerpt":{"rendered":"<p>Unsere Shops Erwerben Sie tolle Artikel, bedruckt mit unserem CH Open Logo oder dem Icon f\u00fcr digitale Nachhaltigkeit. Alle Artikel k\u00f6nnen auch selber noch individualisiert werden. Tragen auch Sie Ihr Interesse und den Einsatz f\u00fcr Open Source in der Schweiz nach aussen. Viel Spass beim St\u00f6bern. &nbsp; Zum CH-Open Shop &nbsp; &nbsp; Zum Shop Digitale&hellip;<\/p>\n","protected":false},"author":122,"featured_media":0,"parent":4974,"menu_order":0,"comment_status":"closed","ping_status":"closed","template":"","meta":{"_acf_changed":false,"footnotes":""},"class_list":["post-5325","page","type-page","status-publish","hentry"],"acf":[],"yoast_head":"<!-- This site is optimized with the Yoast SEO Premium plugin v22.2 (Yoast SEO v27.3) - https:\/\/yoast.com\/product\/yoast-seo-premium-wordpress\/ -->\n<title>Shop &#060; CH Open<\/title>\n<meta name=\"robots\" content=\"index, follow, max-snippet:-1, max-image-preview:large, max-video-preview:-1\" \/>\n<link rel=\"canonical\" href=\"https:\/\/www.ch-open.ch\/en\/ueber-ch-open\/shop\/\" \/>\n<meta property=\"og:locale\" content=\"en_US\" \/>\n<meta property=\"og:type\" content=\"article\" \/>\n<meta property=\"og:title\" content=\"Shop\" \/>\n<meta property=\"og:description\" content=\"Unsere Shops Erwerben Sie tolle Artikel, bedruckt mit unserem CH Open Logo oder dem Icon f\u00fcr digitale Nachhaltigkeit. Alle Artikel k\u00f6nnen auch selber noch individualisiert werden. Tragen auch Sie Ihr Interesse und den Einsatz f\u00fcr Open Source in der Schweiz nach aussen. Viel Spass beim St\u00f6bern. &nbsp; Zum CH-Open Shop &nbsp; &nbsp; Zum Shop Digitale&hellip;\" \/>\n<meta property=\"og:url\" content=\"https:\/\/www.ch-open.ch\/en\/ueber-ch-open\/shop\/\" \/>\n<meta property=\"og:site_name\" content=\"CH Open\" \/>\n<meta property=\"article:modified_time\" content=\"2020-03-31T15:33:55+00:00\" \/>\n<meta property=\"og:image\" content=\"https:\/\/www.ch-open.ch\/wp-content\/uploads\/2020\/03\/CH-Open-300x94.png\" \/>\n<meta name=\"twitter:card\" content=\"summary_large_image\" \/>\n<meta name=\"twitter:site\" content=\"@ch_open\" \/>\n<script type=\"application\/ld+json\" class=\"yoast-schema-graph\">{\"@context\":\"https:\\\/\\\/schema.org\",\"@graph\":[{\"@type\":\"WebPage\",\"@id\":\"https:\\\/\\\/www.ch-open.ch\\\/en\\\/ueber-ch-open\\\/shop\\\/\",\"url\":\"https:\\\/\\\/www.ch-open.ch\\\/en\\\/ueber-ch-open\\\/shop\\\/\",\"name\":\"Shop &#060; CH Open\",\"isPartOf\":{\"@id\":\"https:\\\/\\\/www.ch-open.ch\\\/#website\"},\"primaryImageOfPage\":{\"@id\":\"https:\\\/\\\/www.ch-open.ch\\\/en\\\/ueber-ch-open\\\/shop\\\/#primaryimage\"},\"image\":{\"@id\":\"https:\\\/\\\/www.ch-open.ch\\\/en\\\/ueber-ch-open\\\/shop\\\/#primaryimage\"},\"thumbnailUrl\":\"https:\\\/\\\/www.ch-open.ch\\\/wp-content\\\/uploads\\\/2020\\\/03\\\/CH-Open-300x94.png\",\"datePublished\":\"2020-03-31T09:34:06+00:00\",\"dateModified\":\"2020-03-31T15:33:55+00:00\",\"breadcrumb\":{\"@id\":\"https:\\\/\\\/www.ch-open.ch\\\/en\\\/ueber-ch-open\\\/shop\\\/#breadcrumb\"},\"inLanguage\":\"en-US\",\"potentialAction\":[{\"@type\":\"ReadAction\",\"target\":[\"https:\\\/\\\/www.ch-open.ch\\\/en\\\/ueber-ch-open\\\/shop\\\/\"]}]},{\"@type\":\"ImageObject\",\"inLanguage\":\"en-US\",\"@id\":\"https:\\\/\\\/www.ch-open.ch\\\/en\\\/ueber-ch-open\\\/shop\\\/#primaryimage\",\"url\":\"https:\\\/\\\/www.ch-open.ch\\\/wp-content\\\/uploads\\\/2020\\\/03\\\/CH-Open-300x94.png\",\"contentUrl\":\"https:\\\/\\\/www.ch-open.ch\\\/wp-content\\\/uploads\\\/2020\\\/03\\\/CH-Open-300x94.png\"},{\"@type\":\"BreadcrumbList\",\"@id\":\"https:\\\/\\\/www.ch-open.ch\\\/en\\\/ueber-ch-open\\\/shop\\\/#breadcrumb\",\"itemListElement\":[{\"@type\":\"ListItem\",\"position\":1,\"name\":\"Home\",\"item\":\"https:\\\/\\\/www.ch-open.ch\\\/en\\\/\"},{\"@type\":\"ListItem\",\"position\":2,\"name\":\"About CH Open\",\"item\":\"https:\\\/\\\/www.ch-open.ch\\\/en\\\/ueber-ch-open\\\/\"},{\"@type\":\"ListItem\",\"position\":3,\"name\":\"Shop\"}]},{\"@type\":\"WebSite\",\"@id\":\"https:\\\/\\\/www.ch-open.ch\\\/#website\",\"url\":\"https:\\\/\\\/www.ch-open.ch\\\/\",\"name\":\"CH Open\",\"description\":\"Verein CH Open\",\"publisher\":{\"@id\":\"https:\\\/\\\/www.ch-open.ch\\\/#organization\"},\"potentialAction\":[{\"@type\":\"SearchAction\",\"target\":{\"@type\":\"EntryPoint\",\"urlTemplate\":\"https:\\\/\\\/www.ch-open.ch\\\/?s={search_term_string}\"},\"query-input\":{\"@type\":\"PropertyValueSpecification\",\"valueRequired\":true,\"valueName\":\"search_term_string\"}}],\"inLanguage\":\"en-US\"},{\"@type\":\"Organization\",\"@id\":\"https:\\\/\\\/www.ch-open.ch\\\/#organization\",\"name\":\"CH Open\",\"url\":\"https:\\\/\\\/www.ch-open.ch\\\/\",\"logo\":{\"@type\":\"ImageObject\",\"inLanguage\":\"en-US\",\"@id\":\"https:\\\/\\\/www.ch-open.ch\\\/#\\\/schema\\\/logo\\\/image\\\/\",\"url\":\"https:\\\/\\\/www.ch-open.ch\\\/wp-content\\\/uploads\\\/2017\\\/03\\\/CHOpen_Logo_700.png\",\"contentUrl\":\"https:\\\/\\\/www.ch-open.ch\\\/wp-content\\\/uploads\\\/2017\\\/03\\\/CHOpen_Logo_700.png\",\"width\":700,\"height\":256,\"caption\":\"CH Open\"},\"image\":{\"@id\":\"https:\\\/\\\/www.ch-open.ch\\\/#\\\/schema\\\/logo\\\/image\\\/\"},\"sameAs\":[\"https:\\\/\\\/x.com\\\/ch_open\",\"https:\\\/\\\/www.youtube.com\\\/user\\\/openexpo\"]}]}<\/script>\n<!-- \/ Yoast SEO Premium plugin. -->","yoast_head_json":{"title":"Shop &#060; CH Open","robots":{"index":"index","follow":"follow","max-snippet":"max-snippet:-1","max-image-preview":"max-image-preview:large","max-video-preview":"max-video-preview:-1"},"canonical":"https:\/\/www.ch-open.ch\/en\/ueber-ch-open\/shop\/","og_locale":"en_US","og_type":"article","og_title":"Shop","og_description":"Unsere Shops Erwerben Sie tolle Artikel, bedruckt mit unserem CH Open Logo oder dem Icon f\u00fcr digitale Nachhaltigkeit. Alle Artikel k\u00f6nnen auch selber noch individualisiert werden. Tragen auch Sie Ihr Interesse und den Einsatz f\u00fcr Open Source in der Schweiz nach aussen. Viel Spass beim St\u00f6bern. &nbsp; Zum CH-Open Shop &nbsp; &nbsp; Zum Shop Digitale&hellip;","og_url":"https:\/\/www.ch-open.ch\/en\/ueber-ch-open\/shop\/","og_site_name":"CH Open","article_modified_time":"2020-03-31T15:33:55+00:00","og_image":[{"url":"https:\/\/www.ch-open.ch\/wp-content\/uploads\/2020\/03\/CH-Open-300x94.png","type":"","width":"","height":""}],"twitter_card":"summary_large_image","twitter_site":"@ch_open","schema":{"@context":"https:\/\/schema.org","@graph":[{"@type":"WebPage","@id":"https:\/\/www.ch-open.ch\/en\/ueber-ch-open\/shop\/","url":"https:\/\/www.ch-open.ch\/en\/ueber-ch-open\/shop\/","name":"Shop &#060; CH Open","isPartOf":{"@id":"https:\/\/www.ch-open.ch\/#website"},"primaryImageOfPage":{"@id":"https:\/\/www.ch-open.ch\/en\/ueber-ch-open\/shop\/#primaryimage"},"image":{"@id":"https:\/\/www.ch-open.ch\/en\/ueber-ch-open\/shop\/#primaryimage"},"thumbnailUrl":"https:\/\/www.ch-open.ch\/wp-content\/uploads\/2020\/03\/CH-Open-300x94.png","datePublished":"2020-03-31T09:34:06+00:00","dateModified":"2020-03-31T15:33:55+00:00","breadcrumb":{"@id":"https:\/\/www.ch-open.ch\/en\/ueber-ch-open\/shop\/#breadcrumb"},"inLanguage":"en-US","potentialAction":[{"@type":"ReadAction","target":["https:\/\/www.ch-open.ch\/en\/ueber-ch-open\/shop\/"]}]},{"@type":"ImageObject","inLanguage":"en-US","@id":"https:\/\/www.ch-open.ch\/en\/ueber-ch-open\/shop\/#primaryimage","url":"https:\/\/www.ch-open.ch\/wp-content\/uploads\/2020\/03\/CH-Open-300x94.png","contentUrl":"https:\/\/www.ch-open.ch\/wp-content\/uploads\/2020\/03\/CH-Open-300x94.png"},{"@type":"BreadcrumbList","@id":"https:\/\/www.ch-open.ch\/en\/ueber-ch-open\/shop\/#breadcrumb","itemListElement":[{"@type":"ListItem","position":1,"name":"Home","item":"https:\/\/www.ch-open.ch\/en\/"},{"@type":"ListItem","position":2,"name":"About CH Open","item":"https:\/\/www.ch-open.ch\/en\/ueber-ch-open\/"},{"@type":"ListItem","position":3,"name":"Shop"}]},{"@type":"WebSite","@id":"https:\/\/www.ch-open.ch\/#website","url":"https:\/\/www.ch-open.ch\/","name":"CH Open","description":"Verein CH Open","publisher":{"@id":"https:\/\/www.ch-open.ch\/#organization"},"potentialAction":[{"@type":"SearchAction","target":{"@type":"EntryPoint","urlTemplate":"https:\/\/www.ch-open.ch\/?s={search_term_string}"},"query-input":{"@type":"PropertyValueSpecification","valueRequired":true,"valueName":"search_term_string"}}],"inLanguage":"en-US"},{"@type":"Organization","@id":"https:\/\/www.ch-open.ch\/#organization","name":"CH Open","url":"https:\/\/www.ch-open.ch\/","logo":{"@type":"ImageObject","inLanguage":"en-US","@id":"https:\/\/www.ch-open.ch\/#\/schema\/logo\/image\/","url":"https:\/\/www.ch-open.ch\/wp-content\/uploads\/2017\/03\/CHOpen_Logo_700.png","contentUrl":"https:\/\/www.ch-open.ch\/wp-content\/uploads\/2017\/03\/CHOpen_Logo_700.png","width":700,"height":256,"caption":"CH Open"},"image":{"@id":"https:\/\/www.ch-open.ch\/#\/schema\/logo\/image\/"},"sameAs":["https:\/\/x.com\/ch_open","https:\/\/www.youtube.com\/user\/openexpo"]}]}},"_links":{"self":[{"href":"https:\/\/www.ch-open.ch\/en\/wp-json\/wp\/v2\/pages\/5325","targetHints":{"allow":["GET"]}}],"collection":[{"href":"https:\/\/www.ch-open.ch\/en\/wp-json\/wp\/v2\/pages"}],"about":[{"href":"https:\/\/www.ch-open.ch\/en\/wp-json\/wp\/v2\/types\/page"}],"author":[{"embeddable":true,"href":"https:\/\/www.ch-open.ch\/en\/wp-json\/wp\/v2\/users\/122"}],"replies":[{"embeddable":true,"href":"https:\/\/www.ch-open.ch\/en\/wp-json\/wp\/v2\/comments?post=5325"}],"version-history":[{"count":3,"href":"https:\/\/www.ch-open.ch\/en\/wp-json\/wp\/v2\/pages\/5325\/revisions"}],"predecessor-version":[{"id":5346,"href":"https:\/\/www.ch-open.ch\/en\/wp-json\/wp\/v2\/pages\/5325\/revisions\/5346"}],"up":[{"embeddable":true,"href":"https:\/\/www.ch-open.ch\/en\/wp-json\/wp\/v2\/pages\/4974"}],"wp:attachment":[{"href":"https:\/\/www.ch-open.ch\/en\/wp-json\/wp\/v2\/media?parent=5325"}],"curies":[{"name":"wp","href":"https:\/\/api.w.org\/{rel}","templated":true}]}}