{"id":5587,"date":"2020-05-14T14:04:46","date_gmt":"2020-05-14T12:04:46","guid":{"rendered":"https:\/\/www.ch-open.ch\/?page_id=5587"},"modified":"2025-12-23T12:48:04","modified_gmt":"2025-12-23T11:48:04","slug":"bigbluebutton","status":"publish","type":"page","link":"https:\/\/www.ch-open.ch\/en\/bigbluebutton\/","title":{"rendered":"Open Source-Video-Konferenz BigBlueButton"},"content":{"rendered":"\n<h1>\n\t\t<a href=\"https:\/\/bbb.ch-open.ch\" title=\"BigBlueButton Video-Konferenz-Server von CH Open\" target=\"_blank\" rel=\"noopener\">\n\t\t\tBigBlueButton Video-Konferenz-Server von CH Open\t\t<\/a>\n\t<\/h1>\n\t<h3><a href=\"https:\/\/bbb.ch-open.ch\/\" target=\"_blank\" rel=\"noopener\">bbb.ch-open.ch<\/a><\/h3>\n<p>CH Open freut sich sehr, dass sie Dank grossz\u00fcgiger Unterst\u00fctzung durch <a href=\"https:\/\/green.ch\/\">Green<\/a> einen eigenen Open Source-basierten Video-Konferenz-Server mit <a href=\"https:\/\/bigbluebutton.org\/\">BigBlueButton<\/a> betreiben kann. Eine super Alternative zu Microsoft Teams, Zoom, Skype und Co &#8211; offen und sicher, denn alle Daten bleiben in der Schweiz.<\/p>\n\t\t\t\t<a href=\"https:\/\/bbb.ch-open.ch\/\" target=\"_blank\" rel=\"noopener\">\n\t\t\t\t<img decoding=\"async\" src=\"https:\/\/www.ch-open.ch\/wp-content\/uploads\/2021\/01\/Server_CH-Open_Green_neu-1024x623.jpg\" alt=\"Server_CH Open_Green_neu\" height=\"623\" width=\"1024\" title=\"Server_CH Open_Green_neu\" loading=\"lazy\" \/>\n\t\t\t\t<\/a>\n\t<p>BigBlueButton baut auf einer benutzerfreundlichen Oberfl\u00e4che auf. Neben dem Austausch via Audio und Video k\u00f6nnen \u00fcber BigBlueButton auch in Echtzeit Videos, Tonaufnahmen, Pr\u00e4sentationen, Bildschirme und Chats geteilt werden.<\/p>\n\t\t\t<a href=\"https:\/\/bbb.ch-open.ch\" target=\"_blank\" rel=\"noopener\">\n\t\t\t\t\t\tBigBlueButton ausprobieren\n\t\t\t\t\t<\/a>\n\t\t\t<a href=\"https:\/\/www.ch-open.ch\/bigbluebutton\/angebot-bigbluebutton-server\/\" target=\"_self\">\n\t\t\t\t\t\tAngebot eigener BigBlueButton Server\n\t\t\t\t\t<\/a>\n\t\t\t<a href=\"https:\/\/www.ch-open.ch\/bigbluebutton\/angebot-bigbluebutton-support\/\" target=\"_self\">\n\t\t\t\t\t\tAngebot Support BigBlueButton\n\t\t\t\t\t<\/a>\n\t<p>CH Open freut sich, Dank grossz\u00fcgiger Unterst\u00fctzung durch <a href=\"https:\/\/green.ch\/\">Green<\/a> einen eigenen Open Source-basierten Video-Konferenz-Server mit <a href=\"https:\/\/bigbluebutton.org\/\">BigBlueButton<\/a> anzubieten. Dies ist eine ideale Alternative zu Microsoft Teams, Zoom, Skype etc. BigBlueButton ist Datenschutz-konform und sicher, denn alle Daten bleiben in der Schweiz.<\/p>\n<p><strong>Vielen Dank!<\/strong><\/p>\n<p><img decoding=\"async\" src=\"https:\/\/www.ch-open.ch\/wp-content\/uploads\/2021\/01\/Logo_green_RGB_neu-259x300.png\" alt=\"\" width=\"170\" height=\"197\" \/><\/p>\n<p>Die Plattform l\u00e4uft \u00fcber einen dedicated Server Premium mit neusten Server-CPU, schnellen SSD und performanter Gigabit Internetanbindung. Dieser wird im Hochleistungs-Rechenzentrum von Green Datacenter unter Schweizer Standards und Gesetzen betrieben. Green Datacenter wird mit 100% erneuerbarer Energie versorgt und garantiert h\u00f6chste Sicherheit bez\u00fcglich Verf\u00fcgbarkeit, Zutritt, Stromversorgung, K\u00fchlung sowie Brandschutz.<\/p>\n<p>BigBlueButton baut auf einer benutzerfreundlichen Oberfl\u00e4che auf. Neben dem Austausch via Audio und Video k\u00f6nnen \u00fcber BigBlueButton auch in Echtzeit Videos, Tonaufnahmen, Pr\u00e4sentationen, Bildschirme und Chats geteilt werden. Die Interaktion wird durch Whiteboard, Umfragen, gemeinsame Notizen und Gruppenzusammenarbeit in Diskussionsr\u00e4umen gef\u00f6rdert.<\/p>\n<p>Die BigBlueButton-Instanz von CH Open und Green steht allen kostenlos zur Verf\u00fcgung. Probieren Sie es aus und \u00fcberzeugen Sie sich selber von der Benutzerfreundlichkeit dieses Open Source Produktes. Zur Registration ben\u00f6tigen Sie lediglich eine E-Mail-Adresse.<\/p>\n<hr \/>\n<p>Das Swiss IT Magazine hat im Sommer 2020 unsere Instanz einem Praxistest unterzogen. Die Ergebnisse finden Sie in diesem <a href=\"https:\/\/www.ch-open.ch\/wp-content\/uploads\/2020\/07\/BBB-Beitrag-in-Swiss-IT-Magazine.pdf\">Bericht<\/a>.<\/p>\n<hr \/>\n<p>Der Server wird von Green seit 2020 kostenlos zur Verf\u00fcgung gestellt. Aufgesetzt und f\u00fcr den Betrieb verantwortlich ist <a href=\"https:\/\/www.moodle.ch\/lms\/mod\/page\/view.php?id=823\">Martin V\u00f6geli<\/a>, u.a. <a href=\"https:\/\/www.phtg.ch\/hochschule\/menschen\/seite-detailansicht\/person\/martin-voegeli\/\">Lehrbeauftragter an der PH Thurgau<\/a>. Die Kosten f\u00fcr das Hosting der BigBlueButton Instanz \u00fcbernimmt CH Open. Zahlen und Fakten zum ersten Betriebsjahr finden Sie in der <a href=\"https:\/\/www.ch-open.ch\/ein-jahr-video-conferencing-mit-bigbluebutton\/\">Medienmitteilung<\/a>.<\/p>\n<p>Das Angebot wird nach dem &#8220;Best Effort Prinzip&#8221; betrieben um Open Source erlebbar zu machen. Im <a href=\"http:\/\/www.ossdirectory.com\">OSS Directory<\/a> finden Sie <a href=\"https:\/\/www.ossdirectory.com\/de\/products\/details\/bigbluebutton\" target=\"_blank\" rel=\"noopener\">Firmen<\/a>, welche BigBlueButton kommerziell anbieten. Hier sind ausserdem die Details zu zwei bestehenden <a href=\"https:\/\/www.ch-open.ch\/bigbluebutton\/angebot-bigbluebutton-server\/\">Angebots-Paketen<\/a>\u00a0f\u00fcr einen eigenen BigBlueButton Server zur Miete.<\/p>\n<p>Weiterhin freuen wir uns \u00fcber <a href=\"https:\/\/www.ch-open.ch\/en\/kontakt\/\" target=\"_blank\" rel=\"noopener\">Spenden<\/a> von begeisterten Usern oder auch mit einer <a href=\"https:\/\/www.ch-open.ch\/en\/ueber-ch-open\/mitgliedschaft\/\" target=\"_blank\" rel=\"noopener\">Mitgliedschaft bei CH Open<\/a> k\u00f6nnen Sie Projekte wie dieses unterst\u00fctzen.<\/p>\n<p>&nbsp;<\/p>\n<p>Weitere Informationen zum BigBlueButton-Server von CH Open und Green erteilt CH Open Pr\u00e4sident Prof. Dr. Matthias St\u00fcrmer, <a href=\"mailto:matthias.stuermer@ch-open.ch\">matthias.stuermer@ch-open.ch<\/a>, +41 76 368 81 65<\/p>\n<p>Viel Vergn\u00fcgen beim Ausprobieren!<\/p>\n<p>&nbsp;<\/p>\n\n","protected":false},"excerpt":{"rendered":"<p>BigBlueButton Video-Konferenz-Server von CH Open bbb.ch-open.ch CH Open freut sich sehr, dass sie Dank grossz\u00fcgiger Unterst\u00fctzung durch Green einen eigenen Open Source-basierten Video-Konferenz-Server mit BigBlueButton betreiben kann. Eine super Alternative zu Microsoft Teams, Zoom, Skype und Co &#8211; offen und sicher, denn alle Daten bleiben in der Schweiz. BigBlueButton baut auf einer benutzerfreundlichen Oberfl\u00e4che auf.&hellip;<\/p>\n","protected":false},"author":122,"featured_media":5650,"parent":0,"menu_order":0,"comment_status":"closed","ping_status":"closed","template":"","meta":{"_acf_changed":false,"footnotes":""},"class_list":["post-5587","page","type-page","status-publish","has-post-thumbnail","hentry"],"acf":[],"yoast_head":"<!-- This site is optimized with the Yoast SEO Premium plugin v22.2 (Yoast SEO v27.3) - https:\/\/yoast.com\/product\/yoast-seo-premium-wordpress\/ -->\n<title>Open Source-Video-Konferenz BigBlueButton &#060; CH Open<\/title>\n<meta name=\"robots\" content=\"index, follow, max-snippet:-1, max-image-preview:large, max-video-preview:-1\" \/>\n<link rel=\"canonical\" href=\"https:\/\/www.ch-open.ch\/en\/bigbluebutton\/\" \/>\n<meta property=\"og:locale\" content=\"en_US\" \/>\n<meta property=\"og:type\" content=\"article\" \/>\n<meta property=\"og:title\" content=\"Open Source-Video-Konferenz BigBlueButton\" \/>\n<meta property=\"og:description\" content=\"BigBlueButton Video-Konferenz-Server von CH Open bbb.ch-open.ch CH Open freut sich sehr, dass sie Dank grossz\u00fcgiger Unterst\u00fctzung durch Green einen eigenen Open Source-basierten Video-Konferenz-Server mit BigBlueButton betreiben kann. Eine super Alternative zu Microsoft Teams, Zoom, Skype und Co &#8211; offen und sicher, denn alle Daten bleiben in der Schweiz. BigBlueButton baut auf einer benutzerfreundlichen Oberfl\u00e4che auf.&hellip;\" \/>\n<meta property=\"og:url\" content=\"https:\/\/www.ch-open.ch\/en\/bigbluebutton\/\" \/>\n<meta property=\"og:site_name\" content=\"CH Open\" \/>\n<meta property=\"article:modified_time\" content=\"2025-12-23T11:48:04+00:00\" \/>\n<meta property=\"og:image\" content=\"https:\/\/www.ch-open.ch\/wp-content\/uploads\/2020\/05\/BBB-Server-von-CH-Open-und-green.jpg\" \/>\n\t<meta property=\"og:image:width\" content=\"1488\" \/>\n\t<meta property=\"og:image:height\" content=\"628\" \/>\n\t<meta property=\"og:image:type\" content=\"image\/jpeg\" \/>\n<meta name=\"twitter:card\" content=\"summary_large_image\" \/>\n<meta name=\"twitter:site\" content=\"@ch_open\" \/>\n<meta name=\"twitter:label1\" content=\"Est. reading time\" \/>\n\t<meta name=\"twitter:data1\" content=\"3 minutes\" \/>\n<script type=\"application\/ld+json\" class=\"yoast-schema-graph\">{\"@context\":\"https:\\\/\\\/schema.org\",\"@graph\":[{\"@type\":\"WebPage\",\"@id\":\"https:\\\/\\\/www.ch-open.ch\\\/en\\\/bigbluebutton\\\/\",\"url\":\"https:\\\/\\\/www.ch-open.ch\\\/en\\\/bigbluebutton\\\/\",\"name\":\"Open Source-Video-Konferenz BigBlueButton &#060; CH Open\",\"isPartOf\":{\"@id\":\"https:\\\/\\\/www.ch-open.ch\\\/#website\"},\"primaryImageOfPage\":{\"@id\":\"https:\\\/\\\/www.ch-open.ch\\\/en\\\/bigbluebutton\\\/#primaryimage\"},\"image\":{\"@id\":\"https:\\\/\\\/www.ch-open.ch\\\/en\\\/bigbluebutton\\\/#primaryimage\"},\"thumbnailUrl\":\"https:\\\/\\\/www.ch-open.ch\\\/wp-content\\\/uploads\\\/2020\\\/05\\\/BBB-Server-von-CH-Open-und-green.jpg\",\"datePublished\":\"2020-05-14T12:04:46+00:00\",\"dateModified\":\"2025-12-23T11:48:04+00:00\",\"breadcrumb\":{\"@id\":\"https:\\\/\\\/www.ch-open.ch\\\/en\\\/bigbluebutton\\\/#breadcrumb\"},\"inLanguage\":\"en-US\",\"potentialAction\":[{\"@type\":\"ReadAction\",\"target\":[\"https:\\\/\\\/www.ch-open.ch\\\/en\\\/bigbluebutton\\\/\"]}]},{\"@type\":\"ImageObject\",\"inLanguage\":\"en-US\",\"@id\":\"https:\\\/\\\/www.ch-open.ch\\\/en\\\/bigbluebutton\\\/#primaryimage\",\"url\":\"https:\\\/\\\/www.ch-open.ch\\\/wp-content\\\/uploads\\\/2020\\\/05\\\/BBB-Server-von-CH-Open-und-green.jpg\",\"contentUrl\":\"https:\\\/\\\/www.ch-open.ch\\\/wp-content\\\/uploads\\\/2020\\\/05\\\/BBB-Server-von-CH-Open-und-green.jpg\",\"width\":1488,\"height\":628},{\"@type\":\"BreadcrumbList\",\"@id\":\"https:\\\/\\\/www.ch-open.ch\\\/en\\\/bigbluebutton\\\/#breadcrumb\",\"itemListElement\":[{\"@type\":\"ListItem\",\"position\":1,\"name\":\"Home\",\"item\":\"https:\\\/\\\/www.ch-open.ch\\\/en\\\/\"},{\"@type\":\"ListItem\",\"position\":2,\"name\":\"Open Source-Video-Konferenz BigBlueButton\"}]},{\"@type\":\"WebSite\",\"@id\":\"https:\\\/\\\/www.ch-open.ch\\\/#website\",\"url\":\"https:\\\/\\\/www.ch-open.ch\\\/\",\"name\":\"CH Open\",\"description\":\"Verein CH Open\",\"publisher\":{\"@id\":\"https:\\\/\\\/www.ch-open.ch\\\/#organization\"},\"potentialAction\":[{\"@type\":\"SearchAction\",\"target\":{\"@type\":\"EntryPoint\",\"urlTemplate\":\"https:\\\/\\\/www.ch-open.ch\\\/?s={search_term_string}\"},\"query-input\":{\"@type\":\"PropertyValueSpecification\",\"valueRequired\":true,\"valueName\":\"search_term_string\"}}],\"inLanguage\":\"en-US\"},{\"@type\":\"Organization\",\"@id\":\"https:\\\/\\\/www.ch-open.ch\\\/#organization\",\"name\":\"CH Open\",\"url\":\"https:\\\/\\\/www.ch-open.ch\\\/\",\"logo\":{\"@type\":\"ImageObject\",\"inLanguage\":\"en-US\",\"@id\":\"https:\\\/\\\/www.ch-open.ch\\\/#\\\/schema\\\/logo\\\/image\\\/\",\"url\":\"https:\\\/\\\/www.ch-open.ch\\\/wp-content\\\/uploads\\\/2017\\\/03\\\/CHOpen_Logo_700.png\",\"contentUrl\":\"https:\\\/\\\/www.ch-open.ch\\\/wp-content\\\/uploads\\\/2017\\\/03\\\/CHOpen_Logo_700.png\",\"width\":700,\"height\":256,\"caption\":\"CH Open\"},\"image\":{\"@id\":\"https:\\\/\\\/www.ch-open.ch\\\/#\\\/schema\\\/logo\\\/image\\\/\"},\"sameAs\":[\"https:\\\/\\\/x.com\\\/ch_open\",\"https:\\\/\\\/www.youtube.com\\\/user\\\/openexpo\"]}]}<\/script>\n<!-- \/ Yoast SEO Premium plugin. -->","yoast_head_json":{"title":"Open Source-Video-Konferenz BigBlueButton &#060; CH Open","robots":{"index":"index","follow":"follow","max-snippet":"max-snippet:-1","max-image-preview":"max-image-preview:large","max-video-preview":"max-video-preview:-1"},"canonical":"https:\/\/www.ch-open.ch\/en\/bigbluebutton\/","og_locale":"en_US","og_type":"article","og_title":"Open Source-Video-Konferenz BigBlueButton","og_description":"BigBlueButton Video-Konferenz-Server von CH Open bbb.ch-open.ch CH Open freut sich sehr, dass sie Dank grossz\u00fcgiger Unterst\u00fctzung durch Green einen eigenen Open Source-basierten Video-Konferenz-Server mit BigBlueButton betreiben kann. Eine super Alternative zu Microsoft Teams, Zoom, Skype und Co &#8211; offen und sicher, denn alle Daten bleiben in der Schweiz. BigBlueButton baut auf einer benutzerfreundlichen Oberfl\u00e4che auf.&hellip;","og_url":"https:\/\/www.ch-open.ch\/en\/bigbluebutton\/","og_site_name":"CH Open","article_modified_time":"2025-12-23T11:48:04+00:00","og_image":[{"width":1488,"height":628,"url":"https:\/\/www.ch-open.ch\/wp-content\/uploads\/2020\/05\/BBB-Server-von-CH-Open-und-green.jpg","type":"image\/jpeg"}],"twitter_card":"summary_large_image","twitter_site":"@ch_open","twitter_misc":{"Est. reading time":"3 minutes"},"schema":{"@context":"https:\/\/schema.org","@graph":[{"@type":"WebPage","@id":"https:\/\/www.ch-open.ch\/en\/bigbluebutton\/","url":"https:\/\/www.ch-open.ch\/en\/bigbluebutton\/","name":"Open Source-Video-Konferenz BigBlueButton &#060; CH Open","isPartOf":{"@id":"https:\/\/www.ch-open.ch\/#website"},"primaryImageOfPage":{"@id":"https:\/\/www.ch-open.ch\/en\/bigbluebutton\/#primaryimage"},"image":{"@id":"https:\/\/www.ch-open.ch\/en\/bigbluebutton\/#primaryimage"},"thumbnailUrl":"https:\/\/www.ch-open.ch\/wp-content\/uploads\/2020\/05\/BBB-Server-von-CH-Open-und-green.jpg","datePublished":"2020-05-14T12:04:46+00:00","dateModified":"2025-12-23T11:48:04+00:00","breadcrumb":{"@id":"https:\/\/www.ch-open.ch\/en\/bigbluebutton\/#breadcrumb"},"inLanguage":"en-US","potentialAction":[{"@type":"ReadAction","target":["https:\/\/www.ch-open.ch\/en\/bigbluebutton\/"]}]},{"@type":"ImageObject","inLanguage":"en-US","@id":"https:\/\/www.ch-open.ch\/en\/bigbluebutton\/#primaryimage","url":"https:\/\/www.ch-open.ch\/wp-content\/uploads\/2020\/05\/BBB-Server-von-CH-Open-und-green.jpg","contentUrl":"https:\/\/www.ch-open.ch\/wp-content\/uploads\/2020\/05\/BBB-Server-von-CH-Open-und-green.jpg","width":1488,"height":628},{"@type":"BreadcrumbList","@id":"https:\/\/www.ch-open.ch\/en\/bigbluebutton\/#breadcrumb","itemListElement":[{"@type":"ListItem","position":1,"name":"Home","item":"https:\/\/www.ch-open.ch\/en\/"},{"@type":"ListItem","position":2,"name":"Open Source-Video-Konferenz BigBlueButton"}]},{"@type":"WebSite","@id":"https:\/\/www.ch-open.ch\/#website","url":"https:\/\/www.ch-open.ch\/","name":"CH Open","description":"Verein CH Open","publisher":{"@id":"https:\/\/www.ch-open.ch\/#organization"},"potentialAction":[{"@type":"SearchAction","target":{"@type":"EntryPoint","urlTemplate":"https:\/\/www.ch-open.ch\/?s={search_term_string}"},"query-input":{"@type":"PropertyValueSpecification","valueRequired":true,"valueName":"search_term_string"}}],"inLanguage":"en-US"},{"@type":"Organization","@id":"https:\/\/www.ch-open.ch\/#organization","name":"CH Open","url":"https:\/\/www.ch-open.ch\/","logo":{"@type":"ImageObject","inLanguage":"en-US","@id":"https:\/\/www.ch-open.ch\/#\/schema\/logo\/image\/","url":"https:\/\/www.ch-open.ch\/wp-content\/uploads\/2017\/03\/CHOpen_Logo_700.png","contentUrl":"https:\/\/www.ch-open.ch\/wp-content\/uploads\/2017\/03\/CHOpen_Logo_700.png","width":700,"height":256,"caption":"CH Open"},"image":{"@id":"https:\/\/www.ch-open.ch\/#\/schema\/logo\/image\/"},"sameAs":["https:\/\/x.com\/ch_open","https:\/\/www.youtube.com\/user\/openexpo"]}]}},"_links":{"self":[{"href":"https:\/\/www.ch-open.ch\/en\/wp-json\/wp\/v2\/pages\/5587","targetHints":{"allow":["GET"]}}],"collection":[{"href":"https:\/\/www.ch-open.ch\/en\/wp-json\/wp\/v2\/pages"}],"about":[{"href":"https:\/\/www.ch-open.ch\/en\/wp-json\/wp\/v2\/types\/page"}],"author":[{"embeddable":true,"href":"https:\/\/www.ch-open.ch\/en\/wp-json\/wp\/v2\/users\/122"}],"replies":[{"embeddable":true,"href":"https:\/\/www.ch-open.ch\/en\/wp-json\/wp\/v2\/comments?post=5587"}],"version-history":[{"count":6,"href":"https:\/\/www.ch-open.ch\/en\/wp-json\/wp\/v2\/pages\/5587\/revisions"}],"predecessor-version":[{"id":14547,"href":"https:\/\/www.ch-open.ch\/en\/wp-json\/wp\/v2\/pages\/5587\/revisions\/14547"}],"wp:featuredmedia":[{"embeddable":true,"href":"https:\/\/www.ch-open.ch\/en\/wp-json\/wp\/v2\/media\/5650"}],"wp:attachment":[{"href":"https:\/\/www.ch-open.ch\/en\/wp-json\/wp\/v2\/media?parent=5587"}],"curies":[{"name":"wp","href":"https:\/\/api.w.org\/{rel}","templated":true}]}}