{"id":3014,"date":"2017-01-20T18:53:32","date_gmt":"2017-01-20T17:53:32","guid":{"rendered":"https:\/\/www.ch-open.ch\/?page_id=3014"},"modified":"2022-01-27T17:09:35","modified_gmt":"2022-01-27T16:09:35","slug":"activites","status":"publish","type":"page","link":"https:\/\/www.ch-open.ch\/fr\/activites\/","title":{"rendered":"Activit\u00e9s"},"content":{"rendered":"\n<h1>\n\t\tActivit\u00e9s\n\t<\/h1>\n\t<p>CH Open offers numerous conferences and events on the topic of open source through its various national working groups. With the working groups, CH Open aims to intensify and promote the theoretical and practical expertise of CH Open members and interested parties in the field of open source software, but also in related areas such as open data, open government, open innovation and much more.<\/p>\n<h2>\n\t\tActivit\u00e9s\n\t<\/h2>\n<h4>\n\t\tCH Open Business Ap\u00e9ro &#8211; OBA\n\t<\/h4>\n\t<p>D\u00e9couvrez les derni\u00e8res nouveaut\u00e9s sur l&#8217;Open Source avec un verre de vin ou de bi\u00e8re &#8211; au CH Open Business Ap\u00e9ro, nous discutons de sujets passionnants li\u00e9s \u00e0 l&#8217;Open Source. Participez sans engagement, vous \u00eates cordialement invit\u00e9s !<\/p>\n\t\t\t<a href=\"https:\/\/www.ch-open.ch\/fr\/open-business-apero\/\" target=\"_blank\" role=\"button\" rel=\"noopener\">\n\t\t\t\t\t\t\tOBA\n\t\t\t\t\t<\/a>\n<h4>\n\t\tCH Open Business Caf\u00e9 &#8211; OBC\n\t<\/h4>\n\t<p>Des nouvelles sur l&#8217;open source et un caf\u00e9 &#8211; au CH Open Business Caf\u00e9, nous \u00e9changeons des id\u00e9es sur les derniers sujets open source. Nous vous invitons cordialement \u00e0 prendre part et \u00e0 participer \u00e0 la discussion sans engagement.<\/p>\n\t\t\t<a href=\"https:\/\/www.ch-open.ch\/fr\/open-business-cafe\/\" target=\"_self\" role=\"button\" rel=\"noopener\">\n\t\t\t\t\t\t\tOBC\n\t\t\t\t\t<\/a>\n<h4>\n\t\tCH Open Business Lunch &#8211; OBL\n\t<\/h4>\n\t<p>A l&#8217;heure du d\u00e9jeuner, les sponsors du CH Open et les personnes int\u00e9ress\u00e9es proposent r\u00e9guli\u00e8rement de courtes conf\u00e9rences sur le th\u00e8me de l&#8217;Open Source. Soyez l\u00e0 et \u00e9changez des id\u00e9es avec les participants au cours du repas par la suite.<\/p>\n\t\t\t<a href=\"https:\/\/www.ch-open.ch\/fr\/working-groups\/open-business-lunch\/\" target=\"_self\" role=\"button\" rel=\"noopener\">\n\t\t\t\t\t\t\tOBL\n\t\t\t\t\t<\/a>\n<h4>\n\t\tDINAcon\n\t<\/h4>\n\t<p>La transformation num\u00e9rique est omnipr\u00e9sente. Pour la premi\u00e8re fois cette ann\u00e9e, les DINAcon awards seront remis dans le cadre dela conf\u00e9rence DINAcon pour r\u00e9compenser le courage et l&#8217;innovation d&#8217;entreprises, de collectivit\u00e9s publiques, de communaut\u00e9s, de d\u00e9veloppeurs et de particuliers.<\/p>\n\t\t\t<a href=\"https:\/\/dinacon.ch\" target=\"_blank\" role=\"button\" rel=\"noopener\">\n\t\t\t\t\t\t\tDINAcon\n\t\t\t\t\t<\/a>\n<h4>\n\t\tOpen Education Day\n\t<\/h4>\n\t<p>Vous \u00eates enseignant ou responsable informatique de l&#8217;\u00e9cole ? Vous \u00eates enseignant ou responsable informatique dans les \u00e9coles? Saisissez l&#8217;opportunit\u00e9 de d\u00e9couvrir et d&#8217;exp\u00e9rimenter au travers de conf\u00e9rences et de workshops commentvous pouvez utiliser et promouvoir les logiciels open source. Pour le moment, uniquement en allemand.<\/p>\n\t\t\t<a href=\"https:\/\/openeducationday.ch\/\" target=\"_blank\" role=\"button\" rel=\"noopener\">\n\t\t\t\t\t\t\tOpen Education Day\n\t\t\t\t\t<\/a>\n<h4>\n\t\tOSS Directory\n\t<\/h4>\n\t<p>Vous \u00eates \u00e0 la recherche d&#8217;offres attractives sur le th\u00e8me de l&#8217;open source ? Vous recherchez des conseils sur l&#8217;open source? Sur la plateforme, vous trouverez toutes les actualit\u00e9s, les entreprises actives, les \u00e9v\u00e9nements, les solutions et bien plus encore. Visitez la plateforme et, le cas \u00e9ch\u00e9ant, pr\u00e9sentez votre propres comp\u00e9tences! Jetez un \u0153il \u00e0 la plateforme ou faites vous-m\u00eame des entr\u00e9es !<\/p>\n\t\t\t<a href=\"https:\/\/www.ossdirectory.com\/home\" target=\"_blank\" role=\"button\" rel=\"noopener\">\n\t\t\t\t\t\t\tOSS Directory\n\t\t\t\t\t<\/a>\n<h4>\n\t\tParldigi\n\t<\/h4>\n\t<p>Le groupe parlementaire sur la durabilit\u00e9 num\u00e9rique promeut l&#8217;utilisation durable des technologies de l&#8217;information et de la communication et pr\u00f4ne l&#8217;acc\u00e8s du public \u00e0 la connaissance.<\/p>\n\t\t\t<a href=\"http:\/\/www.digitale-nachhaltigkeit.ch\/\" target=\"_blank\" role=\"button\" rel=\"noopener\">\n\t\t\t\t\t\t\tParldigi\n\t\t\t\t\t<\/a>\n<h4>\n\t\tJourn\u00e9es d&#8217;atelier\n\t<\/h4>\n\t<p>A l&#8217;occasion d&#8217;un cycle de conf\u00e9rences sur 3 jours, vous aurez l&#8217;occasion de participer \u00e0 l&#8217;un des ateliers propos\u00e9s. Approfondissez vos connaissances et d\u00e9couvrez l&#8217;\u00e9tat actuel de la technique. Uniquement en allemand.<\/p>\n\t\t\t<a href=\"https:\/\/workshoptage.ch\/\" target=\"_blank\" role=\"button\" rel=\"noopener\">\n\t\t\t\t\t\t\tWorkshoptage\n\t\t\t\t\t<\/a>\n<h4>\n\t\tServeur de visioconf\u00e9rence avec BigBlueButton\n\t<\/h4>\n\t<p>Le serveur de vid\u00e9oconf\u00e9rence bas\u00e9 sur l&#8217;open source avec BigBlueButton a \u00e9t\u00e9 lanc\u00e9 par CH Open dans le Corona Lockdown en avril 2020 et jouit d&#8217;une grande popularit\u00e9.<\/p>\n\t\t\t<a href=\"https:\/\/www.ch-open.ch\/bigbluebutton\/angebot-bigbluebutton-server\/\" target=\"_self\" role=\"button\" rel=\"noopener\">\n\t\t\t\t\t\t\tGrosBoutonBleu\n\t\t\t\t\t<\/a>\n<h4>\n\t\tServeur d&#8217;\u00e9ducation ouvert\n\t<\/h4>\n\t<p>L&#8217;Open Education Server est une instance Nextcloud avec Libre Office et Nextcloud Talk d\u00e9velopp\u00e9e pour le simple \u00e9change de documents dans les \u00e9coles.<\/p>\n\t\t\t<a href=\"https:\/\/www.openeduserver.ch\/\" target=\"_blank\" role=\"button\" rel=\"noopener\">\n\t\t\t\t\t\t\tOpen Edu Server\n\t\t\t\t\t<\/a>\n<h2>\n\t\tDevenez membre maintenant\n\t<\/h2>\n\tDevenez membre du CH Open et b\u00e9n\u00e9ficiez de remises tarifaires attractives sur nos \u00e9v\u00e9nements payants.<br>\nDevenez membre de CH Open et participez \u00e0 nos \u00e9v\u00e9nements en profitant de rabais attractifs. De plus, <a title=\"Ouvre un lien externe dans une nouvelle fen\u00eatre\" href=\"http:\/\/www.jug.ch\/\" target=\"_blank\" rel=\"noopener noreferrer\">Java User Group Switzerland<\/a> (jug.ch) et <a title=\"Ouvre un lien externe dans une nouvelle fen\u00eatre\" href=\"http:\/\/www.swissict.ch\/\" target=\"_blank\" rel=\"noopener noreferrer\">swissICT<\/a> vous feront en principe b\u00e9n\u00e9ficier des m\u00eames conditions avantageuses propos\u00e9es \u00e0 leurs membres.\n\t\t\t<a href=\"https:\/\/www.ch-open.ch\/fr\/sur-ch-open\/les-membres\/\" target=\"_self\" role=\"button\" rel=\"noopener\">\n\t\t\t\t\t\tDevenez membre maintenant\n\t\t\t\t\t<\/a>\n","protected":false},"excerpt":{"rendered":"<p>Activit\u00e9s CH Open offers numerous conferences and events on the topic of open source through its various national working groups. With the working groups, CH Open aims to intensify and promote the theoretical and practical expertise of CH Open members and interested parties in the field of open source software, but also in related areas&hellip;<\/p>\n","protected":false},"author":1,"featured_media":0,"parent":0,"menu_order":0,"comment_status":"closed","ping_status":"closed","template":"","meta":{"_acf_changed":false,"footnotes":""},"class_list":["post-3014","page","type-page","status-publish","hentry"],"acf":[],"yoast_head":"<!-- This site is optimized with the Yoast SEO Premium plugin v22.2 (Yoast SEO v27.3) - https:\/\/yoast.com\/product\/yoast-seo-premium-wordpress\/ -->\n<title>Activit\u00e9s &#060; CH Open<\/title>\n<meta name=\"robots\" content=\"index, follow, max-snippet:-1, max-image-preview:large, max-video-preview:-1\" \/>\n<link rel=\"canonical\" href=\"https:\/\/www.ch-open.ch\/fr\/activites\/\" \/>\n<meta property=\"og:locale\" content=\"fr_FR\" \/>\n<meta property=\"og:type\" content=\"article\" \/>\n<meta property=\"og:title\" content=\"Activit\u00e9s\" \/>\n<meta property=\"og:description\" content=\"Activit\u00e9s CH Open offers numerous conferences and events on the topic of open source through its various national working groups. With the working groups, CH Open aims to intensify and promote the theoretical and practical expertise of CH Open members and interested parties in the field of open source software, but also in related areas&hellip;\" \/>\n<meta property=\"og:url\" content=\"https:\/\/www.ch-open.ch\/fr\/activites\/\" \/>\n<meta property=\"og:site_name\" content=\"CH Open\" \/>\n<meta property=\"article:modified_time\" content=\"2022-01-27T16:09:35+00:00\" \/>\n<meta name=\"twitter:card\" content=\"summary_large_image\" \/>\n<meta name=\"twitter:site\" content=\"@ch_open\" \/>\n<meta name=\"twitter:label1\" content=\"Dur\u00e9e de lecture estim\u00e9e\" \/>\n\t<meta name=\"twitter:data1\" content=\"4 minutes\" \/>\n<script type=\"application\/ld+json\" class=\"yoast-schema-graph\">{\"@context\":\"https:\\\/\\\/schema.org\",\"@graph\":[{\"@type\":\"WebPage\",\"@id\":\"https:\\\/\\\/www.ch-open.ch\\\/fr\\\/activites\\\/\",\"url\":\"https:\\\/\\\/www.ch-open.ch\\\/fr\\\/activites\\\/\",\"name\":\"Activit\u00e9s &#060; CH Open\",\"isPartOf\":{\"@id\":\"https:\\\/\\\/www.ch-open.ch\\\/#website\"},\"datePublished\":\"2017-01-20T17:53:32+00:00\",\"dateModified\":\"2022-01-27T16:09:35+00:00\",\"breadcrumb\":{\"@id\":\"https:\\\/\\\/www.ch-open.ch\\\/fr\\\/activites\\\/#breadcrumb\"},\"inLanguage\":\"fr-FR\",\"potentialAction\":[{\"@type\":\"ReadAction\",\"target\":[\"https:\\\/\\\/www.ch-open.ch\\\/fr\\\/activites\\\/\"]}]},{\"@type\":\"BreadcrumbList\",\"@id\":\"https:\\\/\\\/www.ch-open.ch\\\/fr\\\/activites\\\/#breadcrumb\",\"itemListElement\":[{\"@type\":\"ListItem\",\"position\":1,\"name\":\"Home\",\"item\":\"https:\\\/\\\/www.ch-open.ch\\\/fr\\\/\"},{\"@type\":\"ListItem\",\"position\":2,\"name\":\"Activit\u00e9s\"}]},{\"@type\":\"WebSite\",\"@id\":\"https:\\\/\\\/www.ch-open.ch\\\/#website\",\"url\":\"https:\\\/\\\/www.ch-open.ch\\\/\",\"name\":\"CH Open\",\"description\":\"Verein CH Open\",\"publisher\":{\"@id\":\"https:\\\/\\\/www.ch-open.ch\\\/#organization\"},\"potentialAction\":[{\"@type\":\"SearchAction\",\"target\":{\"@type\":\"EntryPoint\",\"urlTemplate\":\"https:\\\/\\\/www.ch-open.ch\\\/?s={search_term_string}\"},\"query-input\":{\"@type\":\"PropertyValueSpecification\",\"valueRequired\":true,\"valueName\":\"search_term_string\"}}],\"inLanguage\":\"fr-FR\"},{\"@type\":\"Organization\",\"@id\":\"https:\\\/\\\/www.ch-open.ch\\\/#organization\",\"name\":\"CH Open\",\"url\":\"https:\\\/\\\/www.ch-open.ch\\\/\",\"logo\":{\"@type\":\"ImageObject\",\"inLanguage\":\"fr-FR\",\"@id\":\"https:\\\/\\\/www.ch-open.ch\\\/#\\\/schema\\\/logo\\\/image\\\/\",\"url\":\"https:\\\/\\\/www.ch-open.ch\\\/wp-content\\\/uploads\\\/2017\\\/03\\\/CHOpen_Logo_700.png\",\"contentUrl\":\"https:\\\/\\\/www.ch-open.ch\\\/wp-content\\\/uploads\\\/2017\\\/03\\\/CHOpen_Logo_700.png\",\"width\":700,\"height\":256,\"caption\":\"CH Open\"},\"image\":{\"@id\":\"https:\\\/\\\/www.ch-open.ch\\\/#\\\/schema\\\/logo\\\/image\\\/\"},\"sameAs\":[\"https:\\\/\\\/x.com\\\/ch_open\",\"https:\\\/\\\/www.youtube.com\\\/user\\\/openexpo\"]}]}<\/script>\n<!-- \/ Yoast SEO Premium plugin. -->","yoast_head_json":{"title":"Activit\u00e9s &#060; CH Open","robots":{"index":"index","follow":"follow","max-snippet":"max-snippet:-1","max-image-preview":"max-image-preview:large","max-video-preview":"max-video-preview:-1"},"canonical":"https:\/\/www.ch-open.ch\/fr\/activites\/","og_locale":"fr_FR","og_type":"article","og_title":"Activit\u00e9s","og_description":"Activit\u00e9s CH Open offers numerous conferences and events on the topic of open source through its various national working groups. With the working groups, CH Open aims to intensify and promote the theoretical and practical expertise of CH Open members and interested parties in the field of open source software, but also in related areas&hellip;","og_url":"https:\/\/www.ch-open.ch\/fr\/activites\/","og_site_name":"CH Open","article_modified_time":"2022-01-27T16:09:35+00:00","twitter_card":"summary_large_image","twitter_site":"@ch_open","twitter_misc":{"Dur\u00e9e de lecture estim\u00e9e":"4 minutes"},"schema":{"@context":"https:\/\/schema.org","@graph":[{"@type":"WebPage","@id":"https:\/\/www.ch-open.ch\/fr\/activites\/","url":"https:\/\/www.ch-open.ch\/fr\/activites\/","name":"Activit\u00e9s &#060; CH Open","isPartOf":{"@id":"https:\/\/www.ch-open.ch\/#website"},"datePublished":"2017-01-20T17:53:32+00:00","dateModified":"2022-01-27T16:09:35+00:00","breadcrumb":{"@id":"https:\/\/www.ch-open.ch\/fr\/activites\/#breadcrumb"},"inLanguage":"fr-FR","potentialAction":[{"@type":"ReadAction","target":["https:\/\/www.ch-open.ch\/fr\/activites\/"]}]},{"@type":"BreadcrumbList","@id":"https:\/\/www.ch-open.ch\/fr\/activites\/#breadcrumb","itemListElement":[{"@type":"ListItem","position":1,"name":"Home","item":"https:\/\/www.ch-open.ch\/fr\/"},{"@type":"ListItem","position":2,"name":"Activit\u00e9s"}]},{"@type":"WebSite","@id":"https:\/\/www.ch-open.ch\/#website","url":"https:\/\/www.ch-open.ch\/","name":"CH Open","description":"Verein CH Open","publisher":{"@id":"https:\/\/www.ch-open.ch\/#organization"},"potentialAction":[{"@type":"SearchAction","target":{"@type":"EntryPoint","urlTemplate":"https:\/\/www.ch-open.ch\/?s={search_term_string}"},"query-input":{"@type":"PropertyValueSpecification","valueRequired":true,"valueName":"search_term_string"}}],"inLanguage":"fr-FR"},{"@type":"Organization","@id":"https:\/\/www.ch-open.ch\/#organization","name":"CH Open","url":"https:\/\/www.ch-open.ch\/","logo":{"@type":"ImageObject","inLanguage":"fr-FR","@id":"https:\/\/www.ch-open.ch\/#\/schema\/logo\/image\/","url":"https:\/\/www.ch-open.ch\/wp-content\/uploads\/2017\/03\/CHOpen_Logo_700.png","contentUrl":"https:\/\/www.ch-open.ch\/wp-content\/uploads\/2017\/03\/CHOpen_Logo_700.png","width":700,"height":256,"caption":"CH Open"},"image":{"@id":"https:\/\/www.ch-open.ch\/#\/schema\/logo\/image\/"},"sameAs":["https:\/\/x.com\/ch_open","https:\/\/www.youtube.com\/user\/openexpo"]}]}},"_links":{"self":[{"href":"https:\/\/www.ch-open.ch\/fr\/wp-json\/wp\/v2\/pages\/3014","targetHints":{"allow":["GET"]}}],"collection":[{"href":"https:\/\/www.ch-open.ch\/fr\/wp-json\/wp\/v2\/pages"}],"about":[{"href":"https:\/\/www.ch-open.ch\/fr\/wp-json\/wp\/v2\/types\/page"}],"author":[{"embeddable":true,"href":"https:\/\/www.ch-open.ch\/fr\/wp-json\/wp\/v2\/users\/1"}],"replies":[{"embeddable":true,"href":"https:\/\/www.ch-open.ch\/fr\/wp-json\/wp\/v2\/comments?post=3014"}],"version-history":[{"count":3,"href":"https:\/\/www.ch-open.ch\/fr\/wp-json\/wp\/v2\/pages\/3014\/revisions"}],"predecessor-version":[{"id":11557,"href":"https:\/\/www.ch-open.ch\/fr\/wp-json\/wp\/v2\/pages\/3014\/revisions\/11557"}],"wp:attachment":[{"href":"https:\/\/www.ch-open.ch\/fr\/wp-json\/wp\/v2\/media?parent=3014"}],"curies":[{"name":"wp","href":"https:\/\/api.w.org\/{rel}","templated":true}]}}