{"id":3030,"date":"2017-06-29T13:19:58","date_gmt":"2017-06-29T11:19:58","guid":{"rendered":"https:\/\/www.ch-open.ch\/?page_id=3030"},"modified":"2021-12-23T14:08:00","modified_gmt":"2021-12-23T13:08:00","slug":"impressum","status":"publish","type":"page","link":"https:\/\/www.ch-open.ch\/fr\/impressum\/","title":{"rendered":"Impressum"},"content":{"rendered":"\n\n\t\n<a href=\"http:\/\/ch-open.ch\">CH Open<\/a><br \/>\nBr\u00fcckenstrasse 73<br \/>\nCH-3005 Berne<br \/>\n<a href=\"mailto:info@ch-open.ch\">info@ch-open.ch<\/a>\n<p>&nbsp;<\/p>\n\n<a href=\"https:\/\/www.snowflake.ch\/\" target=\"_blank\" rel=\"noopener\">snowflake productions gmbh<\/a><br \/>\nBirmensdorferstrasse 94<br \/>\nCH-8003 Z\u00fcrich<br \/>\nTel: +41 58 680 32 32<br \/>\nFax: +41 58 680 32 33<br \/>\n<a href=\"mailto:zuerich@snowflake.ch\">zuerich@snowflake.ch<\/a>\n<p>&nbsp;<\/p>\n\n<a href=\"https:\/\/webbee.ch\/\" target=\"_blank\" rel=\"noopener\">WebBee<br \/>\n<\/a>Jo\u00ebl\u00a0Schmid<br \/>\nH\u00fcebeliweg 37<br \/>\nCH-8636 Wald ZH<br \/>\n<a href=\"mailto:info@webbee.ch\">info@webbee.ch<\/a>\n<p>&nbsp;<\/p>\n\n<a href=\"https:\/\/whyopencomputing.ch\" target=\"_blank\" rel=\"noopener\">why! open computing SA<\/a><br \/>\nRte de Renens 4<br \/>\nCH<strong>&#8211;<\/strong>1008 Prilly<br \/>\nTel. +41 21 661 22 22\n\n","protected":false},"excerpt":{"rendered":"<p>CH Open Br\u00fcckenstrasse 73 CH-3005 Berne info@ch-open.ch &nbsp; snowflake productions gmbh Birmensdorferstrasse 94 CH-8003 Z\u00fcrich Tel: +41 58 680 32 32 Fax: +41 58 680 32 33 zuerich@snowflake.ch &nbsp; WebBee Jo\u00ebl\u00a0Schmid H\u00fcebeliweg 37 CH-8636 Wald ZH info@webbee.ch &nbsp; why! open computing SA Rte de Renens 4 CH&#8211;1008 Prilly Tel. +41 21 661 22 22<\/p>\n","protected":false},"author":14,"featured_media":0,"parent":0,"menu_order":0,"comment_status":"closed","ping_status":"closed","template":"","meta":{"_acf_changed":false,"footnotes":""},"class_list":["post-3030","page","type-page","status-publish","hentry"],"acf":[],"yoast_head":"<!-- This site is optimized with the Yoast SEO Premium plugin v22.2 (Yoast SEO v27.5) - https:\/\/yoast.com\/product\/yoast-seo-premium-wordpress\/ -->\n<title>Impressum &#060; CH Open<\/title>\n<meta name=\"robots\" content=\"index, follow, max-snippet:-1, max-image-preview:large, max-video-preview:-1\" \/>\n<link rel=\"canonical\" href=\"https:\/\/www.ch-open.ch\/fr\/impressum\/\" \/>\n<meta property=\"og:locale\" content=\"fr_FR\" \/>\n<meta property=\"og:type\" content=\"article\" \/>\n<meta property=\"og:title\" content=\"Impressum\" \/>\n<meta property=\"og:description\" content=\"CH Open Br\u00fcckenstrasse 73 CH-3005 Berne info@ch-open.ch &nbsp; snowflake productions gmbh Birmensdorferstrasse 94 CH-8003 Z\u00fcrich Tel: +41 58 680 32 32 Fax: +41 58 680 32 33 zuerich@snowflake.ch &nbsp; WebBee Jo\u00ebl\u00a0Schmid H\u00fcebeliweg 37 CH-8636 Wald ZH info@webbee.ch &nbsp; why! open computing SA Rte de Renens 4 CH&#8211;1008 Prilly Tel. +41 21 661 22 22\" \/>\n<meta property=\"og:url\" content=\"https:\/\/www.ch-open.ch\/fr\/impressum\/\" \/>\n<meta property=\"og:site_name\" content=\"CH Open\" \/>\n<meta property=\"article:modified_time\" content=\"2021-12-23T13:08:00+00:00\" \/>\n<meta name=\"twitter:card\" content=\"summary_large_image\" \/>\n<meta name=\"twitter:site\" content=\"@ch_open\" \/>\n<script type=\"application\/ld+json\" class=\"yoast-schema-graph\">{\"@context\":\"https:\\\/\\\/schema.org\",\"@graph\":[{\"@type\":\"WebPage\",\"@id\":\"https:\\\/\\\/www.ch-open.ch\\\/fr\\\/impressum\\\/\",\"url\":\"https:\\\/\\\/www.ch-open.ch\\\/fr\\\/impressum\\\/\",\"name\":\"Impressum &#060; CH Open\",\"isPartOf\":{\"@id\":\"https:\\\/\\\/www.ch-open.ch\\\/#website\"},\"datePublished\":\"2017-06-29T11:19:58+00:00\",\"dateModified\":\"2021-12-23T13:08:00+00:00\",\"breadcrumb\":{\"@id\":\"https:\\\/\\\/www.ch-open.ch\\\/fr\\\/impressum\\\/#breadcrumb\"},\"inLanguage\":\"fr-FR\",\"potentialAction\":[{\"@type\":\"ReadAction\",\"target\":[\"https:\\\/\\\/www.ch-open.ch\\\/fr\\\/impressum\\\/\"]}]},{\"@type\":\"BreadcrumbList\",\"@id\":\"https:\\\/\\\/www.ch-open.ch\\\/fr\\\/impressum\\\/#breadcrumb\",\"itemListElement\":[{\"@type\":\"ListItem\",\"position\":1,\"name\":\"Home\",\"item\":\"https:\\\/\\\/www.ch-open.ch\\\/fr\\\/\"},{\"@type\":\"ListItem\",\"position\":2,\"name\":\"Impressum\"}]},{\"@type\":\"WebSite\",\"@id\":\"https:\\\/\\\/www.ch-open.ch\\\/#website\",\"url\":\"https:\\\/\\\/www.ch-open.ch\\\/\",\"name\":\"CH Open\",\"description\":\"Verein CH Open\",\"publisher\":{\"@id\":\"https:\\\/\\\/www.ch-open.ch\\\/#organization\"},\"potentialAction\":[{\"@type\":\"SearchAction\",\"target\":{\"@type\":\"EntryPoint\",\"urlTemplate\":\"https:\\\/\\\/www.ch-open.ch\\\/?s={search_term_string}\"},\"query-input\":{\"@type\":\"PropertyValueSpecification\",\"valueRequired\":true,\"valueName\":\"search_term_string\"}}],\"inLanguage\":\"fr-FR\"},{\"@type\":\"Organization\",\"@id\":\"https:\\\/\\\/www.ch-open.ch\\\/#organization\",\"name\":\"CH Open\",\"url\":\"https:\\\/\\\/www.ch-open.ch\\\/\",\"logo\":{\"@type\":\"ImageObject\",\"inLanguage\":\"fr-FR\",\"@id\":\"https:\\\/\\\/www.ch-open.ch\\\/#\\\/schema\\\/logo\\\/image\\\/\",\"url\":\"https:\\\/\\\/www.ch-open.ch\\\/wp-content\\\/uploads\\\/2017\\\/03\\\/CHOpen_Logo_700.png\",\"contentUrl\":\"https:\\\/\\\/www.ch-open.ch\\\/wp-content\\\/uploads\\\/2017\\\/03\\\/CHOpen_Logo_700.png\",\"width\":700,\"height\":256,\"caption\":\"CH Open\"},\"image\":{\"@id\":\"https:\\\/\\\/www.ch-open.ch\\\/#\\\/schema\\\/logo\\\/image\\\/\"},\"sameAs\":[\"https:\\\/\\\/x.com\\\/ch_open\",\"https:\\\/\\\/www.youtube.com\\\/user\\\/openexpo\"]}]}<\/script>\n<!-- \/ Yoast SEO Premium plugin. -->","yoast_head_json":{"title":"Impressum &#060; CH Open","robots":{"index":"index","follow":"follow","max-snippet":"max-snippet:-1","max-image-preview":"max-image-preview:large","max-video-preview":"max-video-preview:-1"},"canonical":"https:\/\/www.ch-open.ch\/fr\/impressum\/","og_locale":"fr_FR","og_type":"article","og_title":"Impressum","og_description":"CH Open Br\u00fcckenstrasse 73 CH-3005 Berne info@ch-open.ch &nbsp; snowflake productions gmbh Birmensdorferstrasse 94 CH-8003 Z\u00fcrich Tel: +41 58 680 32 32 Fax: +41 58 680 32 33 zuerich@snowflake.ch &nbsp; WebBee Jo\u00ebl\u00a0Schmid H\u00fcebeliweg 37 CH-8636 Wald ZH info@webbee.ch &nbsp; why! open computing SA Rte de Renens 4 CH&#8211;1008 Prilly Tel. +41 21 661 22 22","og_url":"https:\/\/www.ch-open.ch\/fr\/impressum\/","og_site_name":"CH Open","article_modified_time":"2021-12-23T13:08:00+00:00","twitter_card":"summary_large_image","twitter_site":"@ch_open","schema":{"@context":"https:\/\/schema.org","@graph":[{"@type":"WebPage","@id":"https:\/\/www.ch-open.ch\/fr\/impressum\/","url":"https:\/\/www.ch-open.ch\/fr\/impressum\/","name":"Impressum &#060; CH Open","isPartOf":{"@id":"https:\/\/www.ch-open.ch\/#website"},"datePublished":"2017-06-29T11:19:58+00:00","dateModified":"2021-12-23T13:08:00+00:00","breadcrumb":{"@id":"https:\/\/www.ch-open.ch\/fr\/impressum\/#breadcrumb"},"inLanguage":"fr-FR","potentialAction":[{"@type":"ReadAction","target":["https:\/\/www.ch-open.ch\/fr\/impressum\/"]}]},{"@type":"BreadcrumbList","@id":"https:\/\/www.ch-open.ch\/fr\/impressum\/#breadcrumb","itemListElement":[{"@type":"ListItem","position":1,"name":"Home","item":"https:\/\/www.ch-open.ch\/fr\/"},{"@type":"ListItem","position":2,"name":"Impressum"}]},{"@type":"WebSite","@id":"https:\/\/www.ch-open.ch\/#website","url":"https:\/\/www.ch-open.ch\/","name":"CH Open","description":"Verein CH Open","publisher":{"@id":"https:\/\/www.ch-open.ch\/#organization"},"potentialAction":[{"@type":"SearchAction","target":{"@type":"EntryPoint","urlTemplate":"https:\/\/www.ch-open.ch\/?s={search_term_string}"},"query-input":{"@type":"PropertyValueSpecification","valueRequired":true,"valueName":"search_term_string"}}],"inLanguage":"fr-FR"},{"@type":"Organization","@id":"https:\/\/www.ch-open.ch\/#organization","name":"CH Open","url":"https:\/\/www.ch-open.ch\/","logo":{"@type":"ImageObject","inLanguage":"fr-FR","@id":"https:\/\/www.ch-open.ch\/#\/schema\/logo\/image\/","url":"https:\/\/www.ch-open.ch\/wp-content\/uploads\/2017\/03\/CHOpen_Logo_700.png","contentUrl":"https:\/\/www.ch-open.ch\/wp-content\/uploads\/2017\/03\/CHOpen_Logo_700.png","width":700,"height":256,"caption":"CH Open"},"image":{"@id":"https:\/\/www.ch-open.ch\/#\/schema\/logo\/image\/"},"sameAs":["https:\/\/x.com\/ch_open","https:\/\/www.youtube.com\/user\/openexpo"]}]}},"_links":{"self":[{"href":"https:\/\/www.ch-open.ch\/fr\/wp-json\/wp\/v2\/pages\/3030","targetHints":{"allow":["GET"]}}],"collection":[{"href":"https:\/\/www.ch-open.ch\/fr\/wp-json\/wp\/v2\/pages"}],"about":[{"href":"https:\/\/www.ch-open.ch\/fr\/wp-json\/wp\/v2\/types\/page"}],"author":[{"embeddable":true,"href":"https:\/\/www.ch-open.ch\/fr\/wp-json\/wp\/v2\/users\/14"}],"replies":[{"embeddable":true,"href":"https:\/\/www.ch-open.ch\/fr\/wp-json\/wp\/v2\/comments?post=3030"}],"version-history":[{"count":3,"href":"https:\/\/www.ch-open.ch\/fr\/wp-json\/wp\/v2\/pages\/3030\/revisions"}],"predecessor-version":[{"id":8015,"href":"https:\/\/www.ch-open.ch\/fr\/wp-json\/wp\/v2\/pages\/3030\/revisions\/8015"}],"wp:attachment":[{"href":"https:\/\/www.ch-open.ch\/fr\/wp-json\/wp\/v2\/media?parent=3030"}],"curies":[{"name":"wp","href":"https:\/\/api.w.org\/{rel}","templated":true}]}}