{"id":3033,"date":"2017-11-25T17:21:07","date_gmt":"2017-11-25T16:21:07","guid":{"rendered":"https:\/\/www.ch-open.ch\/?page_id=3033"},"modified":"2022-12-29T11:14:18","modified_gmt":"2022-12-29T10:14:18","slug":"conference-sur-les-marches-publics-et-acquisitions-tic","status":"publish","type":"page","link":"https:\/\/www.ch-open.ch\/fr\/conference-sur-les-marches-publics-et-acquisitions-tic\/","title":{"rendered":"Conference sur les marches publics et acquisitions TIC"},"content":{"rendered":"\n<h1>\n\t\tConference sur les marches publics et acquisitions TIC\n\t<\/h1>\n\t<p>CH Open est co-organisateur de la conf\u00e9rence annuelle sur les achats IT. Les t\u00e2ches qui lui incombent dans le cadre du Comit\u00e9 sont les suivantes:<\/p>\n<ul>\n<li>Participation aux s\u00e9ances du comit\u00e9 d&#8217;organisation<\/li>\n<li>Participation au choix du th\u00e8me principal et des sessions sp\u00e9cialis\u00e9es<\/li>\n<li>Prise en compte des aspects propres aux logiciels libres (OSS) dans les appels d&#8217;offres et les achats<\/li>\n<li>R\u00e9seautage dans le monde des achats IT et des logiciels libres (OSS)<\/li>\n<\/ul>\n\t\t\t<a href=\"https:\/\/www.bfh.ch\/de\/aktuell\/fachveranstaltungen\/it-beschaffungskonferenz-2023\/\" target=\"_self\" role=\"button\" rel=\"noopener\">\n\t\t\t\t\t\t\tAller sur le site web\n\t\t\t\t\t<\/a>\n<h2>\n\t\tArchives\n\t<\/h2>\n\t<p>Des impressions des ann\u00e9es pr\u00e9c\u00e9dentes sont publi\u00e9es sur le site web du <a href=\"http:\/\/www.digitale-nachhaltigkeit.unibe.ch\/weiterbildung\/it_beschaffungskonferenz\/index_ger.html\">Centre de recherche sur la durabilit\u00e9 num\u00e9rique<\/a>:<\/p>\n<ul>\n<li>Conf\u00e9rence sur les march\u00e9s publics IT 2022 : <a href=\"https:\/\/www.bfh.ch\/de\/aktuell\/fachveranstaltungen\/it-beschaffungskonferenz-2022\/\">Make or buy &#8211; Make and buy<\/a><\/li>\n<li>Conf\u00e9rence sur les march\u00e9s publics IT 2021 : <a href=\"https:\/\/www.digitale-nachhaltigkeit.unibe.ch\/weiterbildung\/it_beschaffungskonferenz\/programm_2021\/index_ger.html\">les opportunit\u00e9s offertes par le nouveau droit des march\u00e9s publics<\/a><\/li>\n<li>Conf\u00e9rence sur les march\u00e9s publics IT 2020 : <a href=\"https:\/\/www.digitale-nachhaltigkeit.unibe.ch\/weiterbildung\/it_beschaffungskonferenz\/programm_2020\/index_ger.html\">le courage d&#8217;aller de l&#8217;avant<\/a><\/li>\n<li>Conf\u00e9rence sur les march\u00e9s publics IT 2019 : <a href=\"https:\/\/www.digitale-nachhaltigkeit.unibe.ch\/weiterbildung\/it_beschaffungskonferenz\/index_ger.html\" target=\"_blank\" rel=\"noopener\">construire l&#8217;avenir<\/a><\/li>\n<li>Conf\u00e9rence sur les march\u00e9s publics IT 2018 : <a href=\"http:\/\/www.digitale-nachhaltigkeit.unibe.ch\/weiterbildung\/it_beschaffungskonferenz\/2018\/index_ger.html\" target=\"_blank\" rel=\"noopener\">Les achats informatiques \u00e0 la lumi\u00e8re de la transformation num\u00e9rique<\/a><\/li>\n<li>Conf\u00e9rence sur les march\u00e9s publics IT 2017 : <a href=\"http:\/\/www.digitale-nachhaltigkeit.unibe.ch\/weiterbildung\/it_beschaffungskonferenz\/2017\/index_ger.html\">l&#8217;avenir des achats informatiques<\/a><\/li>\n<li>Conf\u00e9rence sur les march\u00e9s publics IT 2016 : <a href=\"http:\/\/www.digitale-nachhaltigkeit.unibe.ch\/weiterbildung\/it_beschaffungskonferenz\/2016\/index_ger.html\">des achats all\u00e9g\u00e9s et flexibles<\/a><\/li>\n<li>Conf\u00e9rence sur les march\u00e9s publics IT 2015 : <a href=\"http:\/\/www.digitale-nachhaltigkeit.unibe.ch\/weiterbildung\/it_beschaffungskonferenz\/2015\/index_ger.html\">Acquisition et gestion de projets informatiques complexes<\/a><\/li>\n<li>Conf\u00e9rence sur les march\u00e9s publics IT 2014 : <a href=\"http:\/\/www.digitale-nachhaltigkeit.unibe.ch\/weiterbildung\/it_beschaffungskonferenz\/2014\/index_ger.html\">en quoi les achats informatiques publics se distinguent-ils des achats priv\u00e9s ?<\/a><\/li>\n<li>Conf\u00e9rence sur les march\u00e9s publics IT 2013 : <a href=\"http:\/\/www.digitale-nachhaltigkeit.unibe.ch\/weiterbildung\/it_beschaffungskonferenz\/2014\/index_ger.html\">approvisionnement agile et transparence<\/a><\/li>\n<li><a href=\"http:\/\/www.digitale-nachhaltigkeit.unibe.ch\/weiterbildung\/it_beschaffungskonferenz\/2012\/index_ger.html\">Conf\u00e9rence sur les march\u00e9s publics IT 2012<\/a><\/li>\n<\/ul>\n\n","protected":false},"excerpt":{"rendered":"<p>Conference sur les marches publics et acquisitions TIC CH Open est co-organisateur de la conf\u00e9rence annuelle sur les achats IT. Les t\u00e2ches qui lui incombent dans le cadre du Comit\u00e9 sont les suivantes: Participation aux s\u00e9ances du comit\u00e9 d&#8217;organisation Participation au choix du th\u00e8me principal et des sessions sp\u00e9cialis\u00e9es Prise en compte des aspects propres&hellip;<\/p>\n","protected":false},"author":10,"featured_media":0,"parent":0,"menu_order":0,"comment_status":"closed","ping_status":"closed","template":"","meta":{"_acf_changed":false,"footnotes":""},"class_list":["post-3033","page","type-page","status-publish","hentry"],"acf":[],"yoast_head":"<!-- This site is optimized with the Yoast SEO Premium plugin v22.2 (Yoast SEO v27.3) - https:\/\/yoast.com\/product\/yoast-seo-premium-wordpress\/ -->\n<title>Conference sur les marches publics et acquisitions TIC &#060; CH Open<\/title>\n<meta name=\"robots\" content=\"index, follow, max-snippet:-1, max-image-preview:large, max-video-preview:-1\" \/>\n<link rel=\"canonical\" href=\"https:\/\/www.ch-open.ch\/fr\/conference-sur-les-marches-publics-et-acquisitions-tic\/\" \/>\n<meta property=\"og:locale\" content=\"fr_FR\" \/>\n<meta property=\"og:type\" content=\"article\" \/>\n<meta property=\"og:title\" content=\"Conference sur les marches publics et acquisitions TIC\" \/>\n<meta property=\"og:description\" content=\"Conference sur les marches publics et acquisitions TIC CH Open est co-organisateur de la conf\u00e9rence annuelle sur les achats IT. Les t\u00e2ches qui lui incombent dans le cadre du Comit\u00e9 sont les suivantes: Participation aux s\u00e9ances du comit\u00e9 d&#8217;organisation Participation au choix du th\u00e8me principal et des sessions sp\u00e9cialis\u00e9es Prise en compte des aspects propres&hellip;\" \/>\n<meta property=\"og:url\" content=\"https:\/\/www.ch-open.ch\/fr\/conference-sur-les-marches-publics-et-acquisitions-tic\/\" \/>\n<meta property=\"og:site_name\" content=\"CH Open\" \/>\n<meta property=\"article:modified_time\" content=\"2022-12-29T10:14:18+00:00\" \/>\n<meta name=\"twitter:card\" content=\"summary_large_image\" \/>\n<meta name=\"twitter:site\" content=\"@ch_open\" \/>\n<meta name=\"twitter:label1\" content=\"Dur\u00e9e de lecture estim\u00e9e\" \/>\n\t<meta name=\"twitter:data1\" content=\"1 minute\" \/>\n<script type=\"application\/ld+json\" class=\"yoast-schema-graph\">{\"@context\":\"https:\\\/\\\/schema.org\",\"@graph\":[{\"@type\":\"WebPage\",\"@id\":\"https:\\\/\\\/www.ch-open.ch\\\/fr\\\/conference-sur-les-marches-publics-et-acquisitions-tic\\\/\",\"url\":\"https:\\\/\\\/www.ch-open.ch\\\/fr\\\/conference-sur-les-marches-publics-et-acquisitions-tic\\\/\",\"name\":\"Conference sur les marches publics et acquisitions TIC &#060; CH Open\",\"isPartOf\":{\"@id\":\"https:\\\/\\\/www.ch-open.ch\\\/#website\"},\"datePublished\":\"2017-11-25T16:21:07+00:00\",\"dateModified\":\"2022-12-29T10:14:18+00:00\",\"breadcrumb\":{\"@id\":\"https:\\\/\\\/www.ch-open.ch\\\/fr\\\/conference-sur-les-marches-publics-et-acquisitions-tic\\\/#breadcrumb\"},\"inLanguage\":\"fr-FR\",\"potentialAction\":[{\"@type\":\"ReadAction\",\"target\":[\"https:\\\/\\\/www.ch-open.ch\\\/fr\\\/conference-sur-les-marches-publics-et-acquisitions-tic\\\/\"]}]},{\"@type\":\"BreadcrumbList\",\"@id\":\"https:\\\/\\\/www.ch-open.ch\\\/fr\\\/conference-sur-les-marches-publics-et-acquisitions-tic\\\/#breadcrumb\",\"itemListElement\":[{\"@type\":\"ListItem\",\"position\":1,\"name\":\"Home\",\"item\":\"https:\\\/\\\/www.ch-open.ch\\\/fr\\\/\"},{\"@type\":\"ListItem\",\"position\":2,\"name\":\"Conference sur les marches publics et acquisitions TIC\"}]},{\"@type\":\"WebSite\",\"@id\":\"https:\\\/\\\/www.ch-open.ch\\\/#website\",\"url\":\"https:\\\/\\\/www.ch-open.ch\\\/\",\"name\":\"CH Open\",\"description\":\"Verein CH Open\",\"publisher\":{\"@id\":\"https:\\\/\\\/www.ch-open.ch\\\/#organization\"},\"potentialAction\":[{\"@type\":\"SearchAction\",\"target\":{\"@type\":\"EntryPoint\",\"urlTemplate\":\"https:\\\/\\\/www.ch-open.ch\\\/?s={search_term_string}\"},\"query-input\":{\"@type\":\"PropertyValueSpecification\",\"valueRequired\":true,\"valueName\":\"search_term_string\"}}],\"inLanguage\":\"fr-FR\"},{\"@type\":\"Organization\",\"@id\":\"https:\\\/\\\/www.ch-open.ch\\\/#organization\",\"name\":\"CH Open\",\"url\":\"https:\\\/\\\/www.ch-open.ch\\\/\",\"logo\":{\"@type\":\"ImageObject\",\"inLanguage\":\"fr-FR\",\"@id\":\"https:\\\/\\\/www.ch-open.ch\\\/#\\\/schema\\\/logo\\\/image\\\/\",\"url\":\"https:\\\/\\\/www.ch-open.ch\\\/wp-content\\\/uploads\\\/2017\\\/03\\\/CHOpen_Logo_700.png\",\"contentUrl\":\"https:\\\/\\\/www.ch-open.ch\\\/wp-content\\\/uploads\\\/2017\\\/03\\\/CHOpen_Logo_700.png\",\"width\":700,\"height\":256,\"caption\":\"CH Open\"},\"image\":{\"@id\":\"https:\\\/\\\/www.ch-open.ch\\\/#\\\/schema\\\/logo\\\/image\\\/\"},\"sameAs\":[\"https:\\\/\\\/x.com\\\/ch_open\",\"https:\\\/\\\/www.youtube.com\\\/user\\\/openexpo\"]}]}<\/script>\n<!-- \/ Yoast SEO Premium plugin. -->","yoast_head_json":{"title":"Conference sur les marches publics et acquisitions TIC &#060; CH Open","robots":{"index":"index","follow":"follow","max-snippet":"max-snippet:-1","max-image-preview":"max-image-preview:large","max-video-preview":"max-video-preview:-1"},"canonical":"https:\/\/www.ch-open.ch\/fr\/conference-sur-les-marches-publics-et-acquisitions-tic\/","og_locale":"fr_FR","og_type":"article","og_title":"Conference sur les marches publics et acquisitions TIC","og_description":"Conference sur les marches publics et acquisitions TIC CH Open est co-organisateur de la conf\u00e9rence annuelle sur les achats IT. Les t\u00e2ches qui lui incombent dans le cadre du Comit\u00e9 sont les suivantes: Participation aux s\u00e9ances du comit\u00e9 d&#8217;organisation Participation au choix du th\u00e8me principal et des sessions sp\u00e9cialis\u00e9es Prise en compte des aspects propres&hellip;","og_url":"https:\/\/www.ch-open.ch\/fr\/conference-sur-les-marches-publics-et-acquisitions-tic\/","og_site_name":"CH Open","article_modified_time":"2022-12-29T10:14:18+00:00","twitter_card":"summary_large_image","twitter_site":"@ch_open","twitter_misc":{"Dur\u00e9e de lecture estim\u00e9e":"1 minute"},"schema":{"@context":"https:\/\/schema.org","@graph":[{"@type":"WebPage","@id":"https:\/\/www.ch-open.ch\/fr\/conference-sur-les-marches-publics-et-acquisitions-tic\/","url":"https:\/\/www.ch-open.ch\/fr\/conference-sur-les-marches-publics-et-acquisitions-tic\/","name":"Conference sur les marches publics et acquisitions TIC &#060; CH Open","isPartOf":{"@id":"https:\/\/www.ch-open.ch\/#website"},"datePublished":"2017-11-25T16:21:07+00:00","dateModified":"2022-12-29T10:14:18+00:00","breadcrumb":{"@id":"https:\/\/www.ch-open.ch\/fr\/conference-sur-les-marches-publics-et-acquisitions-tic\/#breadcrumb"},"inLanguage":"fr-FR","potentialAction":[{"@type":"ReadAction","target":["https:\/\/www.ch-open.ch\/fr\/conference-sur-les-marches-publics-et-acquisitions-tic\/"]}]},{"@type":"BreadcrumbList","@id":"https:\/\/www.ch-open.ch\/fr\/conference-sur-les-marches-publics-et-acquisitions-tic\/#breadcrumb","itemListElement":[{"@type":"ListItem","position":1,"name":"Home","item":"https:\/\/www.ch-open.ch\/fr\/"},{"@type":"ListItem","position":2,"name":"Conference sur les marches publics et acquisitions TIC"}]},{"@type":"WebSite","@id":"https:\/\/www.ch-open.ch\/#website","url":"https:\/\/www.ch-open.ch\/","name":"CH Open","description":"Verein CH Open","publisher":{"@id":"https:\/\/www.ch-open.ch\/#organization"},"potentialAction":[{"@type":"SearchAction","target":{"@type":"EntryPoint","urlTemplate":"https:\/\/www.ch-open.ch\/?s={search_term_string}"},"query-input":{"@type":"PropertyValueSpecification","valueRequired":true,"valueName":"search_term_string"}}],"inLanguage":"fr-FR"},{"@type":"Organization","@id":"https:\/\/www.ch-open.ch\/#organization","name":"CH Open","url":"https:\/\/www.ch-open.ch\/","logo":{"@type":"ImageObject","inLanguage":"fr-FR","@id":"https:\/\/www.ch-open.ch\/#\/schema\/logo\/image\/","url":"https:\/\/www.ch-open.ch\/wp-content\/uploads\/2017\/03\/CHOpen_Logo_700.png","contentUrl":"https:\/\/www.ch-open.ch\/wp-content\/uploads\/2017\/03\/CHOpen_Logo_700.png","width":700,"height":256,"caption":"CH Open"},"image":{"@id":"https:\/\/www.ch-open.ch\/#\/schema\/logo\/image\/"},"sameAs":["https:\/\/x.com\/ch_open","https:\/\/www.youtube.com\/user\/openexpo"]}]}},"_links":{"self":[{"href":"https:\/\/www.ch-open.ch\/fr\/wp-json\/wp\/v2\/pages\/3033","targetHints":{"allow":["GET"]}}],"collection":[{"href":"https:\/\/www.ch-open.ch\/fr\/wp-json\/wp\/v2\/pages"}],"about":[{"href":"https:\/\/www.ch-open.ch\/fr\/wp-json\/wp\/v2\/types\/page"}],"author":[{"embeddable":true,"href":"https:\/\/www.ch-open.ch\/fr\/wp-json\/wp\/v2\/users\/10"}],"replies":[{"embeddable":true,"href":"https:\/\/www.ch-open.ch\/fr\/wp-json\/wp\/v2\/comments?post=3033"}],"version-history":[{"count":3,"href":"https:\/\/www.ch-open.ch\/fr\/wp-json\/wp\/v2\/pages\/3033\/revisions"}],"predecessor-version":[{"id":12460,"href":"https:\/\/www.ch-open.ch\/fr\/wp-json\/wp\/v2\/pages\/3033\/revisions\/12460"}],"wp:attachment":[{"href":"https:\/\/www.ch-open.ch\/fr\/wp-json\/wp\/v2\/media?parent=3033"}],"curies":[{"name":"wp","href":"https:\/\/api.w.org\/{rel}","templated":true}]}}