{"id":3037,"date":"2017-01-20T18:54:41","date_gmt":"2017-01-20T17:54:41","guid":{"rendered":"https:\/\/www.ch-open.ch\/?page_id=3037"},"modified":"2021-10-22T15:00:39","modified_gmt":"2021-10-22T13:00:39","slug":"open-business-lunch","status":"publish","type":"page","link":"https:\/\/www.ch-open.ch\/fr\/activites\/open-business-lunch\/","title":{"rendered":"CH Open Business Lunch"},"content":{"rendered":"\n<h1>\n\t\tCH OPEN BUSINESS LUNCH\n\t<\/h1>\n\t<p>De courtes conf\u00e9rences passionnantes, un d\u00e9licieux d\u00e9jeuner et des occasions de r\u00e9seautage. Les membres de CH Open ou les personnes int\u00e9ress\u00e9es ont la possibilit\u00e9 de mettre \u00e0 profit la pause de midi pour \u00e9couter de courtes conf\u00e9rences ou de faire eux-m\u00eames un expos\u00e9. Durant le repas qui suit, vous avez l&#8217;occasion d&#8217;\u00e9changer avec les autres participants, d&#8217;\u00e9changer des id\u00e9es et de nouer des contacts.<\/p>\n\t\t\t<a href=\"https:\/\/www.ch-open.ch\/fr\/sur-ch-open\/newsletter\/\" target=\"_self\" role=\"button\" rel=\"noopener\">\n\t\t\t\t\t\t\tInscrivez-vous \u00e0 la newsletter OBL\n\t\t\t\t\t<\/a>\n\t\t\t<a href=\"https:\/\/www.ch-open.ch\/fr\/working-groups\/open-business-lunch\/\" target=\"_self\" role=\"button\" rel=\"noopener\">\n\t\t\t\t\t\t\tVoir les OBL pr\u00e9vus\n\t\t\t\t\t<\/a>\n<h2>\n\t\tDonner une courte conf\u00e9rence\n\t<\/h2>\nVous souhaitez donner une br\u00e8ve conf\u00e9rence?<br \/>\nAdressez simplement votre proposition \u00e0 <a href=\"mailto:info@ch-open.ch\">info@ch-open.ch<\/a>. Nous organiserons volontiers un Open Business Lunch avec vous.\n<h2>\n\t\tArchives OBL\n\t<\/h2>\n\t<h3>2020<\/h3>\n<ul>\n<li><a href=\"https:\/\/www.ch-open.ch\/ch-open-business-events\/ch-open-business-lunch\/archiv-obl-2020\/\">14.08.2020 BS: Darf der Staat eigene Software unter eine Open Source Lizenz stellen?<\/a><\/li>\n<li><a href=\"https:\/\/www.ch-open.ch\/ch-open-business-events\/ch-open-business-lunch\/archiv-obl-2020\/\">20.02.2020 BS: The elephant in the Enterprise<\/a><\/li>\n<\/ul>\n<h3>2019<\/h3>\n<ul>\n<li><a href=\"https:\/\/www.ch-open.ch\/workinggroups\/open-business-lunch\/archiv-obl-2019\/\" rel=\"noopener\">24.10.2019 BE: Hilfe, der Kunde will im Nachhinein ein Open Source Projekt! Ein Erfahrungsbericht.<\/a><\/li>\n<li><a href=\"https:\/\/www.ch-open.ch\/workinggroups\/open-business-lunch\/archiv-obl-2019\/\">18.06.2019 ZH: Seafile<\/a><\/li>\n<li><a href=\"https:\/\/www.ch-open.ch\/workinggroups\/open-business-lunch\/archiv-obl-2019\/\" rel=\"noopener\">01.03.2019 ZH: Elasticsearch in Finance Processing &#8211; Lessons Learned with Big Data<\/a><\/li>\n<\/ul>\n<h3>2018<\/h3>\n<ul>\n<li><a href=\"https:\/\/www.ch-open.ch\/workinggroups\/open-business-lunch\/archiv-obl-2018\/\" rel=\"noopener\">15.11.2018 BE: Grundlagen der Volltextsuche<\/a><\/li>\n<li><a href=\"https:\/\/www.ch-open.ch\/fr\/\/..\/workinggroups\/open-business-lunch\/archiv-obl-2018\/\">27.06.2018 ZH: Make Blockchain Real for Business<\/a><\/li>\n<li><a href=\"https:\/\/www.ch-open.ch\/fr\/\/..\/workinggroups\/open-business-lunch\/archiv-obl-2018\/\">06.06.2018 ZH: Make Blockchain Real for Business<\/a><\/li>\n<li><a href=\"https:\/\/www.ch-open.ch\/fr\/\/..\/workinggroups\/open-business-lunch\/archiv-obl-2018\/\">03.05.2018 ZH: Datenschutz: Was kommt da auf mich zu?<\/a><\/li>\n<li><a href=\"https:\/\/www.ch-open.ch\/fr\/\/..\/workinggroups\/open-business-lunch\/archiv-obl-2018\/\">21.03.2018 BE: Datenschutz: Was kommt da auf mich zu?<\/a><\/li>\n<li><a href=\"https:\/\/www.ch-open.ch\/fr\/\/..\/workinggroups\/open-business-lunch\/archiv-obl-2018\/\">08.02.2018 ZH: Digitale Transformation im Griff? Kosten auch? PostgreSQL\/PostGIS entdecken!<\/a><\/li>\n<li><a href=\"https:\/\/www.ch-open.ch\/fr\/\/..\/workinggroups\/open-business-lunch\/archiv-obl-2018\/\">01.03.2018 ZH: Datenschutz: Was kommt da auf mich zu?<\/a><\/li>\n<\/ul>\n<h3>2017<\/h3>\n<ul>\n<li><a href=\"https:\/\/www.ch-open.ch\/fr\/\/..\/archiv-obl-2017\/\">06.04.2017 ZH: The Things Network &#8211; Ein globales Open Source Funk-Netzwerk f\u00fcr das Internet der Dinge<\/a><\/li>\n<li><a href=\"https:\/\/www.ch-open.ch\/fr\/\/..\/archiv-obl-2017\/\">04.05.2017 ZH: BigData mit Open Source<\/a><\/li>\n<li><a href=\"https:\/\/www.ch-open.ch\/fr\/\/..\/workinggroups\/open-business-lunch\/archiv-obl-2017\/\">05.10.2017 ZH: Grundlagen zu Blockchain<\/a><\/li>\n<li><a href=\"https:\/\/www.ch-open.ch\/fr\/\/..\/workinggroups\/open-business-lunch\/archiv-obl-2017\/\">02.11.2017 ZH: Grundlagen zu Blockchain<\/a><\/li>\n<\/ul>\n<h3>2016<\/h3>\n<ul>\n<li><a href=\"https:\/\/www.ch-open.ch\/fr\/\/..\/archiv-obl-2016\/\">04.02.2016 BE: Infrastructure as Code<\/a><\/li>\n<li><a href=\"https:\/\/www.ch-open.ch\/fr\/\/..\/archiv-obl-2016\/\">23.02.2016 BE: Personalentwicklung in Unternehmen am Beispiel Ausbildungsplanung<\/a><\/li>\n<li><a href=\"https:\/\/www.ch-open.ch\/fr\/\/..\/archiv-obl-2016\/\">03.03.2016 ZH: Config-Management-Tools und Marktpl\u00e4tze: Evolution oder Revolution?<\/a><\/li>\n<li><a href=\"https:\/\/www.ch-open.ch\/fr\/\/..\/archiv-obl-2016\/\">06.04.2016 ZH: Infrastructure as Code<\/a><\/li>\n<li><a href=\"https:\/\/www.ch-open.ch\/fr\/\/..\/archiv-obl-2016\/\">19.05.2016 ZH: OSS Market &#8211; der Treffpunkt f\u00fcr Kunden und OSS Anbieter<\/a><\/li>\n<li><a href=\"https:\/\/www.ch-open.ch\/fr\/\/..\/archiv-obl-2016\/\">02.06.2016 BE: OSS Market &#8211; der Treffpunkt f\u00fcr Kunden und OSS Anbieter<\/a><\/li>\n<li><a href=\"https:\/\/www.ch-open.ch\/fr\/\/..\/archiv-obl-2016\/\">21.09.2016 BE: Audience Response Systems. Hype oder Flop? Ein Echtzeit-Erlebnis MIT dem OS-basierten LiveVoting<\/a><\/li>\n<li><a href=\"https:\/\/www.ch-open.ch\/fr\/\/..\/archiv-obl-2016\/\">06.10.2016 ZH: Audience Response Systems. Hype oder Flop? Ein Echtzeit-Erlebnis MIT dem OS-basierten LiveVoting<\/a><\/li>\n<li><a href=\"https:\/\/www.ch-open.ch\/fr\/\/..\/archiv-obl-2016\/\">18.10.2016 BE: Professionelle Web Analytics ohne Google Analytics<\/a><\/li>\n<li><a href=\"https:\/\/www.ch-open.ch\/fr\/\/..\/archiv-obl-2016\/\">03.11.2016 ZH: Professionelle Web Analytics ohne Google Analytics<\/a><\/li>\n<li><a href=\"https:\/\/www.ch-open.ch\/fr\/\/..\/archiv-obl-2016\/\">10.11.2016 BE: Bundrupal: an opensource drupal theme for the swiss confederation<\/a><\/li>\n<\/ul>\n<h3>2015<\/h3>\n<ul>\n<li><a href=\"https:\/\/www.ch-open.ch\/fr\/\/..\/workinggroups\/open-business-lunch\/archiv-obl-2015\/\">05.02.2015 ZH: &#8220;Open&#8221; Internet der Dinge (IoT) im Zusammenspiel mit Fachanwendungen und Cloudservices &#8211; Aktueller Stand und Ausblick<\/a><\/li>\n<li><a href=\"https:\/\/www.ch-open.ch\/fr\/\/..\/workinggroups\/open-business-lunch\/archiv-obl-2015\/\">05.03.2015 ZH: Management von Open Source Komponenten in der Softwareentwicklung<\/a><\/li>\n<li><a href=\"https:\/\/www.ch-open.ch\/fr\/\/..\/workinggroups\/open-business-lunch\/archiv-obl-2015\/\">02.04.2015 ZH: Prototype to Product for Internet of Things in One Step<\/a><\/li>\n<li><a href=\"https:\/\/www.ch-open.ch\/fr\/\/..\/workinggroups\/open-business-lunch\/archiv-obl-2015\/\">12.06.2015 VD: Acc\u00e9l\u00e9ration de l&#8217;innovation et partage des savoirs gr\u00e2ce \u00e0 l&#8217;open hardware<\/a><\/li>\n<li><a href=\"https:\/\/www.ch-open.ch\/fr\/\/..\/workinggroups\/open-business-lunch\/archiv-obl-2015\/\">29.09.2015 VD: Virtual desktop open source et TIC durables<\/a><\/li>\n<li><a href=\"https:\/\/www.ch-open.ch\/fr\/\/..\/workinggroups\/open-business-lunch\/archiv-obl-2015\/\">26.11.2015 ZH: Open Source Studie Schweiz 2015 &#8211; Und wie weiter?<\/a><\/li>\n<\/ul>\n<h3>2014<\/h3>\n<ul>\n<li><a href=\"https:\/\/www.ch-open.ch\/fr\/\/..\/workinggroups\/open-business-lunch\/archiv-obl-2014\/\">24.01.2014 BE: why!: des ordinateurs contre l&#8217;obsolescence programm\u00e9e<\/a><\/li>\n<li><a href=\"https:\/\/www.ch-open.ch\/fr\/\/..\/workinggroups\/open-business-lunch\/archiv-obl-2014\/\">06.02.2014 GE: Urban Data Challenge Update &amp; Secure Swiss Collaboration: Protect your Customers<\/a><\/li>\n<li><a href=\"https:\/\/www.ch-open.ch\/fr\/\/..\/workinggroups\/open-business-lunch\/archiv-obl-2014\/\">06.02.2014 ZH: Bottom-up Innovation und Open Source Internet of Things<\/a><\/li>\n<li><a href=\"https:\/\/www.ch-open.ch\/fr\/\/..\/workinggroups\/open-business-lunch\/archiv-obl-2014\/\">06.03.2014 ZH: why! computers fight against planned obsolescence<\/a><\/li>\n<li><a href=\"https:\/\/www.ch-open.ch\/fr\/\/..\/workinggroups\/open-business-lunch\/archiv-obl-2014\/\">11.03.2014 BE: hitobito &#8211; ein Beispiel f\u00fcr Open Source Gemeinschaftsl\u00f6sungen<\/a><\/li>\n<li><a href=\"https:\/\/www.ch-open.ch\/fr\/\/..\/workinggroups\/open-business-lunch\/archiv-obl-2014\/\">04.04.2014 ZH: hitobito &#8211; ein Beispiel f\u00fcr Open Source Gemeinschaftsl\u00f6sungen<\/a><\/li>\n<li><a href=\"https:\/\/www.ch-open.ch\/fr\/\/..\/workinggroups\/open-business-lunch\/archiv-obl-2014\/\">05.06.2014 ZH: Kultpfunzel.ch &#8211; macht hell &amp; ist hackable<\/a><\/li>\n<li><a href=\"https:\/\/www.ch-open.ch\/fr\/\/..\/workinggroups\/open-business-lunch\/archiv-obl-2014\/\">09.10.2014 ZH: Docker, Evolution oder Revolution<\/a><\/li>\n<li><a href=\"https:\/\/www.ch-open.ch\/fr\/\/..\/workinggroups\/open-business-lunch\/archiv-obl-2014\/\">27.11.2014 ZH Crowdfunding f\u00fcr Open Source<\/a><\/li>\n<\/ul>\n\n","protected":false},"excerpt":{"rendered":"<p>CH OPEN BUSINESS LUNCH De courtes conf\u00e9rences passionnantes, un d\u00e9licieux d\u00e9jeuner et des occasions de r\u00e9seautage. Les membres de CH Open ou les personnes int\u00e9ress\u00e9es ont la possibilit\u00e9 de mettre \u00e0 profit la pause de midi pour \u00e9couter de courtes conf\u00e9rences ou de faire eux-m\u00eames un expos\u00e9. Durant le repas qui suit, vous avez l&#8217;occasion&hellip;<\/p>\n","protected":false},"author":14,"featured_media":0,"parent":3014,"menu_order":0,"comment_status":"closed","ping_status":"closed","template":"","meta":{"_acf_changed":false,"footnotes":""},"class_list":["post-3037","page","type-page","status-publish","hentry"],"acf":[],"yoast_head":"<!-- This site is optimized with the Yoast SEO Premium plugin v22.2 (Yoast SEO v27.4) - https:\/\/yoast.com\/product\/yoast-seo-premium-wordpress\/ -->\n<title>CH Open Business Lunch &#060; CH Open<\/title>\n<meta name=\"robots\" content=\"index, follow, max-snippet:-1, max-image-preview:large, max-video-preview:-1\" \/>\n<link rel=\"canonical\" href=\"https:\/\/www.ch-open.ch\/fr\/activites\/open-business-lunch\/\" \/>\n<meta property=\"og:locale\" content=\"fr_FR\" \/>\n<meta property=\"og:type\" content=\"article\" \/>\n<meta property=\"og:title\" content=\"CH Open Business Lunch\" \/>\n<meta property=\"og:description\" content=\"CH OPEN BUSINESS LUNCH De courtes conf\u00e9rences passionnantes, un d\u00e9licieux d\u00e9jeuner et des occasions de r\u00e9seautage. Les membres de CH Open ou les personnes int\u00e9ress\u00e9es ont la possibilit\u00e9 de mettre \u00e0 profit la pause de midi pour \u00e9couter de courtes conf\u00e9rences ou de faire eux-m\u00eames un expos\u00e9. Durant le repas qui suit, vous avez l&#8217;occasion&hellip;\" \/>\n<meta property=\"og:url\" content=\"https:\/\/www.ch-open.ch\/fr\/activites\/open-business-lunch\/\" \/>\n<meta property=\"og:site_name\" content=\"CH Open\" \/>\n<meta property=\"article:modified_time\" content=\"2021-10-22T13:00:39+00:00\" \/>\n<meta name=\"twitter:card\" content=\"summary_large_image\" \/>\n<meta name=\"twitter:site\" content=\"@ch_open\" \/>\n<meta name=\"twitter:label1\" content=\"Dur\u00e9e de lecture estim\u00e9e\" \/>\n\t<meta name=\"twitter:data1\" content=\"2 minutes\" \/>\n<script type=\"application\/ld+json\" class=\"yoast-schema-graph\">{\"@context\":\"https:\\\/\\\/schema.org\",\"@graph\":[{\"@type\":\"WebPage\",\"@id\":\"https:\\\/\\\/www.ch-open.ch\\\/fr\\\/activites\\\/open-business-lunch\\\/\",\"url\":\"https:\\\/\\\/www.ch-open.ch\\\/fr\\\/activites\\\/open-business-lunch\\\/\",\"name\":\"CH Open Business Lunch &#060; CH Open\",\"isPartOf\":{\"@id\":\"https:\\\/\\\/www.ch-open.ch\\\/#website\"},\"datePublished\":\"2017-01-20T17:54:41+00:00\",\"dateModified\":\"2021-10-22T13:00:39+00:00\",\"breadcrumb\":{\"@id\":\"https:\\\/\\\/www.ch-open.ch\\\/fr\\\/activites\\\/open-business-lunch\\\/#breadcrumb\"},\"inLanguage\":\"fr-FR\",\"potentialAction\":[{\"@type\":\"ReadAction\",\"target\":[\"https:\\\/\\\/www.ch-open.ch\\\/fr\\\/activites\\\/open-business-lunch\\\/\"]}]},{\"@type\":\"BreadcrumbList\",\"@id\":\"https:\\\/\\\/www.ch-open.ch\\\/fr\\\/activites\\\/open-business-lunch\\\/#breadcrumb\",\"itemListElement\":[{\"@type\":\"ListItem\",\"position\":1,\"name\":\"Home\",\"item\":\"https:\\\/\\\/www.ch-open.ch\\\/fr\\\/\"},{\"@type\":\"ListItem\",\"position\":2,\"name\":\"Activit\u00e9s\",\"item\":\"https:\\\/\\\/www.ch-open.ch\\\/fr\\\/activites\\\/\"},{\"@type\":\"ListItem\",\"position\":3,\"name\":\"CH Open Business Lunch\"}]},{\"@type\":\"WebSite\",\"@id\":\"https:\\\/\\\/www.ch-open.ch\\\/#website\",\"url\":\"https:\\\/\\\/www.ch-open.ch\\\/\",\"name\":\"CH Open\",\"description\":\"Verein CH Open\",\"publisher\":{\"@id\":\"https:\\\/\\\/www.ch-open.ch\\\/#organization\"},\"potentialAction\":[{\"@type\":\"SearchAction\",\"target\":{\"@type\":\"EntryPoint\",\"urlTemplate\":\"https:\\\/\\\/www.ch-open.ch\\\/?s={search_term_string}\"},\"query-input\":{\"@type\":\"PropertyValueSpecification\",\"valueRequired\":true,\"valueName\":\"search_term_string\"}}],\"inLanguage\":\"fr-FR\"},{\"@type\":\"Organization\",\"@id\":\"https:\\\/\\\/www.ch-open.ch\\\/#organization\",\"name\":\"CH Open\",\"url\":\"https:\\\/\\\/www.ch-open.ch\\\/\",\"logo\":{\"@type\":\"ImageObject\",\"inLanguage\":\"fr-FR\",\"@id\":\"https:\\\/\\\/www.ch-open.ch\\\/#\\\/schema\\\/logo\\\/image\\\/\",\"url\":\"https:\\\/\\\/www.ch-open.ch\\\/wp-content\\\/uploads\\\/2017\\\/03\\\/CHOpen_Logo_700.png\",\"contentUrl\":\"https:\\\/\\\/www.ch-open.ch\\\/wp-content\\\/uploads\\\/2017\\\/03\\\/CHOpen_Logo_700.png\",\"width\":700,\"height\":256,\"caption\":\"CH Open\"},\"image\":{\"@id\":\"https:\\\/\\\/www.ch-open.ch\\\/#\\\/schema\\\/logo\\\/image\\\/\"},\"sameAs\":[\"https:\\\/\\\/x.com\\\/ch_open\",\"https:\\\/\\\/www.youtube.com\\\/user\\\/openexpo\"]}]}<\/script>\n<!-- \/ Yoast SEO Premium plugin. -->","yoast_head_json":{"title":"CH Open Business Lunch &#060; CH Open","robots":{"index":"index","follow":"follow","max-snippet":"max-snippet:-1","max-image-preview":"max-image-preview:large","max-video-preview":"max-video-preview:-1"},"canonical":"https:\/\/www.ch-open.ch\/fr\/activites\/open-business-lunch\/","og_locale":"fr_FR","og_type":"article","og_title":"CH Open Business Lunch","og_description":"CH OPEN BUSINESS LUNCH De courtes conf\u00e9rences passionnantes, un d\u00e9licieux d\u00e9jeuner et des occasions de r\u00e9seautage. Les membres de CH Open ou les personnes int\u00e9ress\u00e9es ont la possibilit\u00e9 de mettre \u00e0 profit la pause de midi pour \u00e9couter de courtes conf\u00e9rences ou de faire eux-m\u00eames un expos\u00e9. Durant le repas qui suit, vous avez l&#8217;occasion&hellip;","og_url":"https:\/\/www.ch-open.ch\/fr\/activites\/open-business-lunch\/","og_site_name":"CH Open","article_modified_time":"2021-10-22T13:00:39+00:00","twitter_card":"summary_large_image","twitter_site":"@ch_open","twitter_misc":{"Dur\u00e9e de lecture estim\u00e9e":"2 minutes"},"schema":{"@context":"https:\/\/schema.org","@graph":[{"@type":"WebPage","@id":"https:\/\/www.ch-open.ch\/fr\/activites\/open-business-lunch\/","url":"https:\/\/www.ch-open.ch\/fr\/activites\/open-business-lunch\/","name":"CH Open Business Lunch &#060; CH Open","isPartOf":{"@id":"https:\/\/www.ch-open.ch\/#website"},"datePublished":"2017-01-20T17:54:41+00:00","dateModified":"2021-10-22T13:00:39+00:00","breadcrumb":{"@id":"https:\/\/www.ch-open.ch\/fr\/activites\/open-business-lunch\/#breadcrumb"},"inLanguage":"fr-FR","potentialAction":[{"@type":"ReadAction","target":["https:\/\/www.ch-open.ch\/fr\/activites\/open-business-lunch\/"]}]},{"@type":"BreadcrumbList","@id":"https:\/\/www.ch-open.ch\/fr\/activites\/open-business-lunch\/#breadcrumb","itemListElement":[{"@type":"ListItem","position":1,"name":"Home","item":"https:\/\/www.ch-open.ch\/fr\/"},{"@type":"ListItem","position":2,"name":"Activit\u00e9s","item":"https:\/\/www.ch-open.ch\/fr\/activites\/"},{"@type":"ListItem","position":3,"name":"CH Open Business Lunch"}]},{"@type":"WebSite","@id":"https:\/\/www.ch-open.ch\/#website","url":"https:\/\/www.ch-open.ch\/","name":"CH Open","description":"Verein CH Open","publisher":{"@id":"https:\/\/www.ch-open.ch\/#organization"},"potentialAction":[{"@type":"SearchAction","target":{"@type":"EntryPoint","urlTemplate":"https:\/\/www.ch-open.ch\/?s={search_term_string}"},"query-input":{"@type":"PropertyValueSpecification","valueRequired":true,"valueName":"search_term_string"}}],"inLanguage":"fr-FR"},{"@type":"Organization","@id":"https:\/\/www.ch-open.ch\/#organization","name":"CH Open","url":"https:\/\/www.ch-open.ch\/","logo":{"@type":"ImageObject","inLanguage":"fr-FR","@id":"https:\/\/www.ch-open.ch\/#\/schema\/logo\/image\/","url":"https:\/\/www.ch-open.ch\/wp-content\/uploads\/2017\/03\/CHOpen_Logo_700.png","contentUrl":"https:\/\/www.ch-open.ch\/wp-content\/uploads\/2017\/03\/CHOpen_Logo_700.png","width":700,"height":256,"caption":"CH Open"},"image":{"@id":"https:\/\/www.ch-open.ch\/#\/schema\/logo\/image\/"},"sameAs":["https:\/\/x.com\/ch_open","https:\/\/www.youtube.com\/user\/openexpo"]}]}},"_links":{"self":[{"href":"https:\/\/www.ch-open.ch\/fr\/wp-json\/wp\/v2\/pages\/3037","targetHints":{"allow":["GET"]}}],"collection":[{"href":"https:\/\/www.ch-open.ch\/fr\/wp-json\/wp\/v2\/pages"}],"about":[{"href":"https:\/\/www.ch-open.ch\/fr\/wp-json\/wp\/v2\/types\/page"}],"author":[{"embeddable":true,"href":"https:\/\/www.ch-open.ch\/fr\/wp-json\/wp\/v2\/users\/14"}],"replies":[{"embeddable":true,"href":"https:\/\/www.ch-open.ch\/fr\/wp-json\/wp\/v2\/comments?post=3037"}],"version-history":[{"count":3,"href":"https:\/\/www.ch-open.ch\/fr\/wp-json\/wp\/v2\/pages\/3037\/revisions"}],"predecessor-version":[{"id":7500,"href":"https:\/\/www.ch-open.ch\/fr\/wp-json\/wp\/v2\/pages\/3037\/revisions\/7500"}],"up":[{"embeddable":true,"href":"https:\/\/www.ch-open.ch\/fr\/wp-json\/wp\/v2\/pages\/3014"}],"wp:attachment":[{"href":"https:\/\/www.ch-open.ch\/fr\/wp-json\/wp\/v2\/media?parent=3037"}],"curies":[{"name":"wp","href":"https:\/\/api.w.org\/{rel}","templated":true}]}}