{"id":3043,"date":"2018-08-10T09:04:26","date_gmt":"2018-08-10T07:04:26","guid":{"rendered":"https:\/\/www.ch-open.ch\/?page_id=3043"},"modified":"2019-03-15T12:17:25","modified_gmt":"2019-03-15T11:17:25","slug":"histoire-de-lassociation","status":"publish","type":"page","link":"https:\/\/www.ch-open.ch\/fr\/sur-ch-open\/histoire-de-lassociation\/","title":{"rendered":"Histoire de l&#8217;association"},"content":{"rendered":"<h1>\n\t\tHISTOIRE DE L&#8217;ASSOCIATION<br \/>\n\t<\/h1>\n<p><!-- If both --><\/p>\n<ul>\n<li>\n\t\t\t<!--icon--><br \/>\n\t\t\t<!--\/.icon--><br \/>\n\t\t\t<!--Timline-Content--><br \/>\n\t\t\t\t\t<!--Timline-Title--><\/p>\n<h3>\n\t\t\t\t\t\tNouveau Pr\u00e9sidium\t\t\t\t\t<\/h3>\n<p>\t\t\t\t\t<!--\/.Timline-Title--><br \/>\n\t\t\t\t\t<!--Timline-description--><\/p>\n<p>Laura Kieser et Dr. Matthias G\u00fcnter forment depuis le 11 mars 2019 le pr\u00e9sidium de CH Open.<\/p>\n<p>\t\t\t\t\t<!--\/.Timline-description--><br \/>\n\t\t\t<!--\/.Timline-Content-->\n\t\t<\/li>\n<li>\n\t\t\t<!--icon--><br \/>\n\t\t\t<!--\/.icon--><br \/>\n\t\t\t<!--Timline-Content--><br \/>\n\t\t\t\t\t<!--Timline-Title--><\/p>\n<h3>\n\t\t\t\t\t\tOpen Source Studie 2018\t\t\t\t\t<\/h3>\n<p>\t\t\t\t\t<!--\/.Timline-Title--><br \/>\n\t\t\t\t\t<!--Timline-description--><\/p>\n<p>L&#8217;\u00e9tude <a href=\"http:\/\/www.digitale-nachhaltigkeit.unibe.ch\/forschung\/open_source_software\/open_source_studie_2018\/index_ger.html\" target=\"_blank\" rel=\"noopener\">Open Source Studie 2018<\/a> a \u00e9t\u00e9 publi\u00e9e en juin 2018.<\/p>\n<p>\t\t\t\t\t<!--\/.Timline-description--><br \/>\n\t\t\t<!--\/.Timline-Content-->\n\t\t<\/li>\n<li>\n\t\t\t<!--icon--><br \/>\n\t\t\t<!--\/.icon--><br \/>\n\t\t\t<!--Timline-Content--><br \/>\n\t\t\t\t\t<!--Timline-Title--><\/p>\n<h3>\n\t\t\t\t\t\tRedesign\t\t\t\t\t<\/h3>\n<p>\t\t\t\t\t<!--\/.Timline-Title--><br \/>\n\t\t\t\t\t<!--Timline-description--><\/p>\n<p>L&#8217;ancien nom de l&#8217;association a \u00e9t\u00e9 remplac\u00e9 par CH Open. Dans la foul\u00e9e, l&#8217;association dispose d&#8217;une plateforme web modernis\u00e9e et d&#8217;un logo modernis\u00e9.<\/p>\n<p>\t\t\t\t\t<!--\/.Timline-description--><br \/>\n\t\t\t<!--\/.Timline-Content-->\n\t\t<\/li>\n<li>\n\t\t\t<!--icon--><br \/>\n\t\t\t<!--\/.icon--><br \/>\n\t\t\t<!--Timline-Content--><br \/>\n\t\t\t\t\t<!--Timline-Title--><\/p>\n<h3>\n\t\t\t\t\t\t25 ans de Workshop-Tage\t\t\t\t\t<\/h3>\n<p>\t\t\t\t\t<!--\/.Timline-Title--><br \/>\n\t\t\t\t\t<!--Timline-description--><\/p>\n<p>Les Workshop-Tage qui se d\u00e9roulent sur trois jours ont connu le 25 mai leur 25e \u00e9dition et un nouveau record de participation.<\/p>\n<p>\t\t\t\t\t<!--\/.Timline-description--><br \/>\n\t\t\t<!--\/.Timline-Content-->\n\t\t<\/li>\n<li>\n\t\t\t<!--icon--><br \/>\n\t\t\t<!--\/.icon--><br \/>\n\t\t\t<!--Timline-Content--><br \/>\n\t\t\t\t\t<!--Timline-Title--><\/p>\n<h3>\n\t\t\t\t\t\tWechsel der Gesch\u00e4ftsstelle\t\t\t\t\t<\/h3>\n<p>\t\t\t\t\t<!--\/.Timline-Title--><br \/>\n\t\t\t\t\t<!--Timline-description--><\/p>\n<p>Die Gesch\u00e4ftsstelle erf\u00e4hrt einen Wechsel: Ursula Burri verl\u00e4sst nach 24 Jahren den Verein und \u00fcbergibt an Alexandra Barden.<\/p>\n<p>\t\t\t\t\t<!--\/.Timline-description--><br \/>\n\t\t\t<!--\/.Timline-Content-->\n\t\t<\/li>\n<li>\n\t\t\t<!--icon--><br \/>\n\t\t\t<!--\/.icon--><br \/>\n\t\t\t<!--Timline-Content--><br \/>\n\t\t\t\t\t<!--Timline-Title--><\/p>\n<h3>\n\t\t\t\t\t\tGr\u00fcndung FDN\t\t\t\t\t<\/h3>\n<p>\t\t\t\t\t<!--\/.Timline-Title--><br \/>\n\t\t\t\t\t<!--Timline-description--><\/p>\n<p>Mit Unterst\u00fctzung von CH Open wird die Forschungsstelle Digitale Nachhaltigkeit (FDN) am Institut f\u00fcr Wirtschaftsinformatik der Universit\u00e4t Bern gegr\u00fcndet. Die FDN f\u00fchrt zusammen mit CH Open zahlreiche Anl\u00e4sse und Forschungsprojekte durch.<\/p>\n<p>\t\t\t\t\t<!--\/.Timline-description--><br \/>\n\t\t\t<!--\/.Timline-Content-->\n\t\t<\/li>\n<li>\n\t\t\t<!--icon--><br \/>\n\t\t\t<!--\/.icon--><br \/>\n\t\t\t<!--Timline-Content--><br \/>\n\t\t\t\t\t<!--Timline-Title--><\/p>\n<h3>\n\t\t\t\t\t\tGr\u00fcndung Parldigi\t\t\t\t\t<\/h3>\n<p>\t\t\t\t\t<!--\/.Timline-Title--><br \/>\n\t\t\t\t\t<!--Timline-description--><\/p>\n<p>Die Working Group &#8220;Parlamentarische Gruppe Digitale Nachhaltigkeit&#8221; (Parldigi) wird gegr\u00fcndet. Ihr Ziel ist die F\u00f6rderung von nachhaltigem und innovativem Umgang mit Informations- und Kommunikations- technologien. Dazu setzt sich Parldigi f\u00fcr den \u00f6ffentlichen Zugang zu Wissensg\u00fctern ein.<\/p>\n<p>\t\t\t\t\t<!--\/.Timline-description--><br \/>\n\t\t\t<!--\/.Timline-Content-->\n\t\t<\/li>\n<li>\n\t\t\t<!--icon--><br \/>\n\t\t\t<!--\/.icon--><br \/>\n\t\t\t<!--Timline-Content--><br \/>\n\t\t\t\t\t<!--Timline-Title--><\/p>\n<h3>\n\t\t\t\t\t\tFusion\t\t\t\t\t<\/h3>\n<p>\t\t\t\t\t<!--\/.Timline-Title--><br \/>\n\t\t\t\t\t<!--Timline-description--><\/p>\n<p>Die Vereine &#8220;UNIGS&#8221; und &#8220;CHUUG&#8221; fusionieren zum Verein &#8220;Swiss Open Systems User Group&#8221;.<\/p>\n<p>\t\t\t\t\t<!--\/.Timline-description--><br \/>\n\t\t\t<!--\/.Timline-Content-->\n\t\t<\/li>\n<li>\n\t\t\t<!--icon--><br \/>\n\t\t\t<!--\/.icon--><br \/>\n\t\t\t<!--Timline-Content--><br \/>\n\t\t\t\t\t<!--Timline-Title--><\/p>\n<h3>\n\t\t\t\t\t\tGr\u00fcndung CHUUG\t\t\t\t\t<\/h3>\n<p>\t\t\t\t\t<!--\/.Timline-Title--><br \/>\n\t\t\t\t\t<!--Timline-description--><\/p>\n<p>Der \u00e4hnliche Verein CHUUG wird gegr\u00fcndet.<\/p>\n<p>\t\t\t\t\t<!--\/.Timline-description--><br \/>\n\t\t\t<!--\/.Timline-Content-->\n\t\t<\/li>\n<li>\n\t\t\t<!--icon--><br \/>\n\t\t\t<!--\/.icon--><br \/>\n\t\t\t<!--Timline-Content--><br \/>\n\t\t\t\t\t<!--Timline-Title--><\/p>\n<h3>\n\t\t\t\t\t\tGr\u00fcndung UNIGS\t\t\t\t\t<\/h3>\n<p>\t\t\t\t\t<!--\/.Timline-Title--><br \/>\n\t\t\t\t\t<!--Timline-description--><\/p>\n<p>Unter dem Namen &#8220;Unix Interessen-Gemeinschaft Schweiz&#8221; (UNIGS) wird der Verein gegr\u00fcndet.<\/p>\n<p>\t\t\t\t\t<!--\/.Timline-description--><br \/>\n\t\t\t<!--\/.Timline-Content-->\n\t\t<\/li>\n<\/ul>\n","protected":false},"excerpt":{"rendered":"<p>HISTOIRE DE L&#8217;ASSOCIATION Nouveau Pr\u00e9sidium Laura Kieser et Dr. Matthias G\u00fcnter forment depuis le 11 mars 2019 le pr\u00e9sidium de CH Open. Open Source Studie 2018 L&#8217;\u00e9tude Open Source Studie 2018 a \u00e9t\u00e9 publi\u00e9e en juin 2018. Redesign L&#8217;ancien nom de l&#8217;association a \u00e9t\u00e9 remplac\u00e9 par CH Open. Dans la foul\u00e9e, l&#8217;association dispose d&#8217;une plateforme&hellip;<\/p>\n","protected":false},"author":14,"featured_media":0,"parent":1959,"menu_order":0,"comment_status":"closed","ping_status":"closed","template":"","meta":{"_acf_changed":false,"footnotes":""},"class_list":["post-3043","page","type-page","status-publish","hentry"],"acf":[],"yoast_head":"<!-- This site is optimized with the Yoast SEO Premium plugin v22.2 (Yoast SEO v27.3) - https:\/\/yoast.com\/product\/yoast-seo-premium-wordpress\/ -->\n<title>Histoire de l&#039;association &#060; CH Open<\/title>\n<meta name=\"robots\" content=\"index, follow, max-snippet:-1, max-image-preview:large, max-video-preview:-1\" \/>\n<link rel=\"canonical\" href=\"https:\/\/www.ch-open.ch\/fr\/sur-ch-open\/histoire-de-lassociation\/\" \/>\n<meta property=\"og:locale\" content=\"fr_FR\" \/>\n<meta property=\"og:type\" content=\"article\" \/>\n<meta property=\"og:title\" content=\"Histoire de l&#039;association\" \/>\n<meta property=\"og:description\" content=\"HISTOIRE DE L&#8217;ASSOCIATION Nouveau Pr\u00e9sidium Laura Kieser et Dr. Matthias G\u00fcnter forment depuis le 11 mars 2019 le pr\u00e9sidium de CH Open. Open Source Studie 2018 L&#8217;\u00e9tude Open Source Studie 2018 a \u00e9t\u00e9 publi\u00e9e en juin 2018. Redesign L&#8217;ancien nom de l&#8217;association a \u00e9t\u00e9 remplac\u00e9 par CH Open. Dans la foul\u00e9e, l&#8217;association dispose d&#8217;une plateforme&hellip;\" \/>\n<meta property=\"og:url\" content=\"https:\/\/www.ch-open.ch\/fr\/sur-ch-open\/histoire-de-lassociation\/\" \/>\n<meta property=\"og:site_name\" content=\"CH Open\" \/>\n<meta property=\"article:modified_time\" content=\"2019-03-15T11:17:25+00:00\" \/>\n<meta name=\"twitter:card\" content=\"summary_large_image\" \/>\n<meta name=\"twitter:site\" content=\"@ch_open\" \/>\n<meta name=\"twitter:label1\" content=\"Dur\u00e9e de lecture estim\u00e9e\" \/>\n\t<meta name=\"twitter:data1\" content=\"1 minute\" \/>\n<script type=\"application\/ld+json\" class=\"yoast-schema-graph\">{\"@context\":\"https:\\\/\\\/schema.org\",\"@graph\":[{\"@type\":\"WebPage\",\"@id\":\"https:\\\/\\\/www.ch-open.ch\\\/fr\\\/sur-ch-open\\\/histoire-de-lassociation\\\/\",\"url\":\"https:\\\/\\\/www.ch-open.ch\\\/fr\\\/sur-ch-open\\\/histoire-de-lassociation\\\/\",\"name\":\"Histoire de l'association &#060; CH Open\",\"isPartOf\":{\"@id\":\"https:\\\/\\\/www.ch-open.ch\\\/#website\"},\"datePublished\":\"2018-08-10T07:04:26+00:00\",\"dateModified\":\"2019-03-15T11:17:25+00:00\",\"breadcrumb\":{\"@id\":\"https:\\\/\\\/www.ch-open.ch\\\/fr\\\/sur-ch-open\\\/histoire-de-lassociation\\\/#breadcrumb\"},\"inLanguage\":\"fr-FR\",\"potentialAction\":[{\"@type\":\"ReadAction\",\"target\":[\"https:\\\/\\\/www.ch-open.ch\\\/fr\\\/sur-ch-open\\\/histoire-de-lassociation\\\/\"]}]},{\"@type\":\"BreadcrumbList\",\"@id\":\"https:\\\/\\\/www.ch-open.ch\\\/fr\\\/sur-ch-open\\\/histoire-de-lassociation\\\/#breadcrumb\",\"itemListElement\":[{\"@type\":\"ListItem\",\"position\":1,\"name\":\"Home\",\"item\":\"https:\\\/\\\/www.ch-open.ch\\\/fr\\\/\"},{\"@type\":\"ListItem\",\"position\":2,\"name\":\"\u00c0 propos CH Open\",\"item\":\"https:\\\/\\\/www.ch-open.ch\\\/fr\\\/sur-ch-open\\\/\"},{\"@type\":\"ListItem\",\"position\":3,\"name\":\"Histoire de l&rsquo;association\"}]},{\"@type\":\"WebSite\",\"@id\":\"https:\\\/\\\/www.ch-open.ch\\\/#website\",\"url\":\"https:\\\/\\\/www.ch-open.ch\\\/\",\"name\":\"CH Open\",\"description\":\"Verein CH Open\",\"publisher\":{\"@id\":\"https:\\\/\\\/www.ch-open.ch\\\/#organization\"},\"potentialAction\":[{\"@type\":\"SearchAction\",\"target\":{\"@type\":\"EntryPoint\",\"urlTemplate\":\"https:\\\/\\\/www.ch-open.ch\\\/?s={search_term_string}\"},\"query-input\":{\"@type\":\"PropertyValueSpecification\",\"valueRequired\":true,\"valueName\":\"search_term_string\"}}],\"inLanguage\":\"fr-FR\"},{\"@type\":\"Organization\",\"@id\":\"https:\\\/\\\/www.ch-open.ch\\\/#organization\",\"name\":\"CH Open\",\"url\":\"https:\\\/\\\/www.ch-open.ch\\\/\",\"logo\":{\"@type\":\"ImageObject\",\"inLanguage\":\"fr-FR\",\"@id\":\"https:\\\/\\\/www.ch-open.ch\\\/#\\\/schema\\\/logo\\\/image\\\/\",\"url\":\"https:\\\/\\\/www.ch-open.ch\\\/wp-content\\\/uploads\\\/2017\\\/03\\\/CHOpen_Logo_700.png\",\"contentUrl\":\"https:\\\/\\\/www.ch-open.ch\\\/wp-content\\\/uploads\\\/2017\\\/03\\\/CHOpen_Logo_700.png\",\"width\":700,\"height\":256,\"caption\":\"CH Open\"},\"image\":{\"@id\":\"https:\\\/\\\/www.ch-open.ch\\\/#\\\/schema\\\/logo\\\/image\\\/\"},\"sameAs\":[\"https:\\\/\\\/x.com\\\/ch_open\",\"https:\\\/\\\/www.youtube.com\\\/user\\\/openexpo\"]}]}<\/script>\n<!-- \/ Yoast SEO Premium plugin. -->","yoast_head_json":{"title":"Histoire de l'association &#060; CH Open","robots":{"index":"index","follow":"follow","max-snippet":"max-snippet:-1","max-image-preview":"max-image-preview:large","max-video-preview":"max-video-preview:-1"},"canonical":"https:\/\/www.ch-open.ch\/fr\/sur-ch-open\/histoire-de-lassociation\/","og_locale":"fr_FR","og_type":"article","og_title":"Histoire de l'association","og_description":"HISTOIRE DE L&#8217;ASSOCIATION Nouveau Pr\u00e9sidium Laura Kieser et Dr. Matthias G\u00fcnter forment depuis le 11 mars 2019 le pr\u00e9sidium de CH Open. Open Source Studie 2018 L&#8217;\u00e9tude Open Source Studie 2018 a \u00e9t\u00e9 publi\u00e9e en juin 2018. Redesign L&#8217;ancien nom de l&#8217;association a \u00e9t\u00e9 remplac\u00e9 par CH Open. Dans la foul\u00e9e, l&#8217;association dispose d&#8217;une plateforme&hellip;","og_url":"https:\/\/www.ch-open.ch\/fr\/sur-ch-open\/histoire-de-lassociation\/","og_site_name":"CH Open","article_modified_time":"2019-03-15T11:17:25+00:00","twitter_card":"summary_large_image","twitter_site":"@ch_open","twitter_misc":{"Dur\u00e9e de lecture estim\u00e9e":"1 minute"},"schema":{"@context":"https:\/\/schema.org","@graph":[{"@type":"WebPage","@id":"https:\/\/www.ch-open.ch\/fr\/sur-ch-open\/histoire-de-lassociation\/","url":"https:\/\/www.ch-open.ch\/fr\/sur-ch-open\/histoire-de-lassociation\/","name":"Histoire de l'association &#060; CH Open","isPartOf":{"@id":"https:\/\/www.ch-open.ch\/#website"},"datePublished":"2018-08-10T07:04:26+00:00","dateModified":"2019-03-15T11:17:25+00:00","breadcrumb":{"@id":"https:\/\/www.ch-open.ch\/fr\/sur-ch-open\/histoire-de-lassociation\/#breadcrumb"},"inLanguage":"fr-FR","potentialAction":[{"@type":"ReadAction","target":["https:\/\/www.ch-open.ch\/fr\/sur-ch-open\/histoire-de-lassociation\/"]}]},{"@type":"BreadcrumbList","@id":"https:\/\/www.ch-open.ch\/fr\/sur-ch-open\/histoire-de-lassociation\/#breadcrumb","itemListElement":[{"@type":"ListItem","position":1,"name":"Home","item":"https:\/\/www.ch-open.ch\/fr\/"},{"@type":"ListItem","position":2,"name":"\u00c0 propos CH Open","item":"https:\/\/www.ch-open.ch\/fr\/sur-ch-open\/"},{"@type":"ListItem","position":3,"name":"Histoire de l&rsquo;association"}]},{"@type":"WebSite","@id":"https:\/\/www.ch-open.ch\/#website","url":"https:\/\/www.ch-open.ch\/","name":"CH Open","description":"Verein CH Open","publisher":{"@id":"https:\/\/www.ch-open.ch\/#organization"},"potentialAction":[{"@type":"SearchAction","target":{"@type":"EntryPoint","urlTemplate":"https:\/\/www.ch-open.ch\/?s={search_term_string}"},"query-input":{"@type":"PropertyValueSpecification","valueRequired":true,"valueName":"search_term_string"}}],"inLanguage":"fr-FR"},{"@type":"Organization","@id":"https:\/\/www.ch-open.ch\/#organization","name":"CH Open","url":"https:\/\/www.ch-open.ch\/","logo":{"@type":"ImageObject","inLanguage":"fr-FR","@id":"https:\/\/www.ch-open.ch\/#\/schema\/logo\/image\/","url":"https:\/\/www.ch-open.ch\/wp-content\/uploads\/2017\/03\/CHOpen_Logo_700.png","contentUrl":"https:\/\/www.ch-open.ch\/wp-content\/uploads\/2017\/03\/CHOpen_Logo_700.png","width":700,"height":256,"caption":"CH Open"},"image":{"@id":"https:\/\/www.ch-open.ch\/#\/schema\/logo\/image\/"},"sameAs":["https:\/\/x.com\/ch_open","https:\/\/www.youtube.com\/user\/openexpo"]}]}},"_links":{"self":[{"href":"https:\/\/www.ch-open.ch\/fr\/wp-json\/wp\/v2\/pages\/3043","targetHints":{"allow":["GET"]}}],"collection":[{"href":"https:\/\/www.ch-open.ch\/fr\/wp-json\/wp\/v2\/pages"}],"about":[{"href":"https:\/\/www.ch-open.ch\/fr\/wp-json\/wp\/v2\/types\/page"}],"author":[{"embeddable":true,"href":"https:\/\/www.ch-open.ch\/fr\/wp-json\/wp\/v2\/users\/14"}],"replies":[{"embeddable":true,"href":"https:\/\/www.ch-open.ch\/fr\/wp-json\/wp\/v2\/comments?post=3043"}],"version-history":[{"count":3,"href":"https:\/\/www.ch-open.ch\/fr\/wp-json\/wp\/v2\/pages\/3043\/revisions"}],"predecessor-version":[{"id":3851,"href":"https:\/\/www.ch-open.ch\/fr\/wp-json\/wp\/v2\/pages\/3043\/revisions\/3851"}],"up":[{"embeddable":true,"href":"https:\/\/www.ch-open.ch\/fr\/wp-json\/wp\/v2\/pages\/1959"}],"wp:attachment":[{"href":"https:\/\/www.ch-open.ch\/fr\/wp-json\/wp\/v2\/media?parent=3043"}],"curies":[{"name":"wp","href":"https:\/\/api.w.org\/{rel}","templated":true}]}}