{"id":3061,"date":"2018-08-10T09:22:08","date_gmt":"2018-08-10T07:22:08","guid":{"rendered":"https:\/\/www.ch-open.ch\/?page_id=3061"},"modified":"2018-09-11T11:43:23","modified_gmt":"2018-09-11T09:43:23","slug":"wso2","status":"publish","type":"page","link":"https:\/\/www.ch-open.ch\/fr\/activites\/wso2\/","title":{"rendered":"WSO2"},"content":{"rendered":"<h1>WSO2<\/h1>\n<p>Le WSO2 Working Group est une tentative de CH Open d&#8217;organiser un groupe d&#8217;utilisateurs d&#8217;un produit sp\u00e9cifique.<br \/>\nLes raisons qui nous y ont pouss\u00e9s sont les suivantes:<\/p>\n<ul>\n<li>\u00c9conomie de temps par rapport \u00e0 la cr\u00e9ation d&#8217;une association distincte<\/li>\n<li>Synergies avec d&#8217;autres produits open source<\/li>\n<li>Constitution d&#8217;un \u00e9cosyst\u00e8me plus vaste (ce qui est au coeur des missions de CH Open)<\/li>\n<\/ul>\n<h2>Annoncez-vous aupr\u00e8s du WSO2 Working Group<\/h2>\n<div class=\"wpforms-container \" id=\"wpforms-3286\"><form id=\"wpforms-form-3286\" class=\"wpforms-validate wpforms-form\" data-formid=\"3286\" method=\"post\" enctype=\"multipart\/form-data\" action=\"\/fr\/wp-json\/wp\/v2\/pages\/3061\" data-token=\"cd790f27d8d66db8c91231b73d6ce99d\" data-token-time=\"1776288039\"><noscript class=\"wpforms-error-noscript\">Veuillez activer JavaScript dans votre navigateur pour remplir ce formulaire.<\/noscript><div class=\"wpforms-field-container\"><div id=\"wpforms-3286-field_1-container\" class=\"wpforms-field wpforms-field-text\" data-field-id=\"1\"><label class=\"wpforms-field-label\" for=\"wpforms-3286-field_1\">Pr\u00e9nom <span class=\"wpforms-required-label\">*<\/span><\/label><input type=\"text\" id=\"wpforms-3286-field_1\" class=\"wpforms-field-medium wpforms-field-required\" name=\"wpforms[fields][1]\" required><\/div><div id=\"wpforms-3286-field_2-container\" class=\"wpforms-field wpforms-field-text\" data-field-id=\"2\"><label class=\"wpforms-field-label\" for=\"wpforms-3286-field_2\">Nom <span class=\"wpforms-required-label\">*<\/span><\/label><input type=\"text\" id=\"wpforms-3286-field_2\" class=\"wpforms-field-medium wpforms-field-required\" name=\"wpforms[fields][2]\" required><\/div><div id=\"wpforms-3286-field_4-container\" class=\"wpforms-field wpforms-field-text\" data-field-id=\"4\"><label class=\"wpforms-field-label\" for=\"wpforms-3286-field_4\">L`entreprise<\/label><input type=\"text\" id=\"wpforms-3286-field_4\" class=\"wpforms-field-medium\" name=\"wpforms[fields][4]\" ><\/div><div id=\"wpforms-3286-field_5-container\" class=\"wpforms-field wpforms-field-email\" data-field-id=\"5\"><label class=\"wpforms-field-label\" for=\"wpforms-3286-field_5\">Adresse de contact <span class=\"wpforms-required-label\">*<\/span><\/label><input type=\"email\" id=\"wpforms-3286-field_5\" class=\"wpforms-field-medium wpforms-field-required\" name=\"wpforms[fields][5]\" spellcheck=\"false\" required><\/div><div id=\"wpforms-3286-field_6-container\" class=\"wpforms-field wpforms-field-textarea\" data-field-id=\"6\"><label class=\"wpforms-field-label\" for=\"wpforms-3286-field_6\">Commentaires<\/label><textarea id=\"wpforms-3286-field_6\" class=\"wpforms-field-medium\" name=\"wpforms[fields][6]\" ><\/textarea><\/div><\/div><!-- .wpforms-field-container --><div class=\"wpforms-field wpforms-field-hp\"><label for=\"wpforms-3286-field-hp\" class=\"wpforms-field-label\">Website<\/label><input type=\"text\" name=\"wpforms[hp]\" id=\"wpforms-3286-field-hp\" class=\"wpforms-field-medium\"><\/div><div class=\"wpforms-recaptcha-container wpforms-is-recaptcha wpforms-is-recaptcha-type-v2\" ><div class=\"g-recaptcha\" data-sitekey=\"6LduvCMUAAAAACzxotqwQL85D9Xc7k3B2mBTnYZP\"><\/div><input type=\"text\" name=\"g-recaptcha-hidden\" class=\"wpforms-recaptcha-hidden\" style=\"position:absolute!important;clip:rect(0,0,0,0)!important;height:1px!important;width:1px!important;border:0!important;overflow:hidden!important;padding:0!important;margin:0!important;\" data-rule-recaptcha=\"1\"><\/div><div class=\"wpforms-submit-container\" ><input type=\"hidden\" name=\"wpforms[id]\" value=\"3286\"><input type=\"hidden\" name=\"page_title\" value=\"\"><input type=\"hidden\" name=\"page_url\" value=\"https:\/\/www.ch-open.ch\/fr\/wp-json\/wp\/v2\/pages\/3061\"><input type=\"hidden\" name=\"url_referer\" value=\"\"><button type=\"submit\" name=\"wpforms[submit]\" id=\"wpforms-submit-3286\" class=\"wpforms-submit\" data-alt-text=\"L&#039;enregistrement est en cours...\" data-submit-text=\"Inscrivez-vous maintenant\" aria-live=\"assertive\" value=\"wpforms-submit\">Inscrivez-vous maintenant<\/button><\/div><\/form><\/div>  <!-- .wpforms-container -->\n","protected":false},"excerpt":{"rendered":"<p>WSO2 Le WSO2 Working Group est une tentative de CH Open d&#8217;organiser un groupe d&#8217;utilisateurs d&#8217;un produit sp\u00e9cifique. Les raisons qui nous y ont pouss\u00e9s sont les suivantes: \u00c9conomie de temps par rapport \u00e0 la cr\u00e9ation d&#8217;une association distincte Synergies avec d&#8217;autres produits open source Constitution d&#8217;un \u00e9cosyst\u00e8me plus vaste (ce qui est au coeur&hellip;<\/p>\n","protected":false},"author":14,"featured_media":0,"parent":3014,"menu_order":0,"comment_status":"closed","ping_status":"closed","template":"","meta":{"_acf_changed":false,"footnotes":""},"class_list":["post-3061","page","type-page","status-publish","hentry"],"acf":[],"yoast_head":"<!-- This site is optimized with the Yoast SEO Premium plugin v22.2 (Yoast SEO v27.3) - https:\/\/yoast.com\/product\/yoast-seo-premium-wordpress\/ -->\n<title>WSO2 &#060; CH Open<\/title>\n<meta name=\"robots\" content=\"index, follow, max-snippet:-1, max-image-preview:large, max-video-preview:-1\" \/>\n<link rel=\"canonical\" href=\"https:\/\/www.ch-open.ch\/fr\/activites\/wso2\/\" \/>\n<meta property=\"og:locale\" content=\"fr_FR\" \/>\n<meta property=\"og:type\" content=\"article\" \/>\n<meta property=\"og:title\" content=\"WSO2\" \/>\n<meta property=\"og:description\" content=\"WSO2 Le WSO2 Working Group est une tentative de CH Open d&#8217;organiser un groupe d&#8217;utilisateurs d&#8217;un produit sp\u00e9cifique. Les raisons qui nous y ont pouss\u00e9s sont les suivantes: \u00c9conomie de temps par rapport \u00e0 la cr\u00e9ation d&#8217;une association distincte Synergies avec d&#8217;autres produits open source Constitution d&#8217;un \u00e9cosyst\u00e8me plus vaste (ce qui est au coeur&hellip;\" \/>\n<meta property=\"og:url\" content=\"https:\/\/www.ch-open.ch\/fr\/activites\/wso2\/\" \/>\n<meta property=\"og:site_name\" content=\"CH Open\" \/>\n<meta property=\"article:modified_time\" content=\"2018-09-11T09:43:23+00:00\" \/>\n<meta name=\"twitter:card\" content=\"summary_large_image\" \/>\n<meta name=\"twitter:site\" content=\"@ch_open\" \/>\n<script type=\"application\/ld+json\" class=\"yoast-schema-graph\">{\"@context\":\"https:\\\/\\\/schema.org\",\"@graph\":[{\"@type\":\"WebPage\",\"@id\":\"https:\\\/\\\/www.ch-open.ch\\\/fr\\\/activites\\\/wso2\\\/\",\"url\":\"https:\\\/\\\/www.ch-open.ch\\\/fr\\\/activites\\\/wso2\\\/\",\"name\":\"WSO2 &#060; CH Open\",\"isPartOf\":{\"@id\":\"https:\\\/\\\/www.ch-open.ch\\\/#website\"},\"datePublished\":\"2018-08-10T07:22:08+00:00\",\"dateModified\":\"2018-09-11T09:43:23+00:00\",\"breadcrumb\":{\"@id\":\"https:\\\/\\\/www.ch-open.ch\\\/fr\\\/activites\\\/wso2\\\/#breadcrumb\"},\"inLanguage\":\"fr-FR\",\"potentialAction\":[{\"@type\":\"ReadAction\",\"target\":[\"https:\\\/\\\/www.ch-open.ch\\\/fr\\\/activites\\\/wso2\\\/\"]}]},{\"@type\":\"BreadcrumbList\",\"@id\":\"https:\\\/\\\/www.ch-open.ch\\\/fr\\\/activites\\\/wso2\\\/#breadcrumb\",\"itemListElement\":[{\"@type\":\"ListItem\",\"position\":1,\"name\":\"Home\",\"item\":\"https:\\\/\\\/www.ch-open.ch\\\/fr\\\/\"},{\"@type\":\"ListItem\",\"position\":2,\"name\":\"Activit\u00e9s\",\"item\":\"https:\\\/\\\/www.ch-open.ch\\\/fr\\\/activites\\\/\"},{\"@type\":\"ListItem\",\"position\":3,\"name\":\"WSO2\"}]},{\"@type\":\"WebSite\",\"@id\":\"https:\\\/\\\/www.ch-open.ch\\\/#website\",\"url\":\"https:\\\/\\\/www.ch-open.ch\\\/\",\"name\":\"CH Open\",\"description\":\"Verein CH Open\",\"publisher\":{\"@id\":\"https:\\\/\\\/www.ch-open.ch\\\/#organization\"},\"potentialAction\":[{\"@type\":\"SearchAction\",\"target\":{\"@type\":\"EntryPoint\",\"urlTemplate\":\"https:\\\/\\\/www.ch-open.ch\\\/?s={search_term_string}\"},\"query-input\":{\"@type\":\"PropertyValueSpecification\",\"valueRequired\":true,\"valueName\":\"search_term_string\"}}],\"inLanguage\":\"fr-FR\"},{\"@type\":\"Organization\",\"@id\":\"https:\\\/\\\/www.ch-open.ch\\\/#organization\",\"name\":\"CH Open\",\"url\":\"https:\\\/\\\/www.ch-open.ch\\\/\",\"logo\":{\"@type\":\"ImageObject\",\"inLanguage\":\"fr-FR\",\"@id\":\"https:\\\/\\\/www.ch-open.ch\\\/#\\\/schema\\\/logo\\\/image\\\/\",\"url\":\"https:\\\/\\\/www.ch-open.ch\\\/wp-content\\\/uploads\\\/2017\\\/03\\\/CHOpen_Logo_700.png\",\"contentUrl\":\"https:\\\/\\\/www.ch-open.ch\\\/wp-content\\\/uploads\\\/2017\\\/03\\\/CHOpen_Logo_700.png\",\"width\":700,\"height\":256,\"caption\":\"CH Open\"},\"image\":{\"@id\":\"https:\\\/\\\/www.ch-open.ch\\\/#\\\/schema\\\/logo\\\/image\\\/\"},\"sameAs\":[\"https:\\\/\\\/x.com\\\/ch_open\",\"https:\\\/\\\/www.youtube.com\\\/user\\\/openexpo\"]}]}<\/script>\n<!-- \/ Yoast SEO Premium plugin. -->","yoast_head_json":{"title":"WSO2 &#060; CH Open","robots":{"index":"index","follow":"follow","max-snippet":"max-snippet:-1","max-image-preview":"max-image-preview:large","max-video-preview":"max-video-preview:-1"},"canonical":"https:\/\/www.ch-open.ch\/fr\/activites\/wso2\/","og_locale":"fr_FR","og_type":"article","og_title":"WSO2","og_description":"WSO2 Le WSO2 Working Group est une tentative de CH Open d&#8217;organiser un groupe d&#8217;utilisateurs d&#8217;un produit sp\u00e9cifique. Les raisons qui nous y ont pouss\u00e9s sont les suivantes: \u00c9conomie de temps par rapport \u00e0 la cr\u00e9ation d&#8217;une association distincte Synergies avec d&#8217;autres produits open source Constitution d&#8217;un \u00e9cosyst\u00e8me plus vaste (ce qui est au coeur&hellip;","og_url":"https:\/\/www.ch-open.ch\/fr\/activites\/wso2\/","og_site_name":"CH Open","article_modified_time":"2018-09-11T09:43:23+00:00","twitter_card":"summary_large_image","twitter_site":"@ch_open","schema":{"@context":"https:\/\/schema.org","@graph":[{"@type":"WebPage","@id":"https:\/\/www.ch-open.ch\/fr\/activites\/wso2\/","url":"https:\/\/www.ch-open.ch\/fr\/activites\/wso2\/","name":"WSO2 &#060; CH Open","isPartOf":{"@id":"https:\/\/www.ch-open.ch\/#website"},"datePublished":"2018-08-10T07:22:08+00:00","dateModified":"2018-09-11T09:43:23+00:00","breadcrumb":{"@id":"https:\/\/www.ch-open.ch\/fr\/activites\/wso2\/#breadcrumb"},"inLanguage":"fr-FR","potentialAction":[{"@type":"ReadAction","target":["https:\/\/www.ch-open.ch\/fr\/activites\/wso2\/"]}]},{"@type":"BreadcrumbList","@id":"https:\/\/www.ch-open.ch\/fr\/activites\/wso2\/#breadcrumb","itemListElement":[{"@type":"ListItem","position":1,"name":"Home","item":"https:\/\/www.ch-open.ch\/fr\/"},{"@type":"ListItem","position":2,"name":"Activit\u00e9s","item":"https:\/\/www.ch-open.ch\/fr\/activites\/"},{"@type":"ListItem","position":3,"name":"WSO2"}]},{"@type":"WebSite","@id":"https:\/\/www.ch-open.ch\/#website","url":"https:\/\/www.ch-open.ch\/","name":"CH Open","description":"Verein CH Open","publisher":{"@id":"https:\/\/www.ch-open.ch\/#organization"},"potentialAction":[{"@type":"SearchAction","target":{"@type":"EntryPoint","urlTemplate":"https:\/\/www.ch-open.ch\/?s={search_term_string}"},"query-input":{"@type":"PropertyValueSpecification","valueRequired":true,"valueName":"search_term_string"}}],"inLanguage":"fr-FR"},{"@type":"Organization","@id":"https:\/\/www.ch-open.ch\/#organization","name":"CH Open","url":"https:\/\/www.ch-open.ch\/","logo":{"@type":"ImageObject","inLanguage":"fr-FR","@id":"https:\/\/www.ch-open.ch\/#\/schema\/logo\/image\/","url":"https:\/\/www.ch-open.ch\/wp-content\/uploads\/2017\/03\/CHOpen_Logo_700.png","contentUrl":"https:\/\/www.ch-open.ch\/wp-content\/uploads\/2017\/03\/CHOpen_Logo_700.png","width":700,"height":256,"caption":"CH Open"},"image":{"@id":"https:\/\/www.ch-open.ch\/#\/schema\/logo\/image\/"},"sameAs":["https:\/\/x.com\/ch_open","https:\/\/www.youtube.com\/user\/openexpo"]}]}},"_links":{"self":[{"href":"https:\/\/www.ch-open.ch\/fr\/wp-json\/wp\/v2\/pages\/3061","targetHints":{"allow":["GET"]}}],"collection":[{"href":"https:\/\/www.ch-open.ch\/fr\/wp-json\/wp\/v2\/pages"}],"about":[{"href":"https:\/\/www.ch-open.ch\/fr\/wp-json\/wp\/v2\/types\/page"}],"author":[{"embeddable":true,"href":"https:\/\/www.ch-open.ch\/fr\/wp-json\/wp\/v2\/users\/14"}],"replies":[{"embeddable":true,"href":"https:\/\/www.ch-open.ch\/fr\/wp-json\/wp\/v2\/comments?post=3061"}],"version-history":[{"count":3,"href":"https:\/\/www.ch-open.ch\/fr\/wp-json\/wp\/v2\/pages\/3061\/revisions"}],"predecessor-version":[{"id":3287,"href":"https:\/\/www.ch-open.ch\/fr\/wp-json\/wp\/v2\/pages\/3061\/revisions\/3287"}],"up":[{"embeddable":true,"href":"https:\/\/www.ch-open.ch\/fr\/wp-json\/wp\/v2\/pages\/3014"}],"wp:attachment":[{"href":"https:\/\/www.ch-open.ch\/fr\/wp-json\/wp\/v2\/media?parent=3061"}],"curies":[{"name":"wp","href":"https:\/\/api.w.org\/{rel}","templated":true}]}}