{"id":3104,"date":"2017-02-05T11:38:28","date_gmt":"2017-02-05T10:38:28","guid":{"rendered":"https:\/\/www.ch-open.ch\/?page_id=3104"},"modified":"2024-04-09T17:38:23","modified_gmt":"2024-04-09T15:38:23","slug":"contact","status":"publish","type":"page","link":"https:\/\/www.ch-open.ch\/fr\/contact\/","title":{"rendered":"Contact"},"content":{"rendered":"\n<h1>\n\t\tContact\n\t<\/h1>\n\t<p>CH Open vise \u00e0 promouvoir le maintien et la diffusion de syst\u00e8mes ouverts, de normes et de donn\u00e9es en Suisse. CH Open contribue ainsi \u00e0 la pr\u00e9servation du patrimoine culturel num\u00e9rique en Suisse et \u00e0 la promotion du d\u00e9veloppement durable dans le secteur num\u00e9rique.<\/p>\n<h3>Adresse &amp; d\u00e9tails de paiement<\/h3>\n<strong>CH Open<\/strong><br \/>\nBr\u00fcckenstrasse 73<br \/>\n3005 Berne<br \/>\n<a href=\"mailto:info@ch-open.ch\">info@ch-open.ch<\/a>\n<em>Banque Raiffeisen Zurich, Limmatquai 68, 8001 Zurich<\/em><br \/>\nIBAN : CH65 8080 8005 7621 4735 8<br \/>\nSWIFT : RAIFCH22E87\n\n\t\t\t\t<img decoding=\"async\" src=\"https:\/\/www.ch-open.ch\/wp-content\/uploads\/2023\/02\/kateryna-schuetz-300x296.png\" alt=\"kateryna-schuetz\" itemprop=\"image\" height=\"296\" width=\"300\" title=\"kateryna-schuetz\" onerror=\"this.style.display='none'\"  \/>\n\t<strong>Kateryna Sch\u00fctz<br \/>\n<\/strong>Gesch\u00e4ftsf\u00fchrerin<br \/>\n<a href=\"mailto:kateryna.schuetz@ch-open.ch\">kateryna.schuetz@ch-open.ch<\/a>\n\t\t\t\t<img decoding=\"async\" src=\"https:\/\/www.ch-open.ch\/wp-content\/uploads\/2024\/02\/Pascal.jpg\" alt=\"Pascal\" itemprop=\"image\" height=\"800\" width=\"800\" title=\"Pascal\" onerror=\"this.style.display='none'\"  \/>\n\t<strong>Pascal Zweiacker<br \/>\n<\/strong>Assistent der Gesch\u00e4ftsleitung<br \/>\n<a href=\"mailto:pascal.zweiacker@ch-open.ch\">pascal.zweiacker@ch-open.ch<\/a>\n<h2>\n\t\tFormulaire de contact\n\t<\/h2>\n\n","protected":false},"excerpt":{"rendered":"<p>Contact CH Open vise \u00e0 promouvoir le maintien et la diffusion de syst\u00e8mes ouverts, de normes et de donn\u00e9es en Suisse. CH Open contribue ainsi \u00e0 la pr\u00e9servation du patrimoine culturel num\u00e9rique en Suisse et \u00e0 la promotion du d\u00e9veloppement durable dans le secteur num\u00e9rique. Adresse &amp; d\u00e9tails de paiement CH Open Br\u00fcckenstrasse 73 3005&hellip;<\/p>\n","protected":false},"author":1,"featured_media":0,"parent":0,"menu_order":0,"comment_status":"closed","ping_status":"closed","template":"","meta":{"_acf_changed":false,"footnotes":""},"class_list":["post-3104","page","type-page","status-publish","hentry"],"acf":[],"yoast_head":"<!-- This site is optimized with the Yoast SEO Premium plugin v22.2 (Yoast SEO v27.4) - https:\/\/yoast.com\/product\/yoast-seo-premium-wordpress\/ -->\n<title>Contact &#060; CH Open<\/title>\n<meta name=\"robots\" content=\"index, follow, max-snippet:-1, max-image-preview:large, max-video-preview:-1\" \/>\n<link rel=\"canonical\" href=\"https:\/\/www.ch-open.ch\/fr\/contact\/\" \/>\n<meta property=\"og:locale\" content=\"fr_FR\" \/>\n<meta property=\"og:type\" content=\"article\" \/>\n<meta property=\"og:title\" content=\"Contact\" \/>\n<meta property=\"og:description\" content=\"Contact CH Open vise \u00e0 promouvoir le maintien et la diffusion de syst\u00e8mes ouverts, de normes et de donn\u00e9es en Suisse. CH Open contribue ainsi \u00e0 la pr\u00e9servation du patrimoine culturel num\u00e9rique en Suisse et \u00e0 la promotion du d\u00e9veloppement durable dans le secteur num\u00e9rique. Adresse &amp; d\u00e9tails de paiement CH Open Br\u00fcckenstrasse 73 3005&hellip;\" \/>\n<meta property=\"og:url\" content=\"https:\/\/www.ch-open.ch\/fr\/contact\/\" \/>\n<meta property=\"og:site_name\" content=\"CH Open\" \/>\n<meta property=\"article:modified_time\" content=\"2024-04-09T15:38:23+00:00\" \/>\n<meta property=\"og:image\" content=\"https:\/\/www.ch-open.ch\/wp-content\/uploads\/2023\/02\/kateryna-schuetz-300x296.png\" \/>\n<meta name=\"twitter:card\" content=\"summary_large_image\" \/>\n<meta name=\"twitter:site\" content=\"@ch_open\" \/>\n<script type=\"application\/ld+json\" class=\"yoast-schema-graph\">{\"@context\":\"https:\\\/\\\/schema.org\",\"@graph\":[{\"@type\":\"WebPage\",\"@id\":\"https:\\\/\\\/www.ch-open.ch\\\/fr\\\/contact\\\/\",\"url\":\"https:\\\/\\\/www.ch-open.ch\\\/fr\\\/contact\\\/\",\"name\":\"Contact &#060; CH Open\",\"isPartOf\":{\"@id\":\"https:\\\/\\\/www.ch-open.ch\\\/#website\"},\"primaryImageOfPage\":{\"@id\":\"https:\\\/\\\/www.ch-open.ch\\\/fr\\\/contact\\\/#primaryimage\"},\"image\":{\"@id\":\"https:\\\/\\\/www.ch-open.ch\\\/fr\\\/contact\\\/#primaryimage\"},\"thumbnailUrl\":\"https:\\\/\\\/www.ch-open.ch\\\/wp-content\\\/uploads\\\/2023\\\/02\\\/kateryna-schuetz-300x296.png\",\"datePublished\":\"2017-02-05T10:38:28+00:00\",\"dateModified\":\"2024-04-09T15:38:23+00:00\",\"breadcrumb\":{\"@id\":\"https:\\\/\\\/www.ch-open.ch\\\/fr\\\/contact\\\/#breadcrumb\"},\"inLanguage\":\"fr-FR\",\"potentialAction\":[{\"@type\":\"ReadAction\",\"target\":[\"https:\\\/\\\/www.ch-open.ch\\\/fr\\\/contact\\\/\"]}]},{\"@type\":\"ImageObject\",\"inLanguage\":\"fr-FR\",\"@id\":\"https:\\\/\\\/www.ch-open.ch\\\/fr\\\/contact\\\/#primaryimage\",\"url\":\"https:\\\/\\\/www.ch-open.ch\\\/wp-content\\\/uploads\\\/2023\\\/02\\\/kateryna-schuetz-300x296.png\",\"contentUrl\":\"https:\\\/\\\/www.ch-open.ch\\\/wp-content\\\/uploads\\\/2023\\\/02\\\/kateryna-schuetz-300x296.png\"},{\"@type\":\"BreadcrumbList\",\"@id\":\"https:\\\/\\\/www.ch-open.ch\\\/fr\\\/contact\\\/#breadcrumb\",\"itemListElement\":[{\"@type\":\"ListItem\",\"position\":1,\"name\":\"Home\",\"item\":\"https:\\\/\\\/www.ch-open.ch\\\/fr\\\/\"},{\"@type\":\"ListItem\",\"position\":2,\"name\":\"Contact\"}]},{\"@type\":\"WebSite\",\"@id\":\"https:\\\/\\\/www.ch-open.ch\\\/#website\",\"url\":\"https:\\\/\\\/www.ch-open.ch\\\/\",\"name\":\"CH Open\",\"description\":\"Verein CH Open\",\"publisher\":{\"@id\":\"https:\\\/\\\/www.ch-open.ch\\\/#organization\"},\"potentialAction\":[{\"@type\":\"SearchAction\",\"target\":{\"@type\":\"EntryPoint\",\"urlTemplate\":\"https:\\\/\\\/www.ch-open.ch\\\/?s={search_term_string}\"},\"query-input\":{\"@type\":\"PropertyValueSpecification\",\"valueRequired\":true,\"valueName\":\"search_term_string\"}}],\"inLanguage\":\"fr-FR\"},{\"@type\":\"Organization\",\"@id\":\"https:\\\/\\\/www.ch-open.ch\\\/#organization\",\"name\":\"CH Open\",\"url\":\"https:\\\/\\\/www.ch-open.ch\\\/\",\"logo\":{\"@type\":\"ImageObject\",\"inLanguage\":\"fr-FR\",\"@id\":\"https:\\\/\\\/www.ch-open.ch\\\/#\\\/schema\\\/logo\\\/image\\\/\",\"url\":\"https:\\\/\\\/www.ch-open.ch\\\/wp-content\\\/uploads\\\/2017\\\/03\\\/CHOpen_Logo_700.png\",\"contentUrl\":\"https:\\\/\\\/www.ch-open.ch\\\/wp-content\\\/uploads\\\/2017\\\/03\\\/CHOpen_Logo_700.png\",\"width\":700,\"height\":256,\"caption\":\"CH Open\"},\"image\":{\"@id\":\"https:\\\/\\\/www.ch-open.ch\\\/#\\\/schema\\\/logo\\\/image\\\/\"},\"sameAs\":[\"https:\\\/\\\/x.com\\\/ch_open\",\"https:\\\/\\\/www.youtube.com\\\/user\\\/openexpo\"]}]}<\/script>\n<!-- \/ Yoast SEO Premium plugin. -->","yoast_head_json":{"title":"Contact &#060; CH Open","robots":{"index":"index","follow":"follow","max-snippet":"max-snippet:-1","max-image-preview":"max-image-preview:large","max-video-preview":"max-video-preview:-1"},"canonical":"https:\/\/www.ch-open.ch\/fr\/contact\/","og_locale":"fr_FR","og_type":"article","og_title":"Contact","og_description":"Contact CH Open vise \u00e0 promouvoir le maintien et la diffusion de syst\u00e8mes ouverts, de normes et de donn\u00e9es en Suisse. CH Open contribue ainsi \u00e0 la pr\u00e9servation du patrimoine culturel num\u00e9rique en Suisse et \u00e0 la promotion du d\u00e9veloppement durable dans le secteur num\u00e9rique. Adresse &amp; d\u00e9tails de paiement CH Open Br\u00fcckenstrasse 73 3005&hellip;","og_url":"https:\/\/www.ch-open.ch\/fr\/contact\/","og_site_name":"CH Open","article_modified_time":"2024-04-09T15:38:23+00:00","og_image":[{"url":"https:\/\/www.ch-open.ch\/wp-content\/uploads\/2023\/02\/kateryna-schuetz-300x296.png","type":"","width":"","height":""}],"twitter_card":"summary_large_image","twitter_site":"@ch_open","schema":{"@context":"https:\/\/schema.org","@graph":[{"@type":"WebPage","@id":"https:\/\/www.ch-open.ch\/fr\/contact\/","url":"https:\/\/www.ch-open.ch\/fr\/contact\/","name":"Contact &#060; CH Open","isPartOf":{"@id":"https:\/\/www.ch-open.ch\/#website"},"primaryImageOfPage":{"@id":"https:\/\/www.ch-open.ch\/fr\/contact\/#primaryimage"},"image":{"@id":"https:\/\/www.ch-open.ch\/fr\/contact\/#primaryimage"},"thumbnailUrl":"https:\/\/www.ch-open.ch\/wp-content\/uploads\/2023\/02\/kateryna-schuetz-300x296.png","datePublished":"2017-02-05T10:38:28+00:00","dateModified":"2024-04-09T15:38:23+00:00","breadcrumb":{"@id":"https:\/\/www.ch-open.ch\/fr\/contact\/#breadcrumb"},"inLanguage":"fr-FR","potentialAction":[{"@type":"ReadAction","target":["https:\/\/www.ch-open.ch\/fr\/contact\/"]}]},{"@type":"ImageObject","inLanguage":"fr-FR","@id":"https:\/\/www.ch-open.ch\/fr\/contact\/#primaryimage","url":"https:\/\/www.ch-open.ch\/wp-content\/uploads\/2023\/02\/kateryna-schuetz-300x296.png","contentUrl":"https:\/\/www.ch-open.ch\/wp-content\/uploads\/2023\/02\/kateryna-schuetz-300x296.png"},{"@type":"BreadcrumbList","@id":"https:\/\/www.ch-open.ch\/fr\/contact\/#breadcrumb","itemListElement":[{"@type":"ListItem","position":1,"name":"Home","item":"https:\/\/www.ch-open.ch\/fr\/"},{"@type":"ListItem","position":2,"name":"Contact"}]},{"@type":"WebSite","@id":"https:\/\/www.ch-open.ch\/#website","url":"https:\/\/www.ch-open.ch\/","name":"CH Open","description":"Verein CH Open","publisher":{"@id":"https:\/\/www.ch-open.ch\/#organization"},"potentialAction":[{"@type":"SearchAction","target":{"@type":"EntryPoint","urlTemplate":"https:\/\/www.ch-open.ch\/?s={search_term_string}"},"query-input":{"@type":"PropertyValueSpecification","valueRequired":true,"valueName":"search_term_string"}}],"inLanguage":"fr-FR"},{"@type":"Organization","@id":"https:\/\/www.ch-open.ch\/#organization","name":"CH Open","url":"https:\/\/www.ch-open.ch\/","logo":{"@type":"ImageObject","inLanguage":"fr-FR","@id":"https:\/\/www.ch-open.ch\/#\/schema\/logo\/image\/","url":"https:\/\/www.ch-open.ch\/wp-content\/uploads\/2017\/03\/CHOpen_Logo_700.png","contentUrl":"https:\/\/www.ch-open.ch\/wp-content\/uploads\/2017\/03\/CHOpen_Logo_700.png","width":700,"height":256,"caption":"CH Open"},"image":{"@id":"https:\/\/www.ch-open.ch\/#\/schema\/logo\/image\/"},"sameAs":["https:\/\/x.com\/ch_open","https:\/\/www.youtube.com\/user\/openexpo"]}]}},"_links":{"self":[{"href":"https:\/\/www.ch-open.ch\/fr\/wp-json\/wp\/v2\/pages\/3104","targetHints":{"allow":["GET"]}}],"collection":[{"href":"https:\/\/www.ch-open.ch\/fr\/wp-json\/wp\/v2\/pages"}],"about":[{"href":"https:\/\/www.ch-open.ch\/fr\/wp-json\/wp\/v2\/types\/page"}],"author":[{"embeddable":true,"href":"https:\/\/www.ch-open.ch\/fr\/wp-json\/wp\/v2\/users\/1"}],"replies":[{"embeddable":true,"href":"https:\/\/www.ch-open.ch\/fr\/wp-json\/wp\/v2\/comments?post=3104"}],"version-history":[{"count":4,"href":"https:\/\/www.ch-open.ch\/fr\/wp-json\/wp\/v2\/pages\/3104\/revisions"}],"predecessor-version":[{"id":13187,"href":"https:\/\/www.ch-open.ch\/fr\/wp-json\/wp\/v2\/pages\/3104\/revisions\/13187"}],"wp:attachment":[{"href":"https:\/\/www.ch-open.ch\/fr\/wp-json\/wp\/v2\/media?parent=3104"}],"curies":[{"name":"wp","href":"https:\/\/api.w.org\/{rel}","templated":true}]}}