{"id":3828,"date":"2019-03-15T09:21:50","date_gmt":"2019-03-15T08:21:50","guid":{"rendered":"https:\/\/www.ch-open.ch\/?page_id=3828"},"modified":"2021-10-22T14:59:46","modified_gmt":"2021-10-22T12:59:46","slug":"open-business-cafe","status":"publish","type":"page","link":"https:\/\/www.ch-open.ch\/fr\/open-business-cafe\/","title":{"rendered":"CH Open Business Caf\u00e9"},"content":{"rendered":"\n<h1>\n\t\tCH OPEN BUSINESS CAF\u00c9\n\t<\/h1>\n\t<p>Des nouvelles de l&#8217;Open Source et un caf\u00e9 &#8211; au Open Business Caf\u00e9 Berne, nous \u00e9changeons des informations sur les derniers th\u00e8mes de l&#8217;Open Source. Nous vous invitons cordialement \u00e0 participer et \u00e0 discuter sans engagement.<\/p>\n<p>Si vous vous inscrivez, vous allez recevoir r\u00e9guli\u00e8rement les dates pr\u00e9vues.<\/p>\n\t\t\t<a href=\"https:\/\/www.ch-open.ch\/fr\/open-business-cafe\/\" target=\"_self\" role=\"button\" rel=\"noopener\">\n\t\t\t\t\t\t\tVoir prochaine date &#038; Inscription\n\t\t\t\t\t<\/a>\n\n","protected":false},"excerpt":{"rendered":"<p>CH OPEN BUSINESS CAF\u00c9 Des nouvelles de l&#8217;Open Source et un caf\u00e9 &#8211; au Open Business Caf\u00e9 Berne, nous \u00e9changeons des informations sur les derniers th\u00e8mes de l&#8217;Open Source. Nous vous invitons cordialement \u00e0 participer et \u00e0 discuter sans engagement. Si vous vous inscrivez, vous allez recevoir r\u00e9guli\u00e8rement les dates pr\u00e9vues. Voir prochaine date &#038;&hellip;<\/p>\n","protected":false},"author":14,"featured_media":0,"parent":0,"menu_order":0,"comment_status":"closed","ping_status":"closed","template":"","meta":{"_acf_changed":false,"footnotes":""},"class_list":["post-3828","page","type-page","status-publish","hentry"],"acf":[],"yoast_head":"<!-- This site is optimized with the Yoast SEO Premium plugin v22.2 (Yoast SEO v27.3) - https:\/\/yoast.com\/product\/yoast-seo-premium-wordpress\/ -->\n<title>CH Open Business Caf\u00e9 &#060; CH Open<\/title>\n<meta name=\"robots\" content=\"index, follow, max-snippet:-1, max-image-preview:large, max-video-preview:-1\" \/>\n<link rel=\"canonical\" href=\"https:\/\/www.ch-open.ch\/fr\/open-business-cafe\/\" \/>\n<meta property=\"og:locale\" content=\"fr_FR\" \/>\n<meta property=\"og:type\" content=\"article\" \/>\n<meta property=\"og:title\" content=\"CH Open Business Caf\u00e9\" \/>\n<meta property=\"og:description\" content=\"CH OPEN BUSINESS CAF\u00c9 Des nouvelles de l&#8217;Open Source et un caf\u00e9 &#8211; au Open Business Caf\u00e9 Berne, nous \u00e9changeons des informations sur les derniers th\u00e8mes de l&#8217;Open Source. Nous vous invitons cordialement \u00e0 participer et \u00e0 discuter sans engagement. Si vous vous inscrivez, vous allez recevoir r\u00e9guli\u00e8rement les dates pr\u00e9vues. Voir prochaine date &#038;&hellip;\" \/>\n<meta property=\"og:url\" content=\"https:\/\/www.ch-open.ch\/fr\/open-business-cafe\/\" \/>\n<meta property=\"og:site_name\" content=\"CH Open\" \/>\n<meta property=\"article:modified_time\" content=\"2021-10-22T12:59:46+00:00\" \/>\n<meta name=\"twitter:card\" content=\"summary_large_image\" \/>\n<meta name=\"twitter:site\" content=\"@ch_open\" \/>\n<script type=\"application\/ld+json\" class=\"yoast-schema-graph\">{\"@context\":\"https:\\\/\\\/schema.org\",\"@graph\":[{\"@type\":\"WebPage\",\"@id\":\"https:\\\/\\\/www.ch-open.ch\\\/fr\\\/open-business-cafe\\\/\",\"url\":\"https:\\\/\\\/www.ch-open.ch\\\/fr\\\/open-business-cafe\\\/\",\"name\":\"CH Open Business Caf\u00e9 &#060; CH Open\",\"isPartOf\":{\"@id\":\"https:\\\/\\\/www.ch-open.ch\\\/#website\"},\"datePublished\":\"2019-03-15T08:21:50+00:00\",\"dateModified\":\"2021-10-22T12:59:46+00:00\",\"breadcrumb\":{\"@id\":\"https:\\\/\\\/www.ch-open.ch\\\/fr\\\/open-business-cafe\\\/#breadcrumb\"},\"inLanguage\":\"fr-FR\",\"potentialAction\":[{\"@type\":\"ReadAction\",\"target\":[\"https:\\\/\\\/www.ch-open.ch\\\/fr\\\/open-business-cafe\\\/\"]}]},{\"@type\":\"BreadcrumbList\",\"@id\":\"https:\\\/\\\/www.ch-open.ch\\\/fr\\\/open-business-cafe\\\/#breadcrumb\",\"itemListElement\":[{\"@type\":\"ListItem\",\"position\":1,\"name\":\"Home\",\"item\":\"https:\\\/\\\/www.ch-open.ch\\\/fr\\\/\"},{\"@type\":\"ListItem\",\"position\":2,\"name\":\"CH Open Business Caf\u00e9\"}]},{\"@type\":\"WebSite\",\"@id\":\"https:\\\/\\\/www.ch-open.ch\\\/#website\",\"url\":\"https:\\\/\\\/www.ch-open.ch\\\/\",\"name\":\"CH Open\",\"description\":\"Verein CH Open\",\"publisher\":{\"@id\":\"https:\\\/\\\/www.ch-open.ch\\\/#organization\"},\"potentialAction\":[{\"@type\":\"SearchAction\",\"target\":{\"@type\":\"EntryPoint\",\"urlTemplate\":\"https:\\\/\\\/www.ch-open.ch\\\/?s={search_term_string}\"},\"query-input\":{\"@type\":\"PropertyValueSpecification\",\"valueRequired\":true,\"valueName\":\"search_term_string\"}}],\"inLanguage\":\"fr-FR\"},{\"@type\":\"Organization\",\"@id\":\"https:\\\/\\\/www.ch-open.ch\\\/#organization\",\"name\":\"CH Open\",\"url\":\"https:\\\/\\\/www.ch-open.ch\\\/\",\"logo\":{\"@type\":\"ImageObject\",\"inLanguage\":\"fr-FR\",\"@id\":\"https:\\\/\\\/www.ch-open.ch\\\/#\\\/schema\\\/logo\\\/image\\\/\",\"url\":\"https:\\\/\\\/www.ch-open.ch\\\/wp-content\\\/uploads\\\/2017\\\/03\\\/CHOpen_Logo_700.png\",\"contentUrl\":\"https:\\\/\\\/www.ch-open.ch\\\/wp-content\\\/uploads\\\/2017\\\/03\\\/CHOpen_Logo_700.png\",\"width\":700,\"height\":256,\"caption\":\"CH Open\"},\"image\":{\"@id\":\"https:\\\/\\\/www.ch-open.ch\\\/#\\\/schema\\\/logo\\\/image\\\/\"},\"sameAs\":[\"https:\\\/\\\/x.com\\\/ch_open\",\"https:\\\/\\\/www.youtube.com\\\/user\\\/openexpo\"]}]}<\/script>\n<!-- \/ Yoast SEO Premium plugin. -->","yoast_head_json":{"title":"CH Open Business Caf\u00e9 &#060; CH Open","robots":{"index":"index","follow":"follow","max-snippet":"max-snippet:-1","max-image-preview":"max-image-preview:large","max-video-preview":"max-video-preview:-1"},"canonical":"https:\/\/www.ch-open.ch\/fr\/open-business-cafe\/","og_locale":"fr_FR","og_type":"article","og_title":"CH Open Business Caf\u00e9","og_description":"CH OPEN BUSINESS CAF\u00c9 Des nouvelles de l&#8217;Open Source et un caf\u00e9 &#8211; au Open Business Caf\u00e9 Berne, nous \u00e9changeons des informations sur les derniers th\u00e8mes de l&#8217;Open Source. Nous vous invitons cordialement \u00e0 participer et \u00e0 discuter sans engagement. Si vous vous inscrivez, vous allez recevoir r\u00e9guli\u00e8rement les dates pr\u00e9vues. Voir prochaine date &#038;&hellip;","og_url":"https:\/\/www.ch-open.ch\/fr\/open-business-cafe\/","og_site_name":"CH Open","article_modified_time":"2021-10-22T12:59:46+00:00","twitter_card":"summary_large_image","twitter_site":"@ch_open","schema":{"@context":"https:\/\/schema.org","@graph":[{"@type":"WebPage","@id":"https:\/\/www.ch-open.ch\/fr\/open-business-cafe\/","url":"https:\/\/www.ch-open.ch\/fr\/open-business-cafe\/","name":"CH Open Business Caf\u00e9 &#060; CH Open","isPartOf":{"@id":"https:\/\/www.ch-open.ch\/#website"},"datePublished":"2019-03-15T08:21:50+00:00","dateModified":"2021-10-22T12:59:46+00:00","breadcrumb":{"@id":"https:\/\/www.ch-open.ch\/fr\/open-business-cafe\/#breadcrumb"},"inLanguage":"fr-FR","potentialAction":[{"@type":"ReadAction","target":["https:\/\/www.ch-open.ch\/fr\/open-business-cafe\/"]}]},{"@type":"BreadcrumbList","@id":"https:\/\/www.ch-open.ch\/fr\/open-business-cafe\/#breadcrumb","itemListElement":[{"@type":"ListItem","position":1,"name":"Home","item":"https:\/\/www.ch-open.ch\/fr\/"},{"@type":"ListItem","position":2,"name":"CH Open Business Caf\u00e9"}]},{"@type":"WebSite","@id":"https:\/\/www.ch-open.ch\/#website","url":"https:\/\/www.ch-open.ch\/","name":"CH Open","description":"Verein CH Open","publisher":{"@id":"https:\/\/www.ch-open.ch\/#organization"},"potentialAction":[{"@type":"SearchAction","target":{"@type":"EntryPoint","urlTemplate":"https:\/\/www.ch-open.ch\/?s={search_term_string}"},"query-input":{"@type":"PropertyValueSpecification","valueRequired":true,"valueName":"search_term_string"}}],"inLanguage":"fr-FR"},{"@type":"Organization","@id":"https:\/\/www.ch-open.ch\/#organization","name":"CH Open","url":"https:\/\/www.ch-open.ch\/","logo":{"@type":"ImageObject","inLanguage":"fr-FR","@id":"https:\/\/www.ch-open.ch\/#\/schema\/logo\/image\/","url":"https:\/\/www.ch-open.ch\/wp-content\/uploads\/2017\/03\/CHOpen_Logo_700.png","contentUrl":"https:\/\/www.ch-open.ch\/wp-content\/uploads\/2017\/03\/CHOpen_Logo_700.png","width":700,"height":256,"caption":"CH Open"},"image":{"@id":"https:\/\/www.ch-open.ch\/#\/schema\/logo\/image\/"},"sameAs":["https:\/\/x.com\/ch_open","https:\/\/www.youtube.com\/user\/openexpo"]}]}},"_links":{"self":[{"href":"https:\/\/www.ch-open.ch\/fr\/wp-json\/wp\/v2\/pages\/3828","targetHints":{"allow":["GET"]}}],"collection":[{"href":"https:\/\/www.ch-open.ch\/fr\/wp-json\/wp\/v2\/pages"}],"about":[{"href":"https:\/\/www.ch-open.ch\/fr\/wp-json\/wp\/v2\/types\/page"}],"author":[{"embeddable":true,"href":"https:\/\/www.ch-open.ch\/fr\/wp-json\/wp\/v2\/users\/14"}],"replies":[{"embeddable":true,"href":"https:\/\/www.ch-open.ch\/fr\/wp-json\/wp\/v2\/comments?post=3828"}],"version-history":[{"count":3,"href":"https:\/\/www.ch-open.ch\/fr\/wp-json\/wp\/v2\/pages\/3828\/revisions"}],"predecessor-version":[{"id":7498,"href":"https:\/\/www.ch-open.ch\/fr\/wp-json\/wp\/v2\/pages\/3828\/revisions\/7498"}],"wp:attachment":[{"href":"https:\/\/www.ch-open.ch\/fr\/wp-json\/wp\/v2\/media?parent=3828"}],"curies":[{"name":"wp","href":"https:\/\/api.w.org\/{rel}","templated":true}]}}