{"id":5016,"date":"2017-01-20T18:56:15","date_gmt":"2017-01-20T17:56:15","guid":{"rendered":"https:\/\/www.ch-open.ch\/?page_id=5016"},"modified":"2026-04-19T09:47:42","modified_gmt":"2026-04-19T07:47:42","slug":"comite","status":"publish","type":"page","link":"https:\/\/www.ch-open.ch\/fr\/sur-ch-open\/comite\/","title":{"rendered":"Comit\u00e9"},"content":{"rendered":"\n<h1>\n\t\t\tComit\u00e9\t<\/h1>\n<p>14 membres du conseil d&#8217;administration sont actuellement b\u00e9n\u00e9voles pour CH Open . Chacun de ces membres est responsable d&#8217;un groupe de travail ou soutient l&#8217;association sur, par exemple, des aspects politiques ou juridiques.<\/p>\n<p>Souhaitez-vous continuer \u00e0 travailler en r\u00e9seau avec d&#8217;autres parties int\u00e9ress\u00e9es par l&#8217;open source dans <strong>votre r\u00e9gion<\/strong> ? Contactez le membre du conseil d&#8217;administration concern\u00e9, soyez heureux de promouvoir ou nous pouvons organiser un \u00e9v\u00e9nement avec vous et attendons avec impatience des id\u00e9es.<\/p>\n<h2>\n\t\t\tNotre comit\u00e9\t<\/h2>\n<figure itemscope itemtype=\"https:\/\/schema.org\/ImageObject\">\n\t\t\t\t<img decoding=\"async\" src=\"https:\/\/www.ch-open.ch\/wp-content\/uploads\/2024\/04\/Matthias-Stuermer_bw.png\" alt=\"Matthias St\u00fcrmer_bw\" height=\"412\" width=\"400\" title=\"Matthias St\u00fcrmer_bw\" onerror=\"this.style.display='none'\" loading=\"lazy\" \/>\n\t<\/figure>\n<h4>\n\t\t\tDr. Matthias St\u00fcrmerpr\u00e9sident\t<\/h4>\n\t<p><strong><a href=\"https:\/\/www.bfh.ch\/en\/research\/research-areas\/public-sector-transformation\/\" target=\"_blank\" rel=\"noopener\">Berner Fachhochschule Wirtschaft: Institut Public Sector Transformation<\/a><\/strong><\/p>\n<p><strong>Region:<\/strong> Bern<\/p>\n<figure itemscope itemtype=\"https:\/\/schema.org\/ImageObject\">\n\t\t\t\t<img decoding=\"async\" src=\"https:\/\/www.ch-open.ch\/wp-content\/uploads\/2024\/04\/Matthias-Guenter_bw.png\" alt=\"Matthias G\u00fcnter_bw\" height=\"1577\" width=\"1049\" title=\"Matthias G\u00fcnter_bw\" onerror=\"this.style.display='none'\" loading=\"lazy\" \/>\n\t<\/figure>\n<h4>\n\t\t\tDr. Matthias G\u00fcntervice-pr\u00e9sident\t<\/h4>\n\t<p><strong><a href=\"http:\/\/www.gnostx.ch\/\" target=\"_blank\" rel=\"noopener\">Gnostx GmbH<\/a><\/strong><\/p>\n<p><strong>Region:<\/strong> Bern<\/p>\n<figure itemscope itemtype=\"https:\/\/schema.org\/ImageObject\">\n\t\t\t\t<img decoding=\"async\" src=\"https:\/\/www.ch-open.ch\/wp-content\/uploads\/2024\/04\/Barbara-Dravec_bw-1.jpg\" alt=\"Barbara Dravec_bw\" height=\"500\" width=\"500\" title=\"Barbara Dravec_bw\" onerror=\"this.style.display='none'\" loading=\"lazy\" \/>\n\t<\/figure>\n<h4>\n\t\t\tBarbara DravecWorkshop-Tage\t<\/h4>\n\t<p><strong><a href=\"https:\/\/technit.ch\/\" target=\"_blank\" rel=\"noopener\">TECHNiT<\/a><\/strong><\/p>\n<p><strong>Region:<\/strong> Z\u00fcrich<\/p>\n<figure itemscope itemtype=\"https:\/\/schema.org\/ImageObject\">\n\t\t\t\t<img decoding=\"async\" src=\"https:\/\/www.ch-open.ch\/wp-content\/uploads\/2024\/04\/Joerg-Berkel_sw-1.jpg\" alt=\"J\u00f6rg Berkel_sw\" height=\"1911\" width=\"1735\" title=\"J\u00f6rg Berkel_sw\" onerror=\"this.style.display='none'\" loading=\"lazy\" \/>\n\t<\/figure>\n<h4>\n\t\t\tJ\u00f6rg BerkelOpen Education Day\t<\/h4>\n\t<p><strong><a href=\"https:\/\/www.bfh.ch\/de\/forschung\/forschungsbereiche\/digital-sustainability-lab\/\" target=\"_blank\" rel=\"noopener\">Berner Fachhochschule Wirtschaft: Digital Sustainability Lab<\/a><\/strong><\/p>\n<p><strong>Region:<\/strong> Bern<\/p>\n<figure itemscope itemtype=\"https:\/\/schema.org\/ImageObject\">\n\t\t\t\t<img decoding=\"async\" src=\"https:\/\/www.ch-open.ch\/wp-content\/uploads\/2024\/04\/Miro-Dietiker_bw.png\" alt=\"Miro Dietiker_bw\" height=\"2500\" width=\"2000\" title=\"Miro Dietiker_bw\" onerror=\"this.style.display='none'\" loading=\"lazy\" \/>\n\t<\/figure>\n<h4>\n\t\t\tMiro DietikerDINAcon\t<\/h4>\n\t<p><strong><a title=\"Opens external link in new window\" href=\"https:\/\/www.md-systems.ch\/de\" target=\"_blank\" rel=\"noopener\">MD Systems GmbH<\/a><\/strong><\/p>\n<p><strong>Region:<\/strong> Z\u00fcrich<\/p>\n<figure itemscope itemtype=\"https:\/\/schema.org\/ImageObject\">\n\t\t\t\t<img decoding=\"async\" src=\"https:\/\/www.ch-open.ch\/wp-content\/uploads\/2024\/04\/Olivier-Brian_bw.png\" alt=\"Olivier Brian_bw\" height=\"300\" width=\"400\" title=\"Olivier Brian_bw\" onerror=\"this.style.display='none'\" loading=\"lazy\" \/>\n\t<\/figure>\n<h4>\n\t\t\tOlivier BrianWorkshop-Tage\t<\/h4>\n\t<p><strong><a href=\"https:\/\/www.puzzle.ch\/de\/home\" target=\"_blank\" rel=\"noopener\">PUZZLE ITC GMBH<\/a><\/strong><\/p>\n<p><strong>Region:<\/strong> Bern<\/p>\n<figure itemscope itemtype=\"https:\/\/schema.org\/ImageObject\">\n\t\t\t\t<img decoding=\"async\" src=\"https:\/\/www.ch-open.ch\/wp-content\/uploads\/2024\/04\/Markus-Danhel.jpg\" alt=\"Markus Danhel\" height=\"683\" width=\"683\" title=\"Markus Danhel\" onerror=\"this.style.display='none'\" loading=\"lazy\" \/>\n\t<\/figure>\n<h4>\n\t\t\tMarkus DanhelDINAcon\t<\/h4>\n\t<p><strong><a href=\"https:\/\/www.ibm.com\/about\/innovation-studio\" target=\"_blank\" rel=\"noopener\">IBM<\/a><\/strong><\/p>\n<p><strong>Region:<\/strong> Z\u00fcrich<\/p>\n<figure itemscope itemtype=\"https:\/\/schema.org\/ImageObject\">\n\t\t\t\t<img decoding=\"async\" src=\"https:\/\/www.ch-open.ch\/wp-content\/uploads\/2024\/04\/Markus-Tiede_bw.png\" alt=\"Markus Tiede_bw\" height=\"320\" width=\"320\" title=\"Markus Tiede_bw\" onerror=\"this.style.display='none'\" loading=\"lazy\" \/>\n\t<\/figure>\n<h4>\n\t\t\tMarkus TiedeWorkshop-Tage\t<\/h4>\n\t<p><strong><a href=\"https:\/\/www.bfh.ch\/de\/forschung\/forschungsbereiche\/public-sector-transformation\/\" target=\"_blank\" rel=\"noopener\">Berner Fachhochschule<\/a><\/strong><\/p>\n<p><strong>Region:<\/strong> Bern, Deutschland<\/p>\n<figure itemscope itemtype=\"https:\/\/schema.org\/ImageObject\">\n\t\t\t\t<img decoding=\"async\" src=\"https:\/\/www.ch-open.ch\/wp-content\/uploads\/2024\/04\/Simon-Schlauri_bw.png\" alt=\"Simon Schlauri_bw\" height=\"623\" width=\"712\" title=\"Simon Schlauri_bw\" onerror=\"this.style.display='none'\" loading=\"lazy\" \/>\n\t<\/figure>\n<h4>\n\t\t\tProf. Dr. Simon Schlaurile membre du directoire\t<\/h4>\n\t<p><strong><a title=\"Opens external link in new window\" href=\"https:\/\/www.ronzani-schlauri.com\/\" target=\"_blank\" rel=\"noopener\">Ronzani Schlauri Anw\u00e4lte<\/a><\/strong><\/p>\n<p><strong>Region:<\/strong> Z\u00fcrich und St. Gallen<\/p>\n<p>&nbsp;<\/p>\n<p>&nbsp;<\/p>\n<figure itemscope itemtype=\"https:\/\/schema.org\/ImageObject\">\n\t\t\t\t<img decoding=\"async\" src=\"https:\/\/www.ch-open.ch\/wp-content\/uploads\/2025\/04\/418-418-max.png\" alt=\"418-418-max\" height=\"418\" width=\"418\" title=\"418-418-max\" onerror=\"this.style.display='none'\" loading=\"lazy\" \/>\n\t<\/figure>\n<h4>\n\t\t\tAlexander Deutingerle caissier\t<\/h4>\n\t<h2 data-dtype=\"d3ifr\" data-local-attribute=\"d3bn\" data-attrid=\"title\" data-ved=\"2ahUKEwjYmcbKnLWFAxVviv0HHcC-ABIQ3B0oAHoECGsQAQ\"><strong><a href=\"https:\/\/www.suse.com\/de-de\/\" target=\"_blank\" rel=\"noopener\">SUSE<\/a><\/strong><\/h2>\n<p><strong>Region:<\/strong> Z\u00fcrich<\/p>\n<figure itemscope itemtype=\"https:\/\/schema.org\/ImageObject\">\n\t\t\t\t<img decoding=\"async\" src=\"https:\/\/www.ch-open.ch\/wp-content\/uploads\/2024\/05\/Peter-Mumenthaler_bw.jpg\" alt=\"Peter Mumenthaler_bw\" height=\"800\" width=\"800\" title=\"Peter Mumenthaler_bw\" onerror=\"this.style.display='none'\" loading=\"lazy\" \/>\n\t<\/figure>\n<h4>\n\t\t\tPeter Mumenthalerle membre du directoire\t<\/h4>\n\t<h2 data-dtype=\"d3ifr\" data-local-attribute=\"d3bn\" data-attrid=\"title\" data-ved=\"2ahUKEwjYmcbKnLWFAxVviv0HHcC-ABIQ3B0oAHoECGsQAQ\"><strong><a href=\"https:\/\/www.linkedin.com\/in\/peter-mumenthaler-97b40965\/\" target=\"_blank\" rel=\"noopener\">Consultant<\/a><\/strong><\/h2>\n<p><strong>Region:<\/strong> Bern<\/p>\n<figure itemscope itemtype=\"https:\/\/schema.org\/ImageObject\">\n\t\t\t\t<img decoding=\"async\" src=\"https:\/\/www.ch-open.ch\/wp-content\/uploads\/2024\/04\/Christoph-Schmid_bw.jpg\" alt=\"Christoph Schmid_bw\" height=\"800\" width=\"800\" title=\"Christoph Schmid_bw\" onerror=\"this.style.display='none'\" loading=\"lazy\" \/>\n\t<\/figure>\n<h4>\n\t\t\tChristoph SchmidOpen EDucation Day \t<\/h4>\n\t<p><strong><a href=\"https:\/\/jugendhackt.org\/ueber\/\" target=\"_blank\" rel=\"noopener\">Fachgruppen \u00abDigitale Nachhaltigkeit\u00bb &amp; \u00abJugend hackt\u00bb<\/a><\/strong><\/p>\n<p><strong>Region:<\/strong> Bern<\/p>\n<p>&nbsp;<\/p>\n<p>&nbsp;<\/p>\n<figure itemscope itemtype=\"https:\/\/schema.org\/ImageObject\">\n\t\t\t\t<img decoding=\"async\" src=\"https:\/\/www.ch-open.ch\/wp-content\/uploads\/2025\/04\/800-800-max.png\" alt=\"800-800-max\" height=\"800\" width=\"800\" title=\"800-800-max\" onerror=\"this.style.display='none'\" loading=\"lazy\" \/>\n\t<\/figure>\n<h4>\n\t\t\tChristoph Bernhardle membre du directoire\t<\/h4>\n\t<h2 data-dtype=\"d3ifr\" data-local-attribute=\"d3bn\" data-attrid=\"title\" data-ved=\"2ahUKEwjYmcbKnLWFAxVviv0HHcC-ABIQ3B0oAHoECGsQAQ\"><strong><a href=\"https:\/\/www.redhat.com\/en\/global\/dach?oh=www.redhat.ch\" target=\"_blank\" rel=\"noopener\">Red Hat<\/a><\/strong><\/h2>\n<p><strong>Region:<\/strong> Bern\/Z\u00fcrich<\/p>\n<figure itemscope itemtype=\"https:\/\/schema.org\/ImageObject\">\n\t\t\t\t<img decoding=\"async\" src=\"https:\/\/www.ch-open.ch\/wp-content\/uploads\/2026\/04\/Jan-Kerschgens_bw-scaled.jpg\" alt=\"Jan Kerschgens_bw\" height=\"2048\" width=\"1787\" title=\"Jan Kerschgens_bw\" onerror=\"this.style.display='none'\" loading=\"lazy\" \/>\n\t<\/figure>\n<h4>\n\t\t\tDr. Jan Kerschgens, eMBAle membre du directoire\t<\/h4>\n\t<h2 data-dtype=\"d3ifr\" data-local-attribute=\"d3bn\" data-attrid=\"title\" data-ved=\"2ahUKEwjYmcbKnLWFAxVviv0HHcC-ABIQ3B0oAHoECGsQAQ\"><\/h2>\n<p><strong>Region:<\/strong> Lausanne\/Romandie<\/p>\n\n","protected":false},"excerpt":{"rendered":"<p>Comit\u00e9 14 membres du conseil d&#8217;administration sont actuellement b\u00e9n\u00e9voles pour CH Open . Chacun de ces membres est responsable d&#8217;un groupe de travail ou soutient l&#8217;association sur, par exemple, des aspects politiques ou juridiques. Souhaitez-vous continuer \u00e0 travailler en r\u00e9seau avec d&#8217;autres parties int\u00e9ress\u00e9es par l&#8217;open source dans votre r\u00e9gion ? Contactez le membre du&hellip;<\/p>\n","protected":false},"author":1,"featured_media":0,"parent":1959,"menu_order":1,"comment_status":"closed","ping_status":"closed","template":"","meta":{"_acf_changed":false,"footnotes":""},"class_list":["post-5016","page","type-page","status-publish","hentry"],"acf":[],"yoast_head":"<!-- This site is optimized with the Yoast SEO Premium plugin v22.2 (Yoast SEO v27.4) - https:\/\/yoast.com\/product\/yoast-seo-premium-wordpress\/ -->\n<title>Comit\u00e9 &#060; CH Open<\/title>\n<meta name=\"robots\" content=\"index, follow, max-snippet:-1, max-image-preview:large, max-video-preview:-1\" \/>\n<link rel=\"canonical\" href=\"https:\/\/www.ch-open.ch\/fr\/sur-ch-open\/comite\/\" \/>\n<meta property=\"og:locale\" content=\"fr_FR\" \/>\n<meta property=\"og:type\" content=\"article\" \/>\n<meta property=\"og:title\" content=\"Comit\u00e9\" \/>\n<meta property=\"og:description\" content=\"Comit\u00e9 14 membres du conseil d&#8217;administration sont actuellement b\u00e9n\u00e9voles pour CH Open . Chacun de ces membres est responsable d&#8217;un groupe de travail ou soutient l&#8217;association sur, par exemple, des aspects politiques ou juridiques. Souhaitez-vous continuer \u00e0 travailler en r\u00e9seau avec d&#8217;autres parties int\u00e9ress\u00e9es par l&#8217;open source dans votre r\u00e9gion ? Contactez le membre du&hellip;\" \/>\n<meta property=\"og:url\" content=\"https:\/\/www.ch-open.ch\/fr\/sur-ch-open\/comite\/\" \/>\n<meta property=\"og:site_name\" content=\"CH Open\" \/>\n<meta property=\"article:modified_time\" content=\"2026-04-19T07:47:42+00:00\" \/>\n<meta property=\"og:image\" content=\"https:\/\/www.ch-open.ch\/wp-content\/uploads\/2024\/04\/Matthias-Stuermer_bw.png\" \/>\n<meta name=\"twitter:card\" content=\"summary_large_image\" \/>\n<meta name=\"twitter:site\" content=\"@ch_open\" \/>\n<meta name=\"twitter:label1\" content=\"Dur\u00e9e de lecture estim\u00e9e\" \/>\n\t<meta name=\"twitter:data1\" content=\"3 minutes\" \/>\n<script type=\"application\/ld+json\" class=\"yoast-schema-graph\">{\"@context\":\"https:\\\/\\\/schema.org\",\"@graph\":[{\"@type\":\"WebPage\",\"@id\":\"https:\\\/\\\/www.ch-open.ch\\\/fr\\\/sur-ch-open\\\/comite\\\/\",\"url\":\"https:\\\/\\\/www.ch-open.ch\\\/fr\\\/sur-ch-open\\\/comite\\\/\",\"name\":\"Comit\u00e9 &#060; CH Open\",\"isPartOf\":{\"@id\":\"https:\\\/\\\/www.ch-open.ch\\\/#website\"},\"primaryImageOfPage\":{\"@id\":\"https:\\\/\\\/www.ch-open.ch\\\/fr\\\/sur-ch-open\\\/comite\\\/#primaryimage\"},\"image\":{\"@id\":\"https:\\\/\\\/www.ch-open.ch\\\/fr\\\/sur-ch-open\\\/comite\\\/#primaryimage\"},\"thumbnailUrl\":\"https:\\\/\\\/www.ch-open.ch\\\/wp-content\\\/uploads\\\/2024\\\/04\\\/Matthias-Stuermer_bw.png\",\"datePublished\":\"2017-01-20T17:56:15+00:00\",\"dateModified\":\"2026-04-19T07:47:42+00:00\",\"breadcrumb\":{\"@id\":\"https:\\\/\\\/www.ch-open.ch\\\/fr\\\/sur-ch-open\\\/comite\\\/#breadcrumb\"},\"inLanguage\":\"fr-FR\",\"potentialAction\":[{\"@type\":\"ReadAction\",\"target\":[\"https:\\\/\\\/www.ch-open.ch\\\/fr\\\/sur-ch-open\\\/comite\\\/\"]}]},{\"@type\":\"ImageObject\",\"inLanguage\":\"fr-FR\",\"@id\":\"https:\\\/\\\/www.ch-open.ch\\\/fr\\\/sur-ch-open\\\/comite\\\/#primaryimage\",\"url\":\"https:\\\/\\\/www.ch-open.ch\\\/wp-content\\\/uploads\\\/2024\\\/04\\\/Matthias-Stuermer_bw.png\",\"contentUrl\":\"https:\\\/\\\/www.ch-open.ch\\\/wp-content\\\/uploads\\\/2024\\\/04\\\/Matthias-Stuermer_bw.png\"},{\"@type\":\"BreadcrumbList\",\"@id\":\"https:\\\/\\\/www.ch-open.ch\\\/fr\\\/sur-ch-open\\\/comite\\\/#breadcrumb\",\"itemListElement\":[{\"@type\":\"ListItem\",\"position\":1,\"name\":\"Home\",\"item\":\"https:\\\/\\\/www.ch-open.ch\\\/fr\\\/\"},{\"@type\":\"ListItem\",\"position\":2,\"name\":\"\u00c0 propos CH Open\",\"item\":\"https:\\\/\\\/www.ch-open.ch\\\/fr\\\/sur-ch-open\\\/\"},{\"@type\":\"ListItem\",\"position\":3,\"name\":\"Comit\u00e9\"}]},{\"@type\":\"WebSite\",\"@id\":\"https:\\\/\\\/www.ch-open.ch\\\/#website\",\"url\":\"https:\\\/\\\/www.ch-open.ch\\\/\",\"name\":\"CH Open\",\"description\":\"Verein CH Open\",\"publisher\":{\"@id\":\"https:\\\/\\\/www.ch-open.ch\\\/#organization\"},\"potentialAction\":[{\"@type\":\"SearchAction\",\"target\":{\"@type\":\"EntryPoint\",\"urlTemplate\":\"https:\\\/\\\/www.ch-open.ch\\\/?s={search_term_string}\"},\"query-input\":{\"@type\":\"PropertyValueSpecification\",\"valueRequired\":true,\"valueName\":\"search_term_string\"}}],\"inLanguage\":\"fr-FR\"},{\"@type\":\"Organization\",\"@id\":\"https:\\\/\\\/www.ch-open.ch\\\/#organization\",\"name\":\"CH Open\",\"url\":\"https:\\\/\\\/www.ch-open.ch\\\/\",\"logo\":{\"@type\":\"ImageObject\",\"inLanguage\":\"fr-FR\",\"@id\":\"https:\\\/\\\/www.ch-open.ch\\\/#\\\/schema\\\/logo\\\/image\\\/\",\"url\":\"https:\\\/\\\/www.ch-open.ch\\\/wp-content\\\/uploads\\\/2017\\\/03\\\/CHOpen_Logo_700.png\",\"contentUrl\":\"https:\\\/\\\/www.ch-open.ch\\\/wp-content\\\/uploads\\\/2017\\\/03\\\/CHOpen_Logo_700.png\",\"width\":700,\"height\":256,\"caption\":\"CH Open\"},\"image\":{\"@id\":\"https:\\\/\\\/www.ch-open.ch\\\/#\\\/schema\\\/logo\\\/image\\\/\"},\"sameAs\":[\"https:\\\/\\\/x.com\\\/ch_open\",\"https:\\\/\\\/www.youtube.com\\\/user\\\/openexpo\"]}]}<\/script>\n<!-- \/ Yoast SEO Premium plugin. -->","yoast_head_json":{"title":"Comit\u00e9 &#060; CH Open","robots":{"index":"index","follow":"follow","max-snippet":"max-snippet:-1","max-image-preview":"max-image-preview:large","max-video-preview":"max-video-preview:-1"},"canonical":"https:\/\/www.ch-open.ch\/fr\/sur-ch-open\/comite\/","og_locale":"fr_FR","og_type":"article","og_title":"Comit\u00e9","og_description":"Comit\u00e9 14 membres du conseil d&#8217;administration sont actuellement b\u00e9n\u00e9voles pour CH Open . Chacun de ces membres est responsable d&#8217;un groupe de travail ou soutient l&#8217;association sur, par exemple, des aspects politiques ou juridiques. Souhaitez-vous continuer \u00e0 travailler en r\u00e9seau avec d&#8217;autres parties int\u00e9ress\u00e9es par l&#8217;open source dans votre r\u00e9gion ? Contactez le membre du&hellip;","og_url":"https:\/\/www.ch-open.ch\/fr\/sur-ch-open\/comite\/","og_site_name":"CH Open","article_modified_time":"2026-04-19T07:47:42+00:00","og_image":[{"url":"https:\/\/www.ch-open.ch\/wp-content\/uploads\/2024\/04\/Matthias-Stuermer_bw.png","type":"","width":"","height":""}],"twitter_card":"summary_large_image","twitter_site":"@ch_open","twitter_misc":{"Dur\u00e9e de lecture estim\u00e9e":"3 minutes"},"schema":{"@context":"https:\/\/schema.org","@graph":[{"@type":"WebPage","@id":"https:\/\/www.ch-open.ch\/fr\/sur-ch-open\/comite\/","url":"https:\/\/www.ch-open.ch\/fr\/sur-ch-open\/comite\/","name":"Comit\u00e9 &#060; CH Open","isPartOf":{"@id":"https:\/\/www.ch-open.ch\/#website"},"primaryImageOfPage":{"@id":"https:\/\/www.ch-open.ch\/fr\/sur-ch-open\/comite\/#primaryimage"},"image":{"@id":"https:\/\/www.ch-open.ch\/fr\/sur-ch-open\/comite\/#primaryimage"},"thumbnailUrl":"https:\/\/www.ch-open.ch\/wp-content\/uploads\/2024\/04\/Matthias-Stuermer_bw.png","datePublished":"2017-01-20T17:56:15+00:00","dateModified":"2026-04-19T07:47:42+00:00","breadcrumb":{"@id":"https:\/\/www.ch-open.ch\/fr\/sur-ch-open\/comite\/#breadcrumb"},"inLanguage":"fr-FR","potentialAction":[{"@type":"ReadAction","target":["https:\/\/www.ch-open.ch\/fr\/sur-ch-open\/comite\/"]}]},{"@type":"ImageObject","inLanguage":"fr-FR","@id":"https:\/\/www.ch-open.ch\/fr\/sur-ch-open\/comite\/#primaryimage","url":"https:\/\/www.ch-open.ch\/wp-content\/uploads\/2024\/04\/Matthias-Stuermer_bw.png","contentUrl":"https:\/\/www.ch-open.ch\/wp-content\/uploads\/2024\/04\/Matthias-Stuermer_bw.png"},{"@type":"BreadcrumbList","@id":"https:\/\/www.ch-open.ch\/fr\/sur-ch-open\/comite\/#breadcrumb","itemListElement":[{"@type":"ListItem","position":1,"name":"Home","item":"https:\/\/www.ch-open.ch\/fr\/"},{"@type":"ListItem","position":2,"name":"\u00c0 propos CH Open","item":"https:\/\/www.ch-open.ch\/fr\/sur-ch-open\/"},{"@type":"ListItem","position":3,"name":"Comit\u00e9"}]},{"@type":"WebSite","@id":"https:\/\/www.ch-open.ch\/#website","url":"https:\/\/www.ch-open.ch\/","name":"CH Open","description":"Verein CH Open","publisher":{"@id":"https:\/\/www.ch-open.ch\/#organization"},"potentialAction":[{"@type":"SearchAction","target":{"@type":"EntryPoint","urlTemplate":"https:\/\/www.ch-open.ch\/?s={search_term_string}"},"query-input":{"@type":"PropertyValueSpecification","valueRequired":true,"valueName":"search_term_string"}}],"inLanguage":"fr-FR"},{"@type":"Organization","@id":"https:\/\/www.ch-open.ch\/#organization","name":"CH Open","url":"https:\/\/www.ch-open.ch\/","logo":{"@type":"ImageObject","inLanguage":"fr-FR","@id":"https:\/\/www.ch-open.ch\/#\/schema\/logo\/image\/","url":"https:\/\/www.ch-open.ch\/wp-content\/uploads\/2017\/03\/CHOpen_Logo_700.png","contentUrl":"https:\/\/www.ch-open.ch\/wp-content\/uploads\/2017\/03\/CHOpen_Logo_700.png","width":700,"height":256,"caption":"CH Open"},"image":{"@id":"https:\/\/www.ch-open.ch\/#\/schema\/logo\/image\/"},"sameAs":["https:\/\/x.com\/ch_open","https:\/\/www.youtube.com\/user\/openexpo"]}]}},"_links":{"self":[{"href":"https:\/\/www.ch-open.ch\/fr\/wp-json\/wp\/v2\/pages\/5016","targetHints":{"allow":["GET"]}}],"collection":[{"href":"https:\/\/www.ch-open.ch\/fr\/wp-json\/wp\/v2\/pages"}],"about":[{"href":"https:\/\/www.ch-open.ch\/fr\/wp-json\/wp\/v2\/types\/page"}],"author":[{"embeddable":true,"href":"https:\/\/www.ch-open.ch\/fr\/wp-json\/wp\/v2\/users\/1"}],"replies":[{"embeddable":true,"href":"https:\/\/www.ch-open.ch\/fr\/wp-json\/wp\/v2\/comments?post=5016"}],"version-history":[{"count":11,"href":"https:\/\/www.ch-open.ch\/fr\/wp-json\/wp\/v2\/pages\/5016\/revisions"}],"predecessor-version":[{"id":15035,"href":"https:\/\/www.ch-open.ch\/fr\/wp-json\/wp\/v2\/pages\/5016\/revisions\/15035"}],"up":[{"embeddable":true,"href":"https:\/\/www.ch-open.ch\/fr\/wp-json\/wp\/v2\/pages\/1959"}],"wp:attachment":[{"href":"https:\/\/www.ch-open.ch\/fr\/wp-json\/wp\/v2\/media?parent=5016"}],"curies":[{"name":"wp","href":"https:\/\/api.w.org\/{rel}","templated":true}]}}