{"id":5423,"date":"2020-04-14T14:13:51","date_gmt":"2020-04-14T12:13:51","guid":{"rendered":"https:\/\/www.ch-open.ch\/?page_id=5423"},"modified":"2020-04-14T14:27:58","modified_gmt":"2020-04-14T12:27:58","slug":"obl-bern-tracking-tracing-profiling-und-manipulation","status":"publish","type":"page","link":"https:\/\/www.ch-open.ch\/fr\/activites\/open-business-lunch\/obl-bern-tracking-tracing-profiling-und-manipulation\/","title":{"rendered":"OBL Bern: Tracking, Tracing, Profiling und Manipulation"},"content":{"rendered":"<h2>\n\t\tTracking, Tracing, Profiling und Manipulation\n\t<\/h2>\n\t<p>Gibt es eine untersch\u00e4tzte, subtile Form von digitaler Manipulation? Die noch junge Forschung sieht die fehlende Transparenz beim digitalen Profiling als eines der potenziellen Probleme: Dies k\u00f6nne zu Manipulationen f\u00fchren, indem dank umfassendem Wissen \u00fcber Personen gezielt deren Schw\u00e4chen ausgenutzt werden k\u00f6nne, um das Verhalten zu beeinflussen.<\/p>\n<p>Zu den Gegenargumenten geh\u00f6rt etwa, dass Personalisierung und Profiling Zeit sparen. Tracing k\u00f6nne sogar entpersonalisiert erfolgen. &#8220;Maschinen&#8221; w\u00fcrden dank gen\u00fcgend Verhaltensdaten besser und objektiver entscheiden. Ausserdem seien Datensammlungen sicher und w\u00fcrden nicht missbraucht. Manipulation sei nicht neu.<\/p>\n<p>Im Vortrag wird mit Beispielen kurz an die Funktionsweise von Tracking und Profiling, aber auch Contact Tracing erinnert. Geh\u00f6ren diese nun mal zur \u00abDigitalisierung\u00bb? In die komplexe Thematik soll eingef\u00fchrt werden, indem erste Fragen aufgeworfen werden. Der Zusammenhang zu Open Source und zu scheinbaren digitalen Selbstverst\u00e4ndlichkeiten kann vielleicht weitere Diskussionen anstossen. F\u00fcr diese Veranstaltung sind keine speziellen IT-Kenntnisse n\u00f6tig.<\/p>\n<p><strong>Referent<\/strong>:<\/p>\n<p>Robert W\u00fcrgler ist Unternehmer im Bereich Wirtschaftsinformatik und klassische Unternehmensberatung, insbesondere Organisationsarchitektur, Strategie und Ver\u00e4nderungsprozesse bei ICT-Projekten. Er ist Gesch\u00e4ftsleiter a. i. des Projekts &#8220;Cyber and Digital Economy Research Network&#8221;. Zu seinen Lieblingsthemen im Gebiet der \u00abDigitalisierung\u00bb geh\u00f6ren Cyber-, digitale und nicht-digitale Sicherheits\u00f6konomik.<\/p>\n<hr \/>\n<p>Der OBL findet am <strong>Donnerstag, 11. Juni 2020<\/strong> im Haus der Universit\u00e4t, Schl\u00f6sslistrasse 8, 3008 Bern statt:<\/p>\n<ul>\n<li>10.45 &#8211; 11.00 Uhr: Eintreffen<\/li>\n<li>11.00 &#8211; 12.00 Uhr: Begr\u00fcssung, <strong><em>Referat durch Robert W\u00fcrgler, <\/em><\/strong>Q&amp;A<\/li>\n<li>12.00 &#8211; 13.00 Uhr: Mittagessen<\/li>\n<\/ul>\n<p>&nbsp;<\/p>\n<p>Das Mittagessen geht auf eigene Rechnung. Wir freuen uns auf Ihr Kommen.<\/p>\n<p>&nbsp;<\/p>\n<h2>\n\t\tMelden Sie sich jetzt f\u00fcr den OBL an\n\t<\/h2>\n\t<div class=\"wpforms-container \" id=\"wpforms-5432\"><form id=\"wpforms-form-5432\" class=\"wpforms-validate wpforms-form\" data-formid=\"5432\" method=\"post\" enctype=\"multipart\/form-data\" action=\"\/fr\/wp-json\/wp\/v2\/pages\/5423\" data-token=\"c65117e0d33818c730b7dbdff2a3acff\" data-token-time=\"1775419311\"><noscript class=\"wpforms-error-noscript\">Veuillez activer JavaScript dans votre navigateur pour remplir ce formulaire.<\/noscript><div class=\"wpforms-field-container\"><div id=\"wpforms-5432-field_1-container\" class=\"wpforms-field wpforms-field-text\" data-field-id=\"1\"><label class=\"wpforms-field-label\" for=\"wpforms-5432-field_1\">Vorname <span class=\"wpforms-required-label\">*<\/span><\/label><input type=\"text\" id=\"wpforms-5432-field_1\" class=\"wpforms-field-medium wpforms-field-required\" name=\"wpforms[fields][1]\" required><\/div><div id=\"wpforms-5432-field_2-container\" class=\"wpforms-field wpforms-field-text\" data-field-id=\"2\"><label class=\"wpforms-field-label\" for=\"wpforms-5432-field_2\">Nachname <span class=\"wpforms-required-label\">*<\/span><\/label><input type=\"text\" id=\"wpforms-5432-field_2\" class=\"wpforms-field-medium wpforms-field-required\" name=\"wpforms[fields][2]\" required><\/div><div id=\"wpforms-5432-field_4-container\" class=\"wpforms-field wpforms-field-text\" data-field-id=\"4\"><label class=\"wpforms-field-label\" for=\"wpforms-5432-field_4\">Firma<\/label><input type=\"text\" id=\"wpforms-5432-field_4\" class=\"wpforms-field-medium\" name=\"wpforms[fields][4]\" ><\/div><div id=\"wpforms-5432-field_5-container\" class=\"wpforms-field wpforms-field-email\" data-field-id=\"5\"><label class=\"wpforms-field-label\" for=\"wpforms-5432-field_5\">E-Mail <span class=\"wpforms-required-label\">*<\/span><\/label><input type=\"email\" id=\"wpforms-5432-field_5\" class=\"wpforms-field-medium wpforms-field-required\" name=\"wpforms[fields][5]\" spellcheck=\"false\" required><\/div><div id=\"wpforms-5432-field_6-container\" class=\"wpforms-field wpforms-field-textarea\" data-field-id=\"6\"><label class=\"wpforms-field-label\" for=\"wpforms-5432-field_6\">Bemerkungen<\/label><textarea id=\"wpforms-5432-field_6\" class=\"wpforms-field-medium\" name=\"wpforms[fields][6]\" ><\/textarea><\/div><\/div><!-- .wpforms-field-container --><div class=\"wpforms-field wpforms-field-hp\"><label for=\"wpforms-5432-field-hp\" class=\"wpforms-field-label\">Comment<\/label><input type=\"text\" name=\"wpforms[hp]\" id=\"wpforms-5432-field-hp\" class=\"wpforms-field-medium\"><\/div><div class=\"wpforms-recaptcha-container wpforms-is-recaptcha wpforms-is-recaptcha-type-v2\" ><div class=\"g-recaptcha\" data-sitekey=\"6LduvCMUAAAAACzxotqwQL85D9Xc7k3B2mBTnYZP\"><\/div><input type=\"text\" name=\"g-recaptcha-hidden\" class=\"wpforms-recaptcha-hidden\" style=\"position:absolute!important;clip:rect(0,0,0,0)!important;height:1px!important;width:1px!important;border:0!important;overflow:hidden!important;padding:0!important;margin:0!important;\" data-rule-recaptcha=\"1\"><\/div><div class=\"wpforms-submit-container\" ><input type=\"hidden\" name=\"wpforms[id]\" value=\"5432\"><input type=\"hidden\" name=\"page_title\" value=\"\"><input type=\"hidden\" name=\"page_url\" value=\"https:\/\/www.ch-open.ch\/fr\/wp-json\/wp\/v2\/pages\/5423\"><input type=\"hidden\" name=\"url_referer\" value=\"\"><button type=\"submit\" name=\"wpforms[submit]\" id=\"wpforms-submit-5432\" class=\"wpforms-submit\" data-alt-text=\"Anmeldung l\u00e4uft...\" data-submit-text=\"Jetzt verbindlich anmelden\" aria-live=\"assertive\" value=\"wpforms-submit\">Jetzt verbindlich anmelden<\/button><\/div><\/form><\/div>  <!-- .wpforms-container -->\n","protected":false},"excerpt":{"rendered":"<p>Tracking, Tracing, Profiling und Manipulation Gibt es eine untersch\u00e4tzte, subtile Form von digitaler Manipulation? Die noch junge Forschung sieht die fehlende Transparenz beim digitalen Profiling als eines der potenziellen Probleme: Dies k\u00f6nne zu Manipulationen f\u00fchren, indem dank umfassendem Wissen \u00fcber Personen gezielt deren Schw\u00e4chen ausgenutzt werden k\u00f6nne, um das Verhalten zu beeinflussen. Zu den Gegenargumenten&hellip;<\/p>\n","protected":false},"author":122,"featured_media":0,"parent":3037,"menu_order":0,"comment_status":"closed","ping_status":"closed","template":"","meta":{"_acf_changed":false,"footnotes":""},"class_list":["post-5423","page","type-page","status-publish","hentry"],"acf":[],"yoast_head":"<!-- This site is optimized with the Yoast SEO Premium plugin v22.2 (Yoast SEO v27.3) - https:\/\/yoast.com\/product\/yoast-seo-premium-wordpress\/ -->\n<title>OBL Bern: Tracking, Tracing, Profiling und Manipulation &#060; CH Open<\/title>\n<meta name=\"robots\" content=\"index, follow, max-snippet:-1, max-image-preview:large, max-video-preview:-1\" \/>\n<link rel=\"canonical\" href=\"https:\/\/www.ch-open.ch\/fr\/activites\/open-business-lunch\/obl-bern-tracking-tracing-profiling-und-manipulation\/\" \/>\n<meta property=\"og:locale\" content=\"fr_FR\" \/>\n<meta property=\"og:type\" content=\"article\" \/>\n<meta property=\"og:title\" content=\"OBL Bern: Tracking, Tracing, Profiling und Manipulation\" \/>\n<meta property=\"og:description\" content=\"Tracking, Tracing, Profiling und Manipulation Gibt es eine untersch\u00e4tzte, subtile Form von digitaler Manipulation? Die noch junge Forschung sieht die fehlende Transparenz beim digitalen Profiling als eines der potenziellen Probleme: Dies k\u00f6nne zu Manipulationen f\u00fchren, indem dank umfassendem Wissen \u00fcber Personen gezielt deren Schw\u00e4chen ausgenutzt werden k\u00f6nne, um das Verhalten zu beeinflussen. Zu den Gegenargumenten&hellip;\" \/>\n<meta property=\"og:url\" content=\"https:\/\/www.ch-open.ch\/fr\/activites\/open-business-lunch\/obl-bern-tracking-tracing-profiling-und-manipulation\/\" \/>\n<meta property=\"og:site_name\" content=\"CH Open\" \/>\n<meta property=\"article:modified_time\" content=\"2020-04-14T12:27:58+00:00\" \/>\n<meta name=\"twitter:card\" content=\"summary_large_image\" \/>\n<meta name=\"twitter:site\" content=\"@ch_open\" \/>\n<meta name=\"twitter:label1\" content=\"Dur\u00e9e de lecture estim\u00e9e\" \/>\n\t<meta name=\"twitter:data1\" content=\"1 minute\" \/>\n<script type=\"application\/ld+json\" class=\"yoast-schema-graph\">{\"@context\":\"https:\\\/\\\/schema.org\",\"@graph\":[{\"@type\":\"WebPage\",\"@id\":\"https:\\\/\\\/www.ch-open.ch\\\/fr\\\/activites\\\/open-business-lunch\\\/obl-bern-tracking-tracing-profiling-und-manipulation\\\/\",\"url\":\"https:\\\/\\\/www.ch-open.ch\\\/fr\\\/activites\\\/open-business-lunch\\\/obl-bern-tracking-tracing-profiling-und-manipulation\\\/\",\"name\":\"OBL Bern: Tracking, Tracing, Profiling und Manipulation &#060; CH Open\",\"isPartOf\":{\"@id\":\"https:\\\/\\\/www.ch-open.ch\\\/#website\"},\"datePublished\":\"2020-04-14T12:13:51+00:00\",\"dateModified\":\"2020-04-14T12:27:58+00:00\",\"breadcrumb\":{\"@id\":\"https:\\\/\\\/www.ch-open.ch\\\/fr\\\/activites\\\/open-business-lunch\\\/obl-bern-tracking-tracing-profiling-und-manipulation\\\/#breadcrumb\"},\"inLanguage\":\"fr-FR\",\"potentialAction\":[{\"@type\":\"ReadAction\",\"target\":[\"https:\\\/\\\/www.ch-open.ch\\\/fr\\\/activites\\\/open-business-lunch\\\/obl-bern-tracking-tracing-profiling-und-manipulation\\\/\"]}]},{\"@type\":\"BreadcrumbList\",\"@id\":\"https:\\\/\\\/www.ch-open.ch\\\/fr\\\/activites\\\/open-business-lunch\\\/obl-bern-tracking-tracing-profiling-und-manipulation\\\/#breadcrumb\",\"itemListElement\":[{\"@type\":\"ListItem\",\"position\":1,\"name\":\"Home\",\"item\":\"https:\\\/\\\/www.ch-open.ch\\\/fr\\\/\"},{\"@type\":\"ListItem\",\"position\":2,\"name\":\"Activit\u00e9s\",\"item\":\"https:\\\/\\\/www.ch-open.ch\\\/fr\\\/activites\\\/\"},{\"@type\":\"ListItem\",\"position\":3,\"name\":\"CH Open Business Lunch\",\"item\":\"https:\\\/\\\/www.ch-open.ch\\\/fr\\\/activites\\\/open-business-lunch\\\/\"},{\"@type\":\"ListItem\",\"position\":4,\"name\":\"OBL Bern: Tracking, Tracing, Profiling und Manipulation\"}]},{\"@type\":\"WebSite\",\"@id\":\"https:\\\/\\\/www.ch-open.ch\\\/#website\",\"url\":\"https:\\\/\\\/www.ch-open.ch\\\/\",\"name\":\"CH Open\",\"description\":\"Verein CH Open\",\"publisher\":{\"@id\":\"https:\\\/\\\/www.ch-open.ch\\\/#organization\"},\"potentialAction\":[{\"@type\":\"SearchAction\",\"target\":{\"@type\":\"EntryPoint\",\"urlTemplate\":\"https:\\\/\\\/www.ch-open.ch\\\/?s={search_term_string}\"},\"query-input\":{\"@type\":\"PropertyValueSpecification\",\"valueRequired\":true,\"valueName\":\"search_term_string\"}}],\"inLanguage\":\"fr-FR\"},{\"@type\":\"Organization\",\"@id\":\"https:\\\/\\\/www.ch-open.ch\\\/#organization\",\"name\":\"CH Open\",\"url\":\"https:\\\/\\\/www.ch-open.ch\\\/\",\"logo\":{\"@type\":\"ImageObject\",\"inLanguage\":\"fr-FR\",\"@id\":\"https:\\\/\\\/www.ch-open.ch\\\/#\\\/schema\\\/logo\\\/image\\\/\",\"url\":\"https:\\\/\\\/www.ch-open.ch\\\/wp-content\\\/uploads\\\/2017\\\/03\\\/CHOpen_Logo_700.png\",\"contentUrl\":\"https:\\\/\\\/www.ch-open.ch\\\/wp-content\\\/uploads\\\/2017\\\/03\\\/CHOpen_Logo_700.png\",\"width\":700,\"height\":256,\"caption\":\"CH Open\"},\"image\":{\"@id\":\"https:\\\/\\\/www.ch-open.ch\\\/#\\\/schema\\\/logo\\\/image\\\/\"},\"sameAs\":[\"https:\\\/\\\/x.com\\\/ch_open\",\"https:\\\/\\\/www.youtube.com\\\/user\\\/openexpo\"]}]}<\/script>\n<!-- \/ Yoast SEO Premium plugin. -->","yoast_head_json":{"title":"OBL Bern: Tracking, Tracing, Profiling und Manipulation &#060; CH Open","robots":{"index":"index","follow":"follow","max-snippet":"max-snippet:-1","max-image-preview":"max-image-preview:large","max-video-preview":"max-video-preview:-1"},"canonical":"https:\/\/www.ch-open.ch\/fr\/activites\/open-business-lunch\/obl-bern-tracking-tracing-profiling-und-manipulation\/","og_locale":"fr_FR","og_type":"article","og_title":"OBL Bern: Tracking, Tracing, Profiling und Manipulation","og_description":"Tracking, Tracing, Profiling und Manipulation Gibt es eine untersch\u00e4tzte, subtile Form von digitaler Manipulation? Die noch junge Forschung sieht die fehlende Transparenz beim digitalen Profiling als eines der potenziellen Probleme: Dies k\u00f6nne zu Manipulationen f\u00fchren, indem dank umfassendem Wissen \u00fcber Personen gezielt deren Schw\u00e4chen ausgenutzt werden k\u00f6nne, um das Verhalten zu beeinflussen. Zu den Gegenargumenten&hellip;","og_url":"https:\/\/www.ch-open.ch\/fr\/activites\/open-business-lunch\/obl-bern-tracking-tracing-profiling-und-manipulation\/","og_site_name":"CH Open","article_modified_time":"2020-04-14T12:27:58+00:00","twitter_card":"summary_large_image","twitter_site":"@ch_open","twitter_misc":{"Dur\u00e9e de lecture estim\u00e9e":"1 minute"},"schema":{"@context":"https:\/\/schema.org","@graph":[{"@type":"WebPage","@id":"https:\/\/www.ch-open.ch\/fr\/activites\/open-business-lunch\/obl-bern-tracking-tracing-profiling-und-manipulation\/","url":"https:\/\/www.ch-open.ch\/fr\/activites\/open-business-lunch\/obl-bern-tracking-tracing-profiling-und-manipulation\/","name":"OBL Bern: Tracking, Tracing, Profiling und Manipulation &#060; CH Open","isPartOf":{"@id":"https:\/\/www.ch-open.ch\/#website"},"datePublished":"2020-04-14T12:13:51+00:00","dateModified":"2020-04-14T12:27:58+00:00","breadcrumb":{"@id":"https:\/\/www.ch-open.ch\/fr\/activites\/open-business-lunch\/obl-bern-tracking-tracing-profiling-und-manipulation\/#breadcrumb"},"inLanguage":"fr-FR","potentialAction":[{"@type":"ReadAction","target":["https:\/\/www.ch-open.ch\/fr\/activites\/open-business-lunch\/obl-bern-tracking-tracing-profiling-und-manipulation\/"]}]},{"@type":"BreadcrumbList","@id":"https:\/\/www.ch-open.ch\/fr\/activites\/open-business-lunch\/obl-bern-tracking-tracing-profiling-und-manipulation\/#breadcrumb","itemListElement":[{"@type":"ListItem","position":1,"name":"Home","item":"https:\/\/www.ch-open.ch\/fr\/"},{"@type":"ListItem","position":2,"name":"Activit\u00e9s","item":"https:\/\/www.ch-open.ch\/fr\/activites\/"},{"@type":"ListItem","position":3,"name":"CH Open Business Lunch","item":"https:\/\/www.ch-open.ch\/fr\/activites\/open-business-lunch\/"},{"@type":"ListItem","position":4,"name":"OBL Bern: Tracking, Tracing, Profiling und Manipulation"}]},{"@type":"WebSite","@id":"https:\/\/www.ch-open.ch\/#website","url":"https:\/\/www.ch-open.ch\/","name":"CH Open","description":"Verein CH Open","publisher":{"@id":"https:\/\/www.ch-open.ch\/#organization"},"potentialAction":[{"@type":"SearchAction","target":{"@type":"EntryPoint","urlTemplate":"https:\/\/www.ch-open.ch\/?s={search_term_string}"},"query-input":{"@type":"PropertyValueSpecification","valueRequired":true,"valueName":"search_term_string"}}],"inLanguage":"fr-FR"},{"@type":"Organization","@id":"https:\/\/www.ch-open.ch\/#organization","name":"CH Open","url":"https:\/\/www.ch-open.ch\/","logo":{"@type":"ImageObject","inLanguage":"fr-FR","@id":"https:\/\/www.ch-open.ch\/#\/schema\/logo\/image\/","url":"https:\/\/www.ch-open.ch\/wp-content\/uploads\/2017\/03\/CHOpen_Logo_700.png","contentUrl":"https:\/\/www.ch-open.ch\/wp-content\/uploads\/2017\/03\/CHOpen_Logo_700.png","width":700,"height":256,"caption":"CH Open"},"image":{"@id":"https:\/\/www.ch-open.ch\/#\/schema\/logo\/image\/"},"sameAs":["https:\/\/x.com\/ch_open","https:\/\/www.youtube.com\/user\/openexpo"]}]}},"_links":{"self":[{"href":"https:\/\/www.ch-open.ch\/fr\/wp-json\/wp\/v2\/pages\/5423","targetHints":{"allow":["GET"]}}],"collection":[{"href":"https:\/\/www.ch-open.ch\/fr\/wp-json\/wp\/v2\/pages"}],"about":[{"href":"https:\/\/www.ch-open.ch\/fr\/wp-json\/wp\/v2\/types\/page"}],"author":[{"embeddable":true,"href":"https:\/\/www.ch-open.ch\/fr\/wp-json\/wp\/v2\/users\/122"}],"replies":[{"embeddable":true,"href":"https:\/\/www.ch-open.ch\/fr\/wp-json\/wp\/v2\/comments?post=5423"}],"version-history":[{"count":3,"href":"https:\/\/www.ch-open.ch\/fr\/wp-json\/wp\/v2\/pages\/5423\/revisions"}],"predecessor-version":[{"id":5438,"href":"https:\/\/www.ch-open.ch\/fr\/wp-json\/wp\/v2\/pages\/5423\/revisions\/5438"}],"up":[{"embeddable":true,"href":"https:\/\/www.ch-open.ch\/fr\/wp-json\/wp\/v2\/pages\/3037"}],"wp:attachment":[{"href":"https:\/\/www.ch-open.ch\/fr\/wp-json\/wp\/v2\/media?parent=5423"}],"curies":[{"name":"wp","href":"https:\/\/api.w.org\/{rel}","templated":true}]}}