{"id":5588,"date":"2020-05-14T14:04:46","date_gmt":"2020-05-14T12:04:46","guid":{"rendered":"https:\/\/www.ch-open.ch\/?page_id=5588"},"modified":"2026-04-10T13:31:12","modified_gmt":"2026-04-10T11:31:12","slug":"bigbluebutton","status":"publish","type":"page","link":"https:\/\/www.ch-open.ch\/fr\/bigbluebutton\/","title":{"rendered":"Open Source-Video-Konferenz BigBlueButton"},"content":{"rendered":"\n<h1>\n\t\t<a href=\"https:\/\/bbb.ch-open.ch\" title=\"BigBlueButton Video-Konferenz-Server von CH Open\" target=\"_blank\" rel=\"noopener\">\n\t\t\tBigBlueButton Video-Konferenz-Server von CH Open\t\t<\/a>\n\t<\/h1>\n\t<h3><a href=\"https:\/\/bbb.ch-open.ch\/\" target=\"_blank\" rel=\"noopener\">bbb.ch-open.ch<\/a><\/h3>\n<p>BigBlueButton ist eine datenschutzkonforme und sichere Alternative zu Microsoft Teams, Zoom und co. Alle Daten bleiben in der Schweiz. Dank der Unterst\u00fctzung durch <a href=\"https:\/\/www.deployed.ch\/\" target=\"_blank\" rel=\"noopener\">Deployed<\/a> kann CH Open einen eigenen Open Source-basierten Video-Konferenz-Server mit <a href=\"https:\/\/bigbluebutton.org\/\">BigBlueButton<\/a> anbieten.<\/p>\n<p><strong>Vielen Dank!<\/strong><\/p>\n<figure>\n\t\t\t\t<a href=\"https:\/\/www.deployed.ch\/\" target=\"_blank\" rel=\"noopener\">\n\t\t\t\t<img decoding=\"async\" src=\"https:\/\/www.ch-open.ch\/wp-content\/uploads\/2026\/04\/3172-536-max-scaled.png\" alt=\"deployed-bbb\" height=\"346\" width=\"2048\" title=\"deployed-bbb\" loading=\"lazy\" \/>\n\t\t\t\t<\/a>\n\t<\/figure>\n\t<p>BigBlueButton baut auf einer benutzerfreundlichen Oberfl\u00e4che auf. Neben dem Austausch via Audio und Video k\u00f6nnen \u00fcber BigBlueButton auch in Echtzeit Videos, Tonaufnahmen, Pr\u00e4sentationen, Bildschirme und Chats geteilt werden.<\/p>\n\t\t\t<a href=\"https:\/\/bbb.ch-open.ch\" target=\"_blank\" rel=\"noopener\">\n\t\t\t\t\t\tBigBlueButton ausprobieren\n\t\t\t\t\t<\/a>\n\t\t\t<a href=\"https:\/\/www.ch-open.ch\/bigbluebutton\/angebot-bigbluebutton-server\/\" target=\"_blank\" rel=\"noopener\">\n\t\t\t\t\t\tAngebot eigener BigBlueButton Server\n\t\t\t\t\t<\/a>\n\t\t\t<a href=\"https:\/\/www.ch-open.ch\/bigbluebutton\/angebot-bigbluebutton-support\/\" target=\"_blank\" rel=\"noopener\">\n\t\t\t\t\t\tAngebot Support BigBlueButton\n\t\t\t\t\t<\/a>\n\tDie BigBlueButton-Instanz von CH Open steht allen kostenlos zur Verf\u00fcgung. Probieren Sie es aus und \u00fcberzeugen Sie sich selbst von der Benutzerfreundlichkeit dieses Open Source-Produkts. Zur Registrierung ist lediglich eine E-Mail-Adresse notwendig.\nDer Serverbetrieb wird durch <a href=\"https:\/\/www.deployed.ch\/\" target=\"_blank\" rel=\"noopener\">Deployed<\/a> sichergestellt. Das Angebot wird nach dem \u201eBest Effort&#8221;-Prinzip betrieben, um Open Source erlebbar zu machen. Im <a href=\"https:\/\/www.ossdirectory.com\/de\/home\" target=\"_blank\" rel=\"noopener\">OSS Directory<\/a> finden Sie Firmen, welche BigBlueButton kommerziell anbieten.\u00a0Weiterhin freuen wir uns \u00fcber <a href=\"https:\/\/www.ch-open.ch\/fr\/contact\/\" target=\"_blank\" rel=\"noopener\">Spenden<\/a> von begeisterten Usern. Auch mit einer <a href=\"https:\/\/www.ch-open.ch\/fr\/sur-ch-open\/les-membres\/\" target=\"_blank\" rel=\"noopener\">Mitgliedschaft bei CH Open<\/a> k\u00f6nnen Sie Projekte wie dieses unterst\u00fctzen und gemeinsam mit uns wachsen!\n<p>Weitere Informationen zum BigBlueButton-Server von CH Open und Deployed erteilt CH Open Pr\u00e4sident Prof. Dr. Matthias St\u00fcrmer, <a href=\"mailto:matthias.stuermer@ch-open.ch\">matthias.stuermer@ch-open.ch<\/a><\/p>\n<p>Viel Vergn\u00fcgen beim Ausprobieren!<\/p>\n\n","protected":false},"excerpt":{"rendered":"<p>BigBlueButton Video-Konferenz-Server von CH Open bbb.ch-open.ch BigBlueButton ist eine datenschutzkonforme und sichere Alternative zu Microsoft Teams, Zoom und co. Alle Daten bleiben in der Schweiz. Dank der Unterst\u00fctzung durch Deployed kann CH Open einen eigenen Open Source-basierten Video-Konferenz-Server mit BigBlueButton anbieten. Vielen Dank! BigBlueButton baut auf einer benutzerfreundlichen Oberfl\u00e4che auf. Neben dem Austausch via Audio&hellip;<\/p>\n","protected":false},"author":122,"featured_media":14989,"parent":0,"menu_order":0,"comment_status":"closed","ping_status":"closed","template":"","meta":{"_acf_changed":false,"footnotes":""},"class_list":["post-5588","page","type-page","status-publish","has-post-thumbnail","hentry"],"acf":[],"yoast_head":"<!-- This site is optimized with the Yoast SEO Premium plugin v22.2 (Yoast SEO v27.3) - https:\/\/yoast.com\/product\/yoast-seo-premium-wordpress\/ -->\n<title>Open Source-Video-Konferenz BigBlueButton &#060; CH Open<\/title>\n<meta name=\"robots\" content=\"index, follow, max-snippet:-1, max-image-preview:large, max-video-preview:-1\" \/>\n<link rel=\"canonical\" href=\"https:\/\/www.ch-open.ch\/fr\/bigbluebutton\/\" \/>\n<meta property=\"og:locale\" content=\"fr_FR\" \/>\n<meta property=\"og:type\" content=\"article\" \/>\n<meta property=\"og:title\" content=\"Open Source-Video-Konferenz BigBlueButton\" \/>\n<meta property=\"og:description\" content=\"BigBlueButton Video-Konferenz-Server von CH Open bbb.ch-open.ch BigBlueButton ist eine datenschutzkonforme und sichere Alternative zu Microsoft Teams, Zoom und co. Alle Daten bleiben in der Schweiz. Dank der Unterst\u00fctzung durch Deployed kann CH Open einen eigenen Open Source-basierten Video-Konferenz-Server mit BigBlueButton anbieten. Vielen Dank! BigBlueButton baut auf einer benutzerfreundlichen Oberfl\u00e4che auf. Neben dem Austausch via Audio&hellip;\" \/>\n<meta property=\"og:url\" content=\"https:\/\/www.ch-open.ch\/fr\/bigbluebutton\/\" \/>\n<meta property=\"og:site_name\" content=\"CH Open\" \/>\n<meta property=\"article:modified_time\" content=\"2026-04-10T11:31:12+00:00\" \/>\n<meta property=\"og:image\" content=\"https:\/\/www.ch-open.ch\/wp-content\/uploads\/2026\/04\/3172-536-max-scaled.png\" \/>\n\t<meta property=\"og:image:width\" content=\"2048\" \/>\n\t<meta property=\"og:image:height\" content=\"346\" \/>\n\t<meta property=\"og:image:type\" content=\"image\/png\" \/>\n<meta name=\"twitter:card\" content=\"summary_large_image\" \/>\n<meta name=\"twitter:site\" content=\"@ch_open\" \/>\n<meta name=\"twitter:label1\" content=\"Dur\u00e9e de lecture estim\u00e9e\" \/>\n\t<meta name=\"twitter:data1\" content=\"3 minutes\" \/>\n<script type=\"application\/ld+json\" class=\"yoast-schema-graph\">{\"@context\":\"https:\\\/\\\/schema.org\",\"@graph\":[{\"@type\":\"WebPage\",\"@id\":\"https:\\\/\\\/www.ch-open.ch\\\/fr\\\/bigbluebutton\\\/\",\"url\":\"https:\\\/\\\/www.ch-open.ch\\\/fr\\\/bigbluebutton\\\/\",\"name\":\"Open Source-Video-Konferenz BigBlueButton &#060; CH Open\",\"isPartOf\":{\"@id\":\"https:\\\/\\\/www.ch-open.ch\\\/#website\"},\"primaryImageOfPage\":{\"@id\":\"https:\\\/\\\/www.ch-open.ch\\\/fr\\\/bigbluebutton\\\/#primaryimage\"},\"image\":{\"@id\":\"https:\\\/\\\/www.ch-open.ch\\\/fr\\\/bigbluebutton\\\/#primaryimage\"},\"thumbnailUrl\":\"https:\\\/\\\/www.ch-open.ch\\\/wp-content\\\/uploads\\\/2026\\\/04\\\/3172-536-max-scaled.png\",\"datePublished\":\"2020-05-14T12:04:46+00:00\",\"dateModified\":\"2026-04-10T11:31:12+00:00\",\"breadcrumb\":{\"@id\":\"https:\\\/\\\/www.ch-open.ch\\\/fr\\\/bigbluebutton\\\/#breadcrumb\"},\"inLanguage\":\"fr-FR\",\"potentialAction\":[{\"@type\":\"ReadAction\",\"target\":[\"https:\\\/\\\/www.ch-open.ch\\\/fr\\\/bigbluebutton\\\/\"]}]},{\"@type\":\"ImageObject\",\"inLanguage\":\"fr-FR\",\"@id\":\"https:\\\/\\\/www.ch-open.ch\\\/fr\\\/bigbluebutton\\\/#primaryimage\",\"url\":\"https:\\\/\\\/www.ch-open.ch\\\/wp-content\\\/uploads\\\/2026\\\/04\\\/3172-536-max-scaled.png\",\"contentUrl\":\"https:\\\/\\\/www.ch-open.ch\\\/wp-content\\\/uploads\\\/2026\\\/04\\\/3172-536-max-scaled.png\",\"width\":2048,\"height\":346},{\"@type\":\"BreadcrumbList\",\"@id\":\"https:\\\/\\\/www.ch-open.ch\\\/fr\\\/bigbluebutton\\\/#breadcrumb\",\"itemListElement\":[{\"@type\":\"ListItem\",\"position\":1,\"name\":\"Home\",\"item\":\"https:\\\/\\\/www.ch-open.ch\\\/fr\\\/\"},{\"@type\":\"ListItem\",\"position\":2,\"name\":\"Open Source-Video-Konferenz BigBlueButton\"}]},{\"@type\":\"WebSite\",\"@id\":\"https:\\\/\\\/www.ch-open.ch\\\/#website\",\"url\":\"https:\\\/\\\/www.ch-open.ch\\\/\",\"name\":\"CH Open\",\"description\":\"Verein CH Open\",\"publisher\":{\"@id\":\"https:\\\/\\\/www.ch-open.ch\\\/#organization\"},\"potentialAction\":[{\"@type\":\"SearchAction\",\"target\":{\"@type\":\"EntryPoint\",\"urlTemplate\":\"https:\\\/\\\/www.ch-open.ch\\\/?s={search_term_string}\"},\"query-input\":{\"@type\":\"PropertyValueSpecification\",\"valueRequired\":true,\"valueName\":\"search_term_string\"}}],\"inLanguage\":\"fr-FR\"},{\"@type\":\"Organization\",\"@id\":\"https:\\\/\\\/www.ch-open.ch\\\/#organization\",\"name\":\"CH Open\",\"url\":\"https:\\\/\\\/www.ch-open.ch\\\/\",\"logo\":{\"@type\":\"ImageObject\",\"inLanguage\":\"fr-FR\",\"@id\":\"https:\\\/\\\/www.ch-open.ch\\\/#\\\/schema\\\/logo\\\/image\\\/\",\"url\":\"https:\\\/\\\/www.ch-open.ch\\\/wp-content\\\/uploads\\\/2017\\\/03\\\/CHOpen_Logo_700.png\",\"contentUrl\":\"https:\\\/\\\/www.ch-open.ch\\\/wp-content\\\/uploads\\\/2017\\\/03\\\/CHOpen_Logo_700.png\",\"width\":700,\"height\":256,\"caption\":\"CH Open\"},\"image\":{\"@id\":\"https:\\\/\\\/www.ch-open.ch\\\/#\\\/schema\\\/logo\\\/image\\\/\"},\"sameAs\":[\"https:\\\/\\\/x.com\\\/ch_open\",\"https:\\\/\\\/www.youtube.com\\\/user\\\/openexpo\"]}]}<\/script>\n<!-- \/ Yoast SEO Premium plugin. -->","yoast_head_json":{"title":"Open Source-Video-Konferenz BigBlueButton &#060; CH Open","robots":{"index":"index","follow":"follow","max-snippet":"max-snippet:-1","max-image-preview":"max-image-preview:large","max-video-preview":"max-video-preview:-1"},"canonical":"https:\/\/www.ch-open.ch\/fr\/bigbluebutton\/","og_locale":"fr_FR","og_type":"article","og_title":"Open Source-Video-Konferenz BigBlueButton","og_description":"BigBlueButton Video-Konferenz-Server von CH Open bbb.ch-open.ch BigBlueButton ist eine datenschutzkonforme und sichere Alternative zu Microsoft Teams, Zoom und co. Alle Daten bleiben in der Schweiz. Dank der Unterst\u00fctzung durch Deployed kann CH Open einen eigenen Open Source-basierten Video-Konferenz-Server mit BigBlueButton anbieten. Vielen Dank! BigBlueButton baut auf einer benutzerfreundlichen Oberfl\u00e4che auf. Neben dem Austausch via Audio&hellip;","og_url":"https:\/\/www.ch-open.ch\/fr\/bigbluebutton\/","og_site_name":"CH Open","article_modified_time":"2026-04-10T11:31:12+00:00","og_image":[{"width":2048,"height":346,"url":"https:\/\/www.ch-open.ch\/wp-content\/uploads\/2026\/04\/3172-536-max-scaled.png","type":"image\/png"}],"twitter_card":"summary_large_image","twitter_site":"@ch_open","twitter_misc":{"Dur\u00e9e de lecture estim\u00e9e":"3 minutes"},"schema":{"@context":"https:\/\/schema.org","@graph":[{"@type":"WebPage","@id":"https:\/\/www.ch-open.ch\/fr\/bigbluebutton\/","url":"https:\/\/www.ch-open.ch\/fr\/bigbluebutton\/","name":"Open Source-Video-Konferenz BigBlueButton &#060; CH Open","isPartOf":{"@id":"https:\/\/www.ch-open.ch\/#website"},"primaryImageOfPage":{"@id":"https:\/\/www.ch-open.ch\/fr\/bigbluebutton\/#primaryimage"},"image":{"@id":"https:\/\/www.ch-open.ch\/fr\/bigbluebutton\/#primaryimage"},"thumbnailUrl":"https:\/\/www.ch-open.ch\/wp-content\/uploads\/2026\/04\/3172-536-max-scaled.png","datePublished":"2020-05-14T12:04:46+00:00","dateModified":"2026-04-10T11:31:12+00:00","breadcrumb":{"@id":"https:\/\/www.ch-open.ch\/fr\/bigbluebutton\/#breadcrumb"},"inLanguage":"fr-FR","potentialAction":[{"@type":"ReadAction","target":["https:\/\/www.ch-open.ch\/fr\/bigbluebutton\/"]}]},{"@type":"ImageObject","inLanguage":"fr-FR","@id":"https:\/\/www.ch-open.ch\/fr\/bigbluebutton\/#primaryimage","url":"https:\/\/www.ch-open.ch\/wp-content\/uploads\/2026\/04\/3172-536-max-scaled.png","contentUrl":"https:\/\/www.ch-open.ch\/wp-content\/uploads\/2026\/04\/3172-536-max-scaled.png","width":2048,"height":346},{"@type":"BreadcrumbList","@id":"https:\/\/www.ch-open.ch\/fr\/bigbluebutton\/#breadcrumb","itemListElement":[{"@type":"ListItem","position":1,"name":"Home","item":"https:\/\/www.ch-open.ch\/fr\/"},{"@type":"ListItem","position":2,"name":"Open Source-Video-Konferenz BigBlueButton"}]},{"@type":"WebSite","@id":"https:\/\/www.ch-open.ch\/#website","url":"https:\/\/www.ch-open.ch\/","name":"CH Open","description":"Verein CH Open","publisher":{"@id":"https:\/\/www.ch-open.ch\/#organization"},"potentialAction":[{"@type":"SearchAction","target":{"@type":"EntryPoint","urlTemplate":"https:\/\/www.ch-open.ch\/?s={search_term_string}"},"query-input":{"@type":"PropertyValueSpecification","valueRequired":true,"valueName":"search_term_string"}}],"inLanguage":"fr-FR"},{"@type":"Organization","@id":"https:\/\/www.ch-open.ch\/#organization","name":"CH Open","url":"https:\/\/www.ch-open.ch\/","logo":{"@type":"ImageObject","inLanguage":"fr-FR","@id":"https:\/\/www.ch-open.ch\/#\/schema\/logo\/image\/","url":"https:\/\/www.ch-open.ch\/wp-content\/uploads\/2017\/03\/CHOpen_Logo_700.png","contentUrl":"https:\/\/www.ch-open.ch\/wp-content\/uploads\/2017\/03\/CHOpen_Logo_700.png","width":700,"height":256,"caption":"CH Open"},"image":{"@id":"https:\/\/www.ch-open.ch\/#\/schema\/logo\/image\/"},"sameAs":["https:\/\/x.com\/ch_open","https:\/\/www.youtube.com\/user\/openexpo"]}]}},"_links":{"self":[{"href":"https:\/\/www.ch-open.ch\/fr\/wp-json\/wp\/v2\/pages\/5588","targetHints":{"allow":["GET"]}}],"collection":[{"href":"https:\/\/www.ch-open.ch\/fr\/wp-json\/wp\/v2\/pages"}],"about":[{"href":"https:\/\/www.ch-open.ch\/fr\/wp-json\/wp\/v2\/types\/page"}],"author":[{"embeddable":true,"href":"https:\/\/www.ch-open.ch\/fr\/wp-json\/wp\/v2\/users\/122"}],"replies":[{"embeddable":true,"href":"https:\/\/www.ch-open.ch\/fr\/wp-json\/wp\/v2\/comments?post=5588"}],"version-history":[{"count":11,"href":"https:\/\/www.ch-open.ch\/fr\/wp-json\/wp\/v2\/pages\/5588\/revisions"}],"predecessor-version":[{"id":15003,"href":"https:\/\/www.ch-open.ch\/fr\/wp-json\/wp\/v2\/pages\/5588\/revisions\/15003"}],"wp:featuredmedia":[{"embeddable":true,"href":"https:\/\/www.ch-open.ch\/fr\/wp-json\/wp\/v2\/media\/14989"}],"wp:attachment":[{"href":"https:\/\/www.ch-open.ch\/fr\/wp-json\/wp\/v2\/media?parent=5588"}],"curies":[{"name":"wp","href":"https:\/\/api.w.org\/{rel}","templated":true}]}}